{"id":753775,"date":"2025-08-28T05:52:25","date_gmt":"2025-08-28T02:52:25","guid":{"rendered":"https:\/\/roveyayinevi.com.tr\/index.php\/urun\/acaip\/"},"modified":"2026-04-16T03:07:18","modified_gmt":"2026-04-16T00:07:18","slug":"acaip","status":"publish","type":"product","link":"https:\/\/roveyayinevi.com.tr\/index.php\/urun\/acaip\/","title":{"rendered":"Acaip"},"content":{"rendered":"<p>\u00c7\u00fcnk\u00fc senin her \u015feyin bula\u015f\u0131c\u0131d\u0131r G\u00fczin. Sen g\u00fclersen bakkal g\u00fcler, taksici g\u00fcler, elinde tav\u015fan balonuyla yan\u0131ndan ge\u00e7en \u00e7ocuk g\u00fcler, dilenci kad\u0131n g\u00fcler, otob\u00fcs\u00fcn cam\u0131ndan yar\u0131 \u00f6l\u00fc yorgun y\u00fcz\u00fcyle d\u0131\u015far\u0131y\u0131 izleyen dede g\u00fcler, su g\u00fcler, hava g\u00fcler, kar g\u00fcler, \u015fehir g\u00fcler, sokak g\u00fcler. Sen \u00fcz\u00fcld\u00fcn m\u00fc g\u00fcne\u015f bile \u00e7\u0131kmaz. Ya\u011fmur ya\u011far \u00fc\u00e7 g\u00fcn \u00fcst \u00fcste. Bulutlar b\u0131rakmaz g\u00fcne\u015fi kendini g\u00f6stersin. Sen ac\u0131kt\u0131n m\u0131 a\u015fevlerinin \u00f6n\u00fc, lokantalar\u0131n kap\u0131s\u0131, k\u00f6ftecilerin arabalar\u0131 kuyruk olur. Sen \u015fa\u015f\u0131r\u0131rsan G\u00fcne\u015f tutulur, Ay tutulur, g\u00f6kte milyarlarca y\u0131ld\u0131r d\u00f6nenen onca cismin akl\u0131 kar\u0131\u015f\u0131r. Sen seversen senin sevgin t\u00fcm d\u00fcnyaya yeter. T\u00fcm d\u00fcnyadan aynaya tutulmu\u015f \u0131\u015f\u0131k gibi sana geri d\u00f6ner.Uzun y\u0131llard\u0131r okumaya hasret kald\u0131\u011f\u0131m\u0131z t\u00fcrde s\u0131cak bir a\u015fk hik\u00e2yesi, d\u00fcnyan\u0131n farkl\u0131 co\u011frafyalar\u0131ndan gelmi\u015f, birbirinden garip insanlar\u0131n esrarengiz hik\u00e2yeleriyle bulu\u015fuyor. Karanl\u0131k denizler, \u00fcrk\u00fct\u00fcc\u00fc maceralar, mitolojik fig\u00fcrler, korkun\u00e7 mahluklar\u2026 Hepsi birbirinden \u201cacaip\u201d bu hik\u00e2yeler, Ankara\u2019n\u0131n en karanl\u0131k taraf\u0131nda kalan karanl\u0131k olaylara kar\u0131\u015f\u0131yor, i\u00e7inde ne i\u015fler \u00e7evrildi\u011fini anlayamad\u0131\u011f\u0131m\u0131z bir \u00e7eviri b\u00fcrosunda Samim ile G\u00fczin\u2019in sonsuz a\u015fk\u0131na \u00e7evre oluyor.Mahir \u00dcnsal Eri\u015f, serinin ilk kitab\u0131 Gaip\u2019te aralad\u0131\u011f\u0131 s\u0131r perdesinin ard\u0131ndan Acaip\u2019le ilerliyor.<\/p>\n","protected":false},"excerpt":{"rendered":"<p>\u00c7\u00fcnk\u00fc senin her \u015feyin bula\u015f\u0131c\u0131d\u0131r G\u00fczin. Sen g\u00fclersen bakkal g\u00fcler, taksici g\u00fcler, elinde tav\u015fan balonuyla yan\u0131ndan ge\u00e7en \u00e7ocuk g\u00fcler, dilenci kad\u0131n g\u00fcler, otob\u00fcs\u00fcn cam\u0131ndan yar\u0131 \u00f6l\u00fc<span class=\"excerpt-hellip\"> [\u2026]<\/span><\/p>\n","protected":false},"featured_media":0,"template":"","meta":{"_monsterinsights_skip_tracking":false,"_monsterinsights_sitenote_active":false,"_monsterinsights_sitenote_note":"","_monsterinsights_sitenote_category":0},"product_brand":[],"product_cat":[12291,18202],"product_tag":[],"class_list":{"0":"post-753775","1":"product","2":"type-product","3":"status-publish","5":"product_cat-edebiyat","6":"product_cat-hikaye","7":"pa_cilt-ciltsiz","8":"pa_tur-kitap","9":"pa_yayinevi-can-yayinlari","10":"pa_yazar-mahir-unsal-eris","12":"first","13":"instock","14":"sale","15":"shipping-taxable","16":"purchasable","17":"product-type-simple"},"_links":{"self":[{"href":"https:\/\/roveyayinevi.com.tr\/index.php\/wp-json\/wp\/v2\/product\/753775","targetHints":{"allow":["GET"]}}],"collection":[{"href":"https:\/\/roveyayinevi.com.tr\/index.php\/wp-json\/wp\/v2\/product"}],"about":[{"href":"https:\/\/roveyayinevi.com.tr\/index.php\/wp-json\/wp\/v2\/types\/product"}],"wp:attachment":[{"href":"https:\/\/roveyayinevi.com.tr\/index.php\/wp-json\/wp\/v2\/media?parent=753775"}],"wp:term":[{"taxonomy":"product_brand","embeddable":true,"href":"https:\/\/roveyayinevi.com.tr\/index.php\/wp-json\/wp\/v2\/product_brand?post=753775"},{"taxonomy":"product_cat","embeddable":true,"href":"https:\/\/roveyayinevi.com.tr\/index.php\/wp-json\/wp\/v2\/product_cat?post=753775"},{"taxonomy":"product_tag","embeddable":true,"href":"https:\/\/roveyayinevi.com.tr\/index.php\/wp-json\/wp\/v2\/product_tag?post=753775"}],"curies":[{"name":"wp","href":"https:\/\/api.w.org\/{rel}","templated":true}]}}