{"id":753764,"date":"2025-08-28T05:52:11","date_gmt":"2025-08-28T02:52:11","guid":{"rendered":"https:\/\/roveyayinevi.com.tr\/index.php\/urun\/alanin-savasi\/"},"modified":"2026-04-16T03:07:18","modified_gmt":"2026-04-16T00:07:18","slug":"alanin-savasi","status":"publish","type":"product","link":"https:\/\/roveyayinevi.com.tr\/index.php\/urun\/alanin-savasi\/","title":{"rendered":"Alan\u2019\u0131n Sava\u015f\u0131"},"content":{"rendered":"<p>Sava\u015f\u0131n y\u0131k\u0131c\u0131l\u0131\u011f\u0131 ve insan\u0131n her ko\u015fulda, her zorlukta, hatta siperde sava\u015f\u0131rken bile kendisini yeniden yaratabilmesinin g\u00fcc\u00fc \u00fczerine ilham verici bir eser.   Alan Ingram Cope\u2019un an\u0131lar\u0131ndan uyarlanan bu \u00e7izgi romanda, Emmanuel Guibert hem yazar hem de ill\u00fcstrat\u00f6r kimli\u011fi ile ak\u0131llara kaz\u0131nacak bir i\u015fe imza at\u0131yor.   2. D\u00fcnya Sava\u015f\u0131\u2019n\u0131n tam kalbinde, bombalar\u0131n ve silahlar\u0131n patlad\u0131\u011f\u0131 sava\u015f alanlar\u0131na paralel k\u00f6y ve kasabalardaki g\u00fcnl\u00fck hayata da \u015fahitlik ediyoruz bu ger\u00e7ek\u00e7i ve lirik anlat\u0131da. <\/p>\n","protected":false},"excerpt":{"rendered":"<p>Sava\u015f\u0131n y\u0131k\u0131c\u0131l\u0131\u011f\u0131 ve insan\u0131n her ko\u015fulda, her zorlukta, hatta siperde sava\u015f\u0131rken bile kendisini yeniden yaratabilmesinin g\u00fcc\u00fc \u00fczerine ilham verici bir eser. Alan Ingram Cope\u2019un an\u0131lar\u0131ndan uyarlanan<span class=\"excerpt-hellip\"> [\u2026]<\/span><\/p>\n","protected":false},"featured_media":0,"template":"","meta":{"_monsterinsights_skip_tracking":false,"_monsterinsights_sitenote_active":false,"_monsterinsights_sitenote_note":"","_monsterinsights_sitenote_category":0},"product_brand":[],"product_cat":[12416,12291],"product_tag":[],"class_list":{"0":"post-753764","1":"product","2":"type-product","3":"status-publish","5":"product_cat-cizgi-roman","6":"product_cat-edebiyat","7":"pa_cilt-ciltsiz","8":"pa_tur-kitap","9":"pa_yayinevi-kara-karga-yayinlari","10":"pa_yazar-emmanuel-guibert","12":"first","13":"instock","14":"sale","15":"shipping-taxable","16":"purchasable","17":"product-type-simple"},"_links":{"self":[{"href":"https:\/\/roveyayinevi.com.tr\/index.php\/wp-json\/wp\/v2\/product\/753764","targetHints":{"allow":["GET"]}}],"collection":[{"href":"https:\/\/roveyayinevi.com.tr\/index.php\/wp-json\/wp\/v2\/product"}],"about":[{"href":"https:\/\/roveyayinevi.com.tr\/index.php\/wp-json\/wp\/v2\/types\/product"}],"wp:attachment":[{"href":"https:\/\/roveyayinevi.com.tr\/index.php\/wp-json\/wp\/v2\/media?parent=753764"}],"wp:term":[{"taxonomy":"product_brand","embeddable":true,"href":"https:\/\/roveyayinevi.com.tr\/index.php\/wp-json\/wp\/v2\/product_brand?post=753764"},{"taxonomy":"product_cat","embeddable":true,"href":"https:\/\/roveyayinevi.com.tr\/index.php\/wp-json\/wp\/v2\/product_cat?post=753764"},{"taxonomy":"product_tag","embeddable":true,"href":"https:\/\/roveyayinevi.com.tr\/index.php\/wp-json\/wp\/v2\/product_tag?post=753764"}],"curies":[{"name":"wp","href":"https:\/\/api.w.org\/{rel}","templated":true}]}}