{"id":753761,"date":"2025-08-28T05:52:06","date_gmt":"2025-08-28T02:52:06","guid":{"rendered":"https:\/\/roveyayinevi.com.tr\/index.php\/urun\/kilitsiz-kapilar\/"},"modified":"2026-04-16T03:07:18","modified_gmt":"2026-04-16T00:07:18","slug":"kilitsiz-kapilar","status":"publish","type":"product","link":"https:\/\/roveyayinevi.com.tr\/index.php\/urun\/kilitsiz-kapilar\/","title":{"rendered":"Kilitsiz Kap\u0131lar"},"content":{"rendered":"<p>K\u0131r\u0131k d\u00f6k\u00fck an\u0131lar, yitirilen umutlar ve unutulan hayaller\u2026    K\u0131r\u0131lgan bir y\u00fcre\u011fin derinliklerinden s\u00fcz\u00fclen duygular\u0131n izini s\u00fcrmek; h\u00fcz\u00fcnl\u00fc bir hayat\u0131n i\u00e7ine ad\u0131m atmak gibidir.   Kilitsiz Kap\u0131lar\u2019da yer alan \u015fiirler, i\u00e7sel \u00e7at\u0131\u015fmalar\u0131 ve denge aray\u0131\u015f\u0131n\u0131 farkl\u0131 bir bedende deneyimlemek isteyenler i\u00e7in bi\u00e7ilmi\u015f kaftan. H\u00fcz\u00fcn, her \u015fiirde yank\u0131lanan bir melodi gibi ruhunuza i\u015fleyecek. Sayfalar\u0131 aralay\u0131n, en i\u00e7ten duygulara \u015fiirlerle merhaba deyin.   Kald\u0131n m\u0131 d\u0131\u015f\u0131nda\u015eimdi kap\u0131n\u0131n?A\u00e7an\u0131 de\u011filsen bir kilidinPar\u00e7as\u0131 de\u011filsin demek\u0130\u00e7erinin! <\/p>\n","protected":false},"excerpt":{"rendered":"<p>K\u0131r\u0131k d\u00f6k\u00fck an\u0131lar, yitirilen umutlar ve unutulan hayaller\u2026 K\u0131r\u0131lgan bir y\u00fcre\u011fin derinliklerinden s\u00fcz\u00fclen duygular\u0131n izini s\u00fcrmek; h\u00fcz\u00fcnl\u00fc bir hayat\u0131n i\u00e7ine ad\u0131m atmak gibidir. Kilitsiz Kap\u0131lar\u2019da yer<span class=\"excerpt-hellip\"> [\u2026]<\/span><\/p>\n","protected":false},"featured_media":0,"template":"","meta":{"_monsterinsights_skip_tracking":false,"_monsterinsights_sitenote_active":false,"_monsterinsights_sitenote_note":"","_monsterinsights_sitenote_category":0},"product_brand":[],"product_cat":[12291,12509],"product_tag":[],"class_list":{"0":"post-753761","1":"product","2":"type-product","3":"status-publish","5":"product_cat-edebiyat","6":"product_cat-siir","7":"pa_cilt-ciltsiz","8":"pa_tur-kitap","9":"pa_yayinevi-matiz-yayinevi","10":"pa_yazar-ferhat-fuzuli","12":"first","13":"instock","14":"sale","15":"shipping-taxable","16":"purchasable","17":"product-type-simple"},"_links":{"self":[{"href":"https:\/\/roveyayinevi.com.tr\/index.php\/wp-json\/wp\/v2\/product\/753761","targetHints":{"allow":["GET"]}}],"collection":[{"href":"https:\/\/roveyayinevi.com.tr\/index.php\/wp-json\/wp\/v2\/product"}],"about":[{"href":"https:\/\/roveyayinevi.com.tr\/index.php\/wp-json\/wp\/v2\/types\/product"}],"wp:attachment":[{"href":"https:\/\/roveyayinevi.com.tr\/index.php\/wp-json\/wp\/v2\/media?parent=753761"}],"wp:term":[{"taxonomy":"product_brand","embeddable":true,"href":"https:\/\/roveyayinevi.com.tr\/index.php\/wp-json\/wp\/v2\/product_brand?post=753761"},{"taxonomy":"product_cat","embeddable":true,"href":"https:\/\/roveyayinevi.com.tr\/index.php\/wp-json\/wp\/v2\/product_cat?post=753761"},{"taxonomy":"product_tag","embeddable":true,"href":"https:\/\/roveyayinevi.com.tr\/index.php\/wp-json\/wp\/v2\/product_tag?post=753761"}],"curies":[{"name":"wp","href":"https:\/\/api.w.org\/{rel}","templated":true}]}}