{"id":753756,"date":"2025-08-28T05:51:59","date_gmt":"2025-08-28T02:51:59","guid":{"rendered":"https:\/\/roveyayinevi.com.tr\/index.php\/urun\/kemalist-devrimden-uretim-devrimine\/"},"modified":"2026-04-16T03:07:18","modified_gmt":"2026-04-16T00:07:18","slug":"kemalist-devrimden-uretim-devrimine","status":"publish","type":"product","link":"https:\/\/roveyayinevi.com.tr\/index.php\/urun\/kemalist-devrimden-uretim-devrimine\/","title":{"rendered":"Kemalist Devrim\u2019den \u00dcretim Devrimi\u2019ne"},"content":{"rendered":"<p>100 y\u0131ll\u0131k CHP tarihi \u015f\u00f6yle geli\u015fmi\u015ftir: 1945\u2019lere kadar CHP demokratik devrimcidir. 1945\u2019lerden sonra CHP\u2019den Atat\u00fcrk kovulmu\u015ftur. 1960\u2019lardan sonra \u0130smet \u0130n\u00f6n\u00fc kovulmu\u015ftur. 1980\u2019lerden sonra B\u00fclent Ecevit kovulmu\u015ftur. 2010\u2019lardan sonra Deniz Baykal kovulmu\u015ftur. CHP bug\u00fcn i\u015fbirlik\u00e7i ve gerici bir partiye d\u00f6n\u00fc\u015fm\u00fc\u015ft\u00fcr. 150 y\u0131ll\u0131k T\u00fcrk devrim tarihinde, bug\u00fcn T\u00fcrkiye\u2019miz yeniden bir devrime gidiyor. T\u00fcrk milleti 1876\u2019da Birinci Me\u015frutiyet Devrimi, 1908\u2019de H\u00fcrriyet Devrimi, 23 Nisan 1920\u2019de Cumhuriyet Devrimi, 27 May\u0131s 1960\u2019ta Anayasa Devrimi olmak \u00fczere d\u00f6rt devrim ger\u00e7ekle\u015ftirdi. Art\u0131k T\u00fcrkiye\u2019miz 5. Devrimine gebedir. Bu da \u00dcretim Devrimi olacakt\u0131r. <\/p>\n","protected":false},"excerpt":{"rendered":"<p>100 y\u0131ll\u0131k CHP tarihi \u015f\u00f6yle geli\u015fmi\u015ftir: 1945\u2019lere kadar CHP demokratik devrimcidir. 1945\u2019lerden sonra CHP\u2019den Atat\u00fcrk kovulmu\u015ftur. 1960\u2019lardan sonra \u0130smet \u0130n\u00f6n\u00fc kovulmu\u015ftur. 1980\u2019lerden sonra B\u00fclent Ecevit kovulmu\u015ftur.<span class=\"excerpt-hellip\"> [\u2026]<\/span><\/p>\n","protected":false},"featured_media":0,"template":"","meta":{"_monsterinsights_skip_tracking":false,"_monsterinsights_sitenote_active":false,"_monsterinsights_sitenote_note":"","_monsterinsights_sitenote_category":0},"product_brand":[],"product_cat":[12370,12304],"product_tag":[],"class_list":{"0":"post-753756","1":"product","2":"type-product","3":"status-publish","5":"product_cat-arastirma-inceleme","6":"product_cat-tarih","7":"pa_cilt-ciltsiz","8":"pa_tur-kitap","9":"pa_yayinevi-uyum-yayinlari","10":"pa_yazar-ibrahim-kasapoglu","12":"first","13":"instock","14":"sale","15":"shipping-taxable","16":"purchasable","17":"product-type-simple"},"_links":{"self":[{"href":"https:\/\/roveyayinevi.com.tr\/index.php\/wp-json\/wp\/v2\/product\/753756","targetHints":{"allow":["GET"]}}],"collection":[{"href":"https:\/\/roveyayinevi.com.tr\/index.php\/wp-json\/wp\/v2\/product"}],"about":[{"href":"https:\/\/roveyayinevi.com.tr\/index.php\/wp-json\/wp\/v2\/types\/product"}],"wp:attachment":[{"href":"https:\/\/roveyayinevi.com.tr\/index.php\/wp-json\/wp\/v2\/media?parent=753756"}],"wp:term":[{"taxonomy":"product_brand","embeddable":true,"href":"https:\/\/roveyayinevi.com.tr\/index.php\/wp-json\/wp\/v2\/product_brand?post=753756"},{"taxonomy":"product_cat","embeddable":true,"href":"https:\/\/roveyayinevi.com.tr\/index.php\/wp-json\/wp\/v2\/product_cat?post=753756"},{"taxonomy":"product_tag","embeddable":true,"href":"https:\/\/roveyayinevi.com.tr\/index.php\/wp-json\/wp\/v2\/product_tag?post=753756"}],"curies":[{"name":"wp","href":"https:\/\/api.w.org\/{rel}","templated":true}]}}