{"id":753754,"date":"2025-08-28T05:51:56","date_gmt":"2025-08-28T02:51:56","guid":{"rendered":"https:\/\/roveyayinevi.com.tr\/index.php\/urun\/kaybettiklerimiz\/"},"modified":"2026-04-16T03:07:18","modified_gmt":"2026-04-16T00:07:18","slug":"kaybettiklerimiz","status":"publish","type":"product","link":"https:\/\/roveyayinevi.com.tr\/index.php\/urun\/kaybettiklerimiz\/","title":{"rendered":"Kaybettiklerimiz"},"content":{"rendered":"<p>\u201cMadde ile manan\u0131n aras\u0131n\u0131 a\u00e7\u0131yor modernizm. Bir kavgaya d\u00f6n\u00fc\u015ft\u00fcr\u00fcyor ya\u015fam\u0131. Bu denklemde kazanan ise hep madde oluyor. \u0130nsan akl\u0131n\u0131 sadece maddi olana, d\u00fcnyevi olana kanalize etmekle bir d\u00fcnya in\u015fa ediliyor. Oysa ak\u0131l k\u0131ymetli nesnedir, sadece maddi olana vakfedildi\u011fi zaman insan\u0131n felaketi olur. Akl\u0131 yaln\u0131zca maddeye ve maddi olana \u00fcst\u00fcnl\u00fck kurmada kullanan ve her t\u00fcrl\u00fc ilm\u00ee geli\u015fmeyi \u00fcr\u00fcnle\u015ftirebildi\u011fi \u00f6l\u00e7\u00fcde de\u011ferli bulan bu sek\u00fcler zihniyet, sonunda akl\u0131 da \u00fcr\u00fcnle\u015ftiriyor elbette. \u0130nsan ise zaten \u00e7oktan \u00fcr\u00fcn h\u00e2line getirildi\u2026\u201d   Bat\u0131 medeniyetinin \u0130slam toplumu kar\u015f\u0131s\u0131nda elde etti\u011fi maddi \u00fcst\u00fcnl\u00fc\u011f\u00fcn en \u00f6nemli sebeplerinden birinin, kendisi d\u0131\u015f\u0131ndaki d\u00fcnyaya kar\u015f\u0131 emperyalist tutumu oldu\u011fu ku\u015fku g\u00f6t\u00fcrmez bir ger\u00e7ek. Bu \u00fcst\u00fcnl\u00fc\u011f\u00fcn manevi hayata n\u00fcfuz etmesinin \u00f6n\u00fcndeki en b\u00fcy\u00fck koruyucu kalkan ge\u00e7mi\u015fte oldu\u011fu gibi bug\u00fcn de Kur&#8217;an ve S\u00fcnnet. \u0130nsanl\u0131\u011f\u0131n h\u00e2lihaz\u0131rda i\u00e7inde bulundu\u011fu manevi buhrandan kurtulmas\u0131, Bat\u0131&#8217;n\u0131n y\u00f6n verdi\u011fi maddi ko\u015fullar\u0131n getirilerinin ve g\u00f6t\u00fcr\u00fclerinin iyi \u00f6l\u00e7\u00fcl\u00fcp bi\u00e7ilmesiyle, bunun hakkaniyetle yap\u0131lmas\u0131yla m\u00fcmk\u00fcn olacak.   Bu kitapta, Do\u011fu toplumlar\u0131n\u0131n kendi de\u011ferlerine yeniden sar\u0131larak hem maddi hem de manevi anlamda eski \u00fcst\u00fcn konumlar\u0131na yeniden kavu\u015facaklar\u0131 vurgulan\u0131yor. Tarihten \u00e7e\u015fitli \u00f6rneklerle Bat\u0131 medeniyetinin sadece kendi \u00e7\u0131karlar\u0131n\u0131 g\u00f6zeten icraatlar\u0131n\u0131 insanl\u0131k nam\u0131na yap\u0131lan iyilikler olarak lanse etti\u011fi g\u00f6zler \u00f6n\u00fcne seriliyor. G\u00fcncel sorunlar\u0131 samimi bir dille ele alan kitap \u00e7ok \u015fey d\u00fc\u015f\u00fcnd\u00fcrecek.          <\/p>\n","protected":false},"excerpt":{"rendered":"<p>\u201cMadde ile manan\u0131n aras\u0131n\u0131 a\u00e7\u0131yor modernizm. Bir kavgaya d\u00f6n\u00fc\u015ft\u00fcr\u00fcyor ya\u015fam\u0131. Bu denklemde kazanan ise hep madde oluyor. \u0130nsan akl\u0131n\u0131 sadece maddi olana, d\u00fcnyevi olana kanalize etmekle<span class=\"excerpt-hellip\"> [\u2026]<\/span><\/p>\n","protected":false},"featured_media":0,"template":"","meta":{"_monsterinsights_skip_tracking":false,"_monsterinsights_sitenote_active":false,"_monsterinsights_sitenote_note":"","_monsterinsights_sitenote_category":0},"product_brand":[],"product_cat":[19998,12388],"product_tag":[],"class_list":{"0":"post-753754","1":"product","2":"type-product","3":"status-publish","5":"product_cat-din-felsefesi","6":"product_cat-felsefe","7":"pa_cilt-ciltsiz","8":"pa_tur-kitap","9":"pa_yayinevi-elpis-yayinlari","10":"pa_yazar-mehmet-fatih-akkaya","12":"first","13":"instock","14":"sale","15":"shipping-taxable","16":"purchasable","17":"product-type-simple"},"_links":{"self":[{"href":"https:\/\/roveyayinevi.com.tr\/index.php\/wp-json\/wp\/v2\/product\/753754","targetHints":{"allow":["GET"]}}],"collection":[{"href":"https:\/\/roveyayinevi.com.tr\/index.php\/wp-json\/wp\/v2\/product"}],"about":[{"href":"https:\/\/roveyayinevi.com.tr\/index.php\/wp-json\/wp\/v2\/types\/product"}],"wp:attachment":[{"href":"https:\/\/roveyayinevi.com.tr\/index.php\/wp-json\/wp\/v2\/media?parent=753754"}],"wp:term":[{"taxonomy":"product_brand","embeddable":true,"href":"https:\/\/roveyayinevi.com.tr\/index.php\/wp-json\/wp\/v2\/product_brand?post=753754"},{"taxonomy":"product_cat","embeddable":true,"href":"https:\/\/roveyayinevi.com.tr\/index.php\/wp-json\/wp\/v2\/product_cat?post=753754"},{"taxonomy":"product_tag","embeddable":true,"href":"https:\/\/roveyayinevi.com.tr\/index.php\/wp-json\/wp\/v2\/product_tag?post=753754"}],"curies":[{"name":"wp","href":"https:\/\/api.w.org\/{rel}","templated":true}]}}