{"id":753753,"date":"2025-08-28T05:51:54","date_gmt":"2025-08-28T02:51:54","guid":{"rendered":"https:\/\/roveyayinevi.com.tr\/index.php\/urun\/nox\/"},"modified":"2026-04-16T03:07:18","modified_gmt":"2026-04-16T00:07:18","slug":"nox","status":"publish","type":"product","link":"https:\/\/roveyayinevi.com.tr\/index.php\/urun\/nox\/","title":{"rendered":"NOX"},"content":{"rendered":"<p>\u201c\u0130nsanlar umudu ister, \u00e7\u0131k\u0131\u015f yolunu de\u011fil.\u201d   Yerin alt\u0131nda ya da \u00fcst\u00fcnde\u2026 Kimlerle kar\u015f\u0131la\u015faca\u011f\u0131n\u0131z belli de\u011fil. Kendinizi karanl\u0131k bir yolculu\u011fun tam merkezinde de bulabilirsiniz, bir iki ad\u0131m sonra ayd\u0131nl\u0131\u011fa da ula\u015fabilirsiniz. Tanr\u0131 olmak isteyen hep yan\u0131lm\u0131\u015ft\u0131r, daha fazlas\u0131n\u0131 isteyen hep daha az\u0131na sahip olur.   Sayfalar aras\u0131nda benzersiz bir maceraya s\u00fcr\u00fcklenmenizi sa\u011flayan Nox, fantastik bir d\u00fcnyan\u0131n kap\u0131lar\u0131n\u0131 aral\u0131yor.<\/p>\n","protected":false},"excerpt":{"rendered":"<p>\u201c\u0130nsanlar umudu ister, \u00e7\u0131k\u0131\u015f yolunu de\u011fil.\u201d Yerin alt\u0131nda ya da \u00fcst\u00fcnde\u2026 Kimlerle kar\u015f\u0131la\u015faca\u011f\u0131n\u0131z belli de\u011fil. Kendinizi karanl\u0131k bir yolculu\u011fun tam merkezinde de bulabilirsiniz, bir iki ad\u0131m<span class=\"excerpt-hellip\"> [\u2026]<\/span><\/p>\n","protected":false},"featured_media":0,"template":"","meta":{"_monsterinsights_skip_tracking":false,"_monsterinsights_sitenote_active":false,"_monsterinsights_sitenote_note":"","_monsterinsights_sitenote_category":0},"product_brand":[],"product_cat":[12291,14777],"product_tag":[],"class_list":{"0":"post-753753","1":"product","2":"type-product","3":"status-publish","5":"product_cat-edebiyat","6":"product_cat-fantastik","7":"pa_cilt-ciltsiz","8":"pa_tur-kitap","9":"pa_yayinevi-elpis-yayinlari","10":"pa_yazar-hasan-bilgin","12":"first","13":"instock","14":"sale","15":"shipping-taxable","16":"purchasable","17":"product-type-simple"},"_links":{"self":[{"href":"https:\/\/roveyayinevi.com.tr\/index.php\/wp-json\/wp\/v2\/product\/753753","targetHints":{"allow":["GET"]}}],"collection":[{"href":"https:\/\/roveyayinevi.com.tr\/index.php\/wp-json\/wp\/v2\/product"}],"about":[{"href":"https:\/\/roveyayinevi.com.tr\/index.php\/wp-json\/wp\/v2\/types\/product"}],"wp:attachment":[{"href":"https:\/\/roveyayinevi.com.tr\/index.php\/wp-json\/wp\/v2\/media?parent=753753"}],"wp:term":[{"taxonomy":"product_brand","embeddable":true,"href":"https:\/\/roveyayinevi.com.tr\/index.php\/wp-json\/wp\/v2\/product_brand?post=753753"},{"taxonomy":"product_cat","embeddable":true,"href":"https:\/\/roveyayinevi.com.tr\/index.php\/wp-json\/wp\/v2\/product_cat?post=753753"},{"taxonomy":"product_tag","embeddable":true,"href":"https:\/\/roveyayinevi.com.tr\/index.php\/wp-json\/wp\/v2\/product_tag?post=753753"}],"curies":[{"name":"wp","href":"https:\/\/api.w.org\/{rel}","templated":true}]}}