{"id":753751,"date":"2025-08-28T05:51:50","date_gmt":"2025-08-28T02:51:50","guid":{"rendered":"https:\/\/roveyayinevi.com.tr\/index.php\/urun\/bennanenin-ucan-koltugu\/"},"modified":"2026-04-16T03:07:18","modified_gmt":"2026-04-16T00:07:18","slug":"bennanenin-ucan-koltugu","status":"publish","type":"product","link":"https:\/\/roveyayinevi.com.tr\/index.php\/urun\/bennanenin-ucan-koltugu\/","title":{"rendered":"Bennane&#8217;nin U\u00e7an Koltu\u011fu"},"content":{"rendered":"<p>H\u00fcrriyet d\u00fc\u011f\u00fcnleriyle, Cumhuriyet \u015fark\u0131lar\u0131yla kurulan bir \u00fclke&#8230; Usta \u00f6yk\u00fcc\u00fcl\u00fc\u011f\u00fcyle her ya\u015ftan okura seslenebilen, i\u00e7tenlikli \u00fcslubuyla sevilen yazar Leyla Ruhan Okyay, Cumhuriyet\u2019imizin 100. y\u0131l\u0131n\u0131 \u00f6zel bir romanla kutluyor. Kurulu\u015funun ilk y\u0131llar\u0131ndan bug\u00fcnlere dek katetti\u011fi yolu, kazan\u0131mlar\u0131n\u0131 ve d\u00f6n\u00fc\u015ft\u00fcr\u00fcc\u00fc g\u00fcc\u00fcn\u00fc, k\u00f6y enstit\u00fcs\u00fc mezunu bir \u00f6\u011fretmenin hik\u00e2yesiyle anlat\u0131yor. Tarihsel bir kurguya oturan bu s\u0131cac\u0131k roman, Cumhuriyet\u2019in birle\u015ftiren, geli\u015ftiren, gelece\u011fe g\u00fcvenle bakt\u0131ran \u00f6ng\u00f6r\u00fcl\u00fc ilkelerine ve de\u011ferlerine bir g\u00fczelleme niteli\u011finde. \u0130nci, \u00e7ok sevdi\u011fi ninesi Nane\u2019yi ne\u015felendirmenin yolunu arar. \u0130ncir a\u011fac\u0131ndaki koltu\u011funda keman \u00e7alan, \u00e7ocuklar\u0131 etraf\u0131na toplay\u0131p masallar anlatan, cepleri hep kitap, yemi\u015f dolu olan Bennane Nine\u2019nin hayat hik\u00e2yesinin pe\u015fine d\u00fc\u015fer. Elinden her i\u015f gelen, bi\u00e7ki diki\u015ften de, toprak ve tamir i\u015flerinden de anlayan k\u00f6y enstit\u00fcl\u00fc Bennane\u2019nin an\u0131lar\u0131 \u00e7ocu\u011fu, Cumhuriyet\u2019in erken y\u0131llar\u0131na g\u00f6t\u00fcr\u00fcr. B\u00fcy\u00fck k\u00fc\u00e7\u00fck herkesi bulu\u015fturan co\u015fkulu Cumhuriyet kutlamalar\u0131 yine incir a\u011fac\u0131n\u0131n alt\u0131nda ger\u00e7ekle\u015fecektir&#8230;<\/p>\n","protected":false},"excerpt":{"rendered":"<p>H\u00fcrriyet d\u00fc\u011f\u00fcnleriyle, Cumhuriyet \u015fark\u0131lar\u0131yla kurulan bir \u00fclke&#8230; Usta \u00f6yk\u00fcc\u00fcl\u00fc\u011f\u00fcyle her ya\u015ftan okura seslenebilen, i\u00e7tenlikli \u00fcslubuyla sevilen yazar Leyla Ruhan Okyay, Cumhuriyet\u2019imizin 100. y\u0131l\u0131n\u0131 \u00f6zel bir romanla<span class=\"excerpt-hellip\"> [\u2026]<\/span><\/p>\n","protected":false},"featured_media":0,"template":"","meta":{"_monsterinsights_skip_tracking":false,"_monsterinsights_sitenote_active":false,"_monsterinsights_sitenote_note":"","_monsterinsights_sitenote_category":0},"product_brand":[],"product_cat":[12274],"product_tag":[],"class_list":{"0":"post-753751","1":"product","2":"type-product","3":"status-publish","5":"product_cat-cocuk-ve-genclik-kitaplari","6":"pa_cilt-ciltsiz","7":"pa_tur-kitap","8":"pa_yayinevi-gunisigi-kitapligi","9":"pa_yazar-leyla-ruhan-okyay","11":"first","12":"instock","13":"sale","14":"shipping-taxable","15":"purchasable","16":"product-type-simple"},"_links":{"self":[{"href":"https:\/\/roveyayinevi.com.tr\/index.php\/wp-json\/wp\/v2\/product\/753751","targetHints":{"allow":["GET"]}}],"collection":[{"href":"https:\/\/roveyayinevi.com.tr\/index.php\/wp-json\/wp\/v2\/product"}],"about":[{"href":"https:\/\/roveyayinevi.com.tr\/index.php\/wp-json\/wp\/v2\/types\/product"}],"wp:attachment":[{"href":"https:\/\/roveyayinevi.com.tr\/index.php\/wp-json\/wp\/v2\/media?parent=753751"}],"wp:term":[{"taxonomy":"product_brand","embeddable":true,"href":"https:\/\/roveyayinevi.com.tr\/index.php\/wp-json\/wp\/v2\/product_brand?post=753751"},{"taxonomy":"product_cat","embeddable":true,"href":"https:\/\/roveyayinevi.com.tr\/index.php\/wp-json\/wp\/v2\/product_cat?post=753751"},{"taxonomy":"product_tag","embeddable":true,"href":"https:\/\/roveyayinevi.com.tr\/index.php\/wp-json\/wp\/v2\/product_tag?post=753751"}],"curies":[{"name":"wp","href":"https:\/\/api.w.org\/{rel}","templated":true}]}}