{"id":753750,"date":"2025-08-28T05:51:48","date_gmt":"2025-08-28T02:51:48","guid":{"rendered":"https:\/\/roveyayinevi.com.tr\/index.php\/urun\/intikam-benimdir\/"},"modified":"2026-04-16T03:07:18","modified_gmt":"2026-04-16T00:07:18","slug":"intikam-benimdir","status":"publish","type":"product","link":"https:\/\/roveyayinevi.com.tr\/index.php\/urun\/intikam-benimdir\/","title":{"rendered":"\u0130ntikam  Benimdir"},"content":{"rendered":"<p>H. Susane -romanda ad\u0131n\u0131 \u00f6\u011frenemeyiz- k\u0131rk iki ya\u015f\u0131nda bir avukatt\u0131r. Bir g\u00fcn Gilles Principaux kap\u0131s\u0131n\u0131 \u00e7alar: Kar\u0131s\u0131 Maryline \u00e7ocuklar\u0131n\u0131 \u00f6ld\u00fcrm\u00fc\u015ft\u00fcr. Susane\u2019dan kar\u0131s\u0131n\u0131 savunmas\u0131n\u0131 ister. Bu adam\u0131n onu se\u00e7mesi tesad\u00fcf m\u00fcd\u00fcr? Yoksa o, Susane on ya\u015f\u0131ndayken onu odas\u0131na \u00e7a\u011f\u0131ran on d\u00f6rt ya\u015f\u0131ndaki \u00e7ocuk mudur? O odada iki \u00e7ocuk aras\u0131nda ne ge\u00e7mi\u015ftir? Susane\u2019\u0131 avukat olmaya karar verdiren bu olay\u0131 roman boyunca \u00f6\u011frenemeyiz. Ama uzun monologlar ve Ndiaye\u2019nin yaratt\u0131\u011f\u0131 i\u00e7 karart\u0131c\u0131 atmosfer sayesinde, ge\u00e7mi\u015fin kad\u0131nlar\u0131n \u00fczerinde yaratt\u0131\u011f\u0131 etkiyi en derinimizde hissederiz.   \u0130ntikam Benimdir, hayatlar\u0131n\u0131n zor bir d\u00f6neminden ge\u00e7en \u00fc\u00e7 kad\u0131n\u0131n, avukat Susane, k\u00e2\u011f\u0131ts\u0131z g\u00f6\u00e7men \u00e7ocuk bak\u0131c\u0131s\u0131 Sharon ve \u00e7ocuk katili Maryline\u2019in birbirine ge\u00e7mi\u015f hik\u00e2yesi. \u00dc\u00e7 kad\u0131n\u0131n da y\u00fczle\u015fmesi gereken konular vard\u0131r: Ge\u00e7mi\u015fi hat\u0131rlayamama, cinayet ve g\u00f6\u00e7menlik. Goncourt ve Femina \u00f6d\u00fcll\u00fc Marie Ndiaye, \u015f\u00fcphe ve belirsizli\u011fin h\u00fck\u00fcm s\u00fcrd\u00fc\u011f\u00fc bu romanda, okuyucuyu bu \u00fc\u00e7 kad\u0131n\u0131n belirsizliklerle dolu ve karanl\u0131k i\u00e7 d\u00fcnyas\u0131nda bir yolculu\u011fa \u00e7\u0131kar\u0131yor. <\/p>\n","protected":false},"excerpt":{"rendered":"<p>H. Susane -romanda ad\u0131n\u0131 \u00f6\u011frenemeyiz- k\u0131rk iki ya\u015f\u0131nda bir avukatt\u0131r. Bir g\u00fcn Gilles Principaux kap\u0131s\u0131n\u0131 \u00e7alar: Kar\u0131s\u0131 Maryline \u00e7ocuklar\u0131n\u0131 \u00f6ld\u00fcrm\u00fc\u015ft\u00fcr. Susane\u2019dan kar\u0131s\u0131n\u0131 savunmas\u0131n\u0131 ister. Bu adam\u0131n<span class=\"excerpt-hellip\"> [\u2026]<\/span><\/p>\n","protected":false},"featured_media":0,"template":"","meta":{"_monsterinsights_skip_tracking":false,"_monsterinsights_sitenote_active":false,"_monsterinsights_sitenote_note":"","_monsterinsights_sitenote_category":0},"product_brand":[],"product_cat":[12291,12711],"product_tag":[],"class_list":{"0":"post-753750","1":"product","2":"type-product","3":"status-publish","5":"product_cat-edebiyat","6":"product_cat-roman-oyku","7":"pa_cilt-ciltsiz","8":"pa_tur-kitap","9":"pa_yayinevi-everest-yayinlari","10":"pa_yazar-marie-ndiaye","12":"first","13":"instock","14":"sale","15":"shipping-taxable","16":"purchasable","17":"product-type-simple"},"_links":{"self":[{"href":"https:\/\/roveyayinevi.com.tr\/index.php\/wp-json\/wp\/v2\/product\/753750","targetHints":{"allow":["GET"]}}],"collection":[{"href":"https:\/\/roveyayinevi.com.tr\/index.php\/wp-json\/wp\/v2\/product"}],"about":[{"href":"https:\/\/roveyayinevi.com.tr\/index.php\/wp-json\/wp\/v2\/types\/product"}],"wp:attachment":[{"href":"https:\/\/roveyayinevi.com.tr\/index.php\/wp-json\/wp\/v2\/media?parent=753750"}],"wp:term":[{"taxonomy":"product_brand","embeddable":true,"href":"https:\/\/roveyayinevi.com.tr\/index.php\/wp-json\/wp\/v2\/product_brand?post=753750"},{"taxonomy":"product_cat","embeddable":true,"href":"https:\/\/roveyayinevi.com.tr\/index.php\/wp-json\/wp\/v2\/product_cat?post=753750"},{"taxonomy":"product_tag","embeddable":true,"href":"https:\/\/roveyayinevi.com.tr\/index.php\/wp-json\/wp\/v2\/product_tag?post=753750"}],"curies":[{"name":"wp","href":"https:\/\/api.w.org\/{rel}","templated":true}]}}