{"id":753749,"date":"2025-08-28T05:51:47","date_gmt":"2025-08-28T02:51:47","guid":{"rendered":"https:\/\/roveyayinevi.com.tr\/index.php\/urun\/klinik-psikoloji-el-kitabi\/"},"modified":"2026-04-16T03:07:18","modified_gmt":"2026-04-16T00:07:18","slug":"klinik-psikoloji-el-kitabi","status":"publish","type":"product","link":"https:\/\/roveyayinevi.com.tr\/index.php\/urun\/klinik-psikoloji-el-kitabi\/","title":{"rendered":"Klinik Psikoloji  El Kitab\u0131"},"content":{"rendered":"<p>Zihinsel, duygusal ve davran\u0131\u015fsal sorunlar \u00fczerine \u00e7al\u0131\u015fan klinik psikoloji yeni zamanlar\u0131n en pop\u00fcler alanlar\u0131ndan biri olarak g\u00f6z\u00fck\u00fcyor. Psikolojik sorunu olan bireylerin biyoenerji\/kuantumdan aile dizimine, muskac\u0131l\u0131ktan NLP ve astrolojiye kadar say\u0131s\u0131z bilim ve ak\u0131l d\u0131\u015f\u0131, dahas\u0131 hukuk, din ve vicdan d\u0131\u015f\u0131 istismar y\u00f6ntemlerine maruz kald\u0131\u011f\u0131 \u00fclkemizde klinik psikoloji bilimi daha da \u00f6nem kazanmaktad\u0131r. \u00dclkemiz insan\u0131n\u0131n davran\u0131\u015f kal\u0131plar\u0131n\u0131, yeti\u015fme bi\u00e7imleri ve gelene\u011fi dikkate al\u0131nmaks\u0131z\u0131n \u00e7eviri eserlerle klinik psikolojinin \u00f6\u011frenilmesi d\u00fc\u015f\u00fcn\u00fclemez. De\u011ferli psikoloji ve psikiyatri uzmanlar\u0131ndan olu\u015fan geni\u015f bir yazar kadrosunca \u00f6zenle haz\u0131rlanm\u0131\u015f bu telif eserin ak\u0131c\u0131 anlat\u0131m\u0131yla psikoloji\/psikiyatri \u00e7al\u0131\u015fanlar\u0131 ve \u00f6\u011frencileri yan\u0131nda merakl\u0131lar\u0131 i\u00e7in de bir ba\u015fvuru kitab\u0131 olaca\u011f\u0131n\u0131 umut ediyoruz. Prof. Dr. R\u00fcstem A\u015fk\u0131n<\/p>\n","protected":false},"excerpt":{"rendered":"<p>Zihinsel, duygusal ve davran\u0131\u015fsal sorunlar \u00fczerine \u00e7al\u0131\u015fan klinik psikoloji yeni zamanlar\u0131n en pop\u00fcler alanlar\u0131ndan biri olarak g\u00f6z\u00fck\u00fcyor. Psikolojik sorunu olan bireylerin biyoenerji\/kuantumdan aile dizimine, muskac\u0131l\u0131ktan NLP<span class=\"excerpt-hellip\"> [\u2026]<\/span><\/p>\n","protected":false},"featured_media":0,"template":"","meta":{"_monsterinsights_skip_tracking":false,"_monsterinsights_sitenote_active":false,"_monsterinsights_sitenote_note":"","_monsterinsights_sitenote_category":0},"product_brand":[],"product_cat":[12357],"product_tag":[],"class_list":{"0":"post-753749","1":"product","2":"type-product","3":"status-publish","5":"product_cat-psikoloji","6":"pa_cilt-ciltsiz","7":"pa_tur-kitap","8":"pa_yayinevi-alfa-akademi","9":"pa_yazar-kolektif","11":"first","12":"instock","13":"sale","14":"shipping-taxable","15":"purchasable","16":"product-type-simple"},"_links":{"self":[{"href":"https:\/\/roveyayinevi.com.tr\/index.php\/wp-json\/wp\/v2\/product\/753749","targetHints":{"allow":["GET"]}}],"collection":[{"href":"https:\/\/roveyayinevi.com.tr\/index.php\/wp-json\/wp\/v2\/product"}],"about":[{"href":"https:\/\/roveyayinevi.com.tr\/index.php\/wp-json\/wp\/v2\/types\/product"}],"wp:attachment":[{"href":"https:\/\/roveyayinevi.com.tr\/index.php\/wp-json\/wp\/v2\/media?parent=753749"}],"wp:term":[{"taxonomy":"product_brand","embeddable":true,"href":"https:\/\/roveyayinevi.com.tr\/index.php\/wp-json\/wp\/v2\/product_brand?post=753749"},{"taxonomy":"product_cat","embeddable":true,"href":"https:\/\/roveyayinevi.com.tr\/index.php\/wp-json\/wp\/v2\/product_cat?post=753749"},{"taxonomy":"product_tag","embeddable":true,"href":"https:\/\/roveyayinevi.com.tr\/index.php\/wp-json\/wp\/v2\/product_tag?post=753749"}],"curies":[{"name":"wp","href":"https:\/\/api.w.org\/{rel}","templated":true}]}}