{"id":753746,"date":"2025-08-28T05:51:41","date_gmt":"2025-08-28T02:51:41","guid":{"rendered":"https:\/\/roveyayinevi.com.tr\/index.php\/urun\/hranus-hanimin-kizi\/"},"modified":"2026-04-16T03:07:18","modified_gmt":"2026-04-16T00:07:18","slug":"hranus-hanimin-kizi","status":"publish","type":"product","link":"https:\/\/roveyayinevi.com.tr\/index.php\/urun\/hranus-hanimin-kizi\/","title":{"rendered":"Hranu\u015f Han\u0131m&#8217;\u0131n K\u0131z\u0131"},"content":{"rendered":"<p>Yak\u0131n siyaset sahnesinde ya\u015fananlarla ilgili kitaplar\u0131 bulunan Gazeteci Mehmet Bican, \u201c\u00c7erkes Eni\u015fte\u201d adl\u0131 an\u0131\/roman t\u00fcr\u00fcndeki eserinden sonra, \u015fimdi de ayn\u0131 t\u00fcrde yazd\u0131\u011f\u0131 ger\u00e7ek bir a\u015fk hik\u00e2yesiyle okuyucular\u0131yla bulu\u015fuyor.         Bu romanda, bir zamanlar Ankara bas\u0131n hayat\u0131n\u0131n can damar\u0131 olan R\u00fczg\u00e2rl\u0131 Sokak\u2019taki bir gazetede foto muhabirli\u011fi yapan  Korhan\u2019la, Z\u00fcbeyde Han\u0131m K\u0131z Meslek Y\u00fcksek Okulu\u2019nda \u00f6\u011frenci  Maral\u2019\u0131n h\u00fcz\u00fcnle sona eren a\u015fk\u0131 anlat\u0131lmaktad\u0131r.        Bu talihsiz a\u015fk\u0131 okurken, bug\u00fcn hayatta olan kimi gazetecileri yak\u0131ndan tan\u0131yacak, onlar\u0131n anlat\u0131m\u0131yla 1962-1968 y\u0131llar\u0131 aras\u0131nda T\u00fcrkiye\u2019de ve D\u00fcnya\u2019da geli\u015fen olaylara da tan\u0131kl\u0131k edeceksiniz.         Roman\u0131n \u00f6nemini ortaya koyan bir \u00f6zelli\u011fi de, politik malzeme haline getirilerek her d\u00f6nemde insafs\u0131zca s\u00f6m\u00fcr\u00fclen \u0131rk ve din ayr\u0131mc\u0131l\u0131\u011f\u0131n\u0131n konu edilmesidir. <\/p>\n","protected":false},"excerpt":{"rendered":"<p>Yak\u0131n siyaset sahnesinde ya\u015fananlarla ilgili kitaplar\u0131 bulunan Gazeteci Mehmet Bican, \u201c\u00c7erkes Eni\u015fte\u201d adl\u0131 an\u0131\/roman t\u00fcr\u00fcndeki eserinden sonra, \u015fimdi de ayn\u0131 t\u00fcrde yazd\u0131\u011f\u0131 ger\u00e7ek bir a\u015fk hik\u00e2yesiyle<span class=\"excerpt-hellip\"> [\u2026]<\/span><\/p>\n","protected":false},"featured_media":0,"template":"","meta":{"_monsterinsights_skip_tracking":false,"_monsterinsights_sitenote_active":false,"_monsterinsights_sitenote_note":"","_monsterinsights_sitenote_category":0},"product_brand":[],"product_cat":[12291,12711],"product_tag":[],"class_list":{"0":"post-753746","1":"product","2":"type-product","3":"status-publish","5":"product_cat-edebiyat","6":"product_cat-roman-oyku","7":"pa_cilt-ciltsiz","8":"pa_tur-kitap","9":"pa_yayinevi-galeati-yayincilik","10":"pa_yazar-mehmet-bican","12":"first","13":"instock","14":"sale","15":"shipping-taxable","16":"purchasable","17":"product-type-simple"},"_links":{"self":[{"href":"https:\/\/roveyayinevi.com.tr\/index.php\/wp-json\/wp\/v2\/product\/753746","targetHints":{"allow":["GET"]}}],"collection":[{"href":"https:\/\/roveyayinevi.com.tr\/index.php\/wp-json\/wp\/v2\/product"}],"about":[{"href":"https:\/\/roveyayinevi.com.tr\/index.php\/wp-json\/wp\/v2\/types\/product"}],"wp:attachment":[{"href":"https:\/\/roveyayinevi.com.tr\/index.php\/wp-json\/wp\/v2\/media?parent=753746"}],"wp:term":[{"taxonomy":"product_brand","embeddable":true,"href":"https:\/\/roveyayinevi.com.tr\/index.php\/wp-json\/wp\/v2\/product_brand?post=753746"},{"taxonomy":"product_cat","embeddable":true,"href":"https:\/\/roveyayinevi.com.tr\/index.php\/wp-json\/wp\/v2\/product_cat?post=753746"},{"taxonomy":"product_tag","embeddable":true,"href":"https:\/\/roveyayinevi.com.tr\/index.php\/wp-json\/wp\/v2\/product_tag?post=753746"}],"curies":[{"name":"wp","href":"https:\/\/api.w.org\/{rel}","templated":true}]}}