{"id":753744,"date":"2025-08-28T05:51:38","date_gmt":"2025-08-28T02:51:38","guid":{"rendered":"https:\/\/roveyayinevi.com.tr\/index.php\/urun\/sesler-2\/"},"modified":"2026-04-16T03:07:18","modified_gmt":"2026-04-16T00:07:18","slug":"sesler-2","status":"publish","type":"product","link":"https:\/\/roveyayinevi.com.tr\/index.php\/urun\/sesler-2\/","title":{"rendered":"Sesler"},"content":{"rendered":"<p>G\u00fcn gelir m\u0131sralar, kanatlan\u0131p \u00e7\u0131kar bulutlara seyran eyler as\u0131rlar\u0131. Mevsim olur sarmalar \u00f6mr\u00fcn her demini, irdeler evveli. Nisan olur, g\u00f6zlerden iner sevda tarlalar\u0131na. A\u011fustos olur, kavrulur beste-beste. Sar\u0131 sonbahar olur s\u00f6zc\u00fcklerde, yaprak d\u00f6k\u00fcp h\u00fczn\u00fc besler. K\u0131\u015f oldu\u011funda \u00f6l\u00fcmc\u00fcl boran olur, savrulur durur\u2026   G\u00fcn gelir m\u00fcebbet yemi\u015f zindan olur, yaln\u0131zlar beldesini fethedip a\u00e7\u0131l\u0131r u\u00e7suz bucaks\u0131z sulara. O sular ki ne zaman tan\u0131r ne mek\u00e2n\u2026   Bazen mavi, bazen gri bir g\u00fcn\u00fc bazen de zifiri bir geceyi giyinir. Heyulalar e\u015fli\u011finde bedensizler taht\u0131na oturup \u00e7a\u011f\u0131r\u0131r karg\u0131\u015flar\u0131, omuz \u00fcst\u00fcnde ba\u015f koymaz hayk\u0131r\u0131\u015flar\u0131\u2026 Kervanlara omuz verir, gezdirir diyar-diyar. Vard\u0131\u011f\u0131 her \u015fehirde sinsi y\u00fczlere \u00e7arp\u0131p da\u011f\u0131l\u0131r, peyderpey eriyip toprak olur. Semaya a\u00e7\u0131l\u0131p duaya duran ellere aban\u0131p do\u011frulur. D\u00fc\u015ft\u00fc\u011f\u00fc yerden kalkarak destan olur.   Hasretin, vuslat\u0131n, hicran\u0131n ad\u0131 olur; h\u00fczn\u00fcn, kederin, sevincin \u00e2n\u0131 mazi denizinde alabora olmu\u015f gemilerde ise an\u0131 olur.   G\u00fcn gelir, mitler sofras\u0131na meze olur efsunlu kap\u0131lar\u0131 aralar\u2026 Periler meclisine s\u00f6z olur, katli vacipler h\u00fccresine urgan\u2026 Bir kundakta, kartal pen\u00e7esine a\u015f olup y\u0131ld\u0131r\u0131mlar\u0131 yolda\u015f eyler. Bulutlardan inip arz\u0131n dibinde karar\u0131r, katran olur\u2026   G\u00fcn gelir, \u00e2n\u0131 yad\u0131rgar evvelin b\u00fcy\u00fcl\u00fc kap\u0131s\u0131n\u0131 aralar ve d\u00fc\u015fer kaybolan y\u0131llar\u0131n ard\u0131na. S\u00f6z \u015fimdi yine m\u0131sralarda, binsin zaman adl\u0131 gemiye; sesler, nefesler ve siluetler aras\u0131ndan s\u00fcz\u00fcl\u00fcp vars\u0131n b\u00fcy\u00fcl\u00fc evvelin derinliklerine\u2026   Necati Koca <\/p>\n","protected":false},"excerpt":{"rendered":"<p>G\u00fcn gelir m\u0131sralar, kanatlan\u0131p \u00e7\u0131kar bulutlara seyran eyler as\u0131rlar\u0131. Mevsim olur sarmalar \u00f6mr\u00fcn her demini, irdeler evveli. Nisan olur, g\u00f6zlerden iner sevda tarlalar\u0131na. A\u011fustos olur, kavrulur<span class=\"excerpt-hellip\"> [\u2026]<\/span><\/p>\n","protected":false},"featured_media":0,"template":"","meta":{"_monsterinsights_skip_tracking":false,"_monsterinsights_sitenote_active":false,"_monsterinsights_sitenote_note":"","_monsterinsights_sitenote_category":0},"product_brand":[],"product_cat":[12291,12509],"product_tag":[],"class_list":{"0":"post-753744","1":"product","2":"type-product","3":"status-publish","5":"product_cat-edebiyat","6":"product_cat-siir","7":"pa_cilt-ciltsiz","8":"pa_tur-kitap","9":"pa_yayinevi-gulnar-yayinlari","10":"pa_yazar-necati-koca","12":"first","13":"instock","14":"sale","15":"shipping-taxable","16":"purchasable","17":"product-type-simple"},"_links":{"self":[{"href":"https:\/\/roveyayinevi.com.tr\/index.php\/wp-json\/wp\/v2\/product\/753744","targetHints":{"allow":["GET"]}}],"collection":[{"href":"https:\/\/roveyayinevi.com.tr\/index.php\/wp-json\/wp\/v2\/product"}],"about":[{"href":"https:\/\/roveyayinevi.com.tr\/index.php\/wp-json\/wp\/v2\/types\/product"}],"wp:attachment":[{"href":"https:\/\/roveyayinevi.com.tr\/index.php\/wp-json\/wp\/v2\/media?parent=753744"}],"wp:term":[{"taxonomy":"product_brand","embeddable":true,"href":"https:\/\/roveyayinevi.com.tr\/index.php\/wp-json\/wp\/v2\/product_brand?post=753744"},{"taxonomy":"product_cat","embeddable":true,"href":"https:\/\/roveyayinevi.com.tr\/index.php\/wp-json\/wp\/v2\/product_cat?post=753744"},{"taxonomy":"product_tag","embeddable":true,"href":"https:\/\/roveyayinevi.com.tr\/index.php\/wp-json\/wp\/v2\/product_tag?post=753744"}],"curies":[{"name":"wp","href":"https:\/\/api.w.org\/{rel}","templated":true}]}}