{"id":753743,"date":"2025-08-28T05:51:37","date_gmt":"2025-08-28T02:51:37","guid":{"rendered":"https:\/\/roveyayinevi.com.tr\/index.php\/urun\/ben-aslinda-problemden-kaciyordum\/"},"modified":"2026-04-16T03:07:18","modified_gmt":"2026-04-16T00:07:18","slug":"ben-aslinda-problemden-kaciyordum","status":"publish","type":"product","link":"https:\/\/roveyayinevi.com.tr\/index.php\/urun\/ben-aslinda-problemden-kaciyordum\/","title":{"rendered":"Ben Asl\u0131nda Problemden Ka\u00e7\u0131yordum"},"content":{"rendered":"<p>Modern d\u00f6nemin aile sorunlar\u0131ndan birisi \u00e7ocuklar\u0131n evden ka\u00e7mas\u0131. Hepimiz i\u00e7in \u00e7ok tan\u0131d\u0131k ama bir o kadar da uzak bir konu. \u00c7o\u011fu kez sokakta kar\u015f\u0131la\u015faca\u011f\u0131kar\u015f\u0131la\u015fabilece\u011fi problemleri tahmin etmeksizin kendini \u201cd\u0131\u015far\u0131\u201d atan ergen, soka\u011f\u0131n ger\u00e7ekleriyle de y\u00fczle\u015fmek zorunda kal\u0131r. 10 ya\u015f alt\u0131nda olan \u00e7ocuklar\u0131n insan ticaretinin kurban\u0131 olma ihtmalinin y\u00fcksek oldu\u011fu g\u00f6r\u00fclmektedir. Ergenlik d\u00f6neminin  doruklar\u0131nda olanlar\u0131n ise, antisosyal davran\u0131\u015flarda bulunmalar\u0131, zararl\u0131 al\u0131\u015fkanl\u0131klar (sigara, alkol, uyu\u015fturucu maddeler kullanmas\u0131) edinmesi, su\u00e7a kar\u0131\u015fmas\u0131 (sald\u0131r\u0131, kavgalara kar\u0131\u015fma, h\u0131rs\u0131zl\u0131k, cinayet i\u015fleme vs.),  tecav\u00fcz veya taciz etmemaruz kalma, fiziksel, duygusal ve cinsel istismar etmemaruz kalma, AIDSHIV ve di\u011fer bula\u015f\u0131c\u0131 hastal\u0131klara yakalanma riski y\u00fcksektir. \u2019Ben Asl\u0131nda Problemden Ka\u00e7\u0131yordum\u2019\u2019 kitab\u0131n\u0131n ebeveynler ve ergenleri anlamaya \u00e7al\u0131\u015fan ara\u015ft\u0131rmac\u0131lar i\u00e7in \u00f6nemli bir kaynak olaca\u011f\u0131n\u0131 d\u00fc\u015f\u00fcn\u00fcyoruz. Bu kitap hepimizin g\u00f6z\u00fcn\u00fcn \u00f6n\u00fcnde olan ama umursamad\u0131\u011f\u0131m\u0131z evden ka\u00e7ma olgusunu yeniden g\u00fcndeme ta\u015f\u0131yor. <\/p>\n","protected":false},"excerpt":{"rendered":"<p>Modern d\u00f6nemin aile sorunlar\u0131ndan birisi \u00e7ocuklar\u0131n evden ka\u00e7mas\u0131. Hepimiz i\u00e7in \u00e7ok tan\u0131d\u0131k ama bir o kadar da uzak bir konu. \u00c7o\u011fu kez sokakta kar\u015f\u0131la\u015faca\u011f\u0131kar\u015f\u0131la\u015fabilece\u011fi problemleri tahmin<span class=\"excerpt-hellip\"> [\u2026]<\/span><\/p>\n","protected":false},"featured_media":0,"template":"","meta":{"_monsterinsights_skip_tracking":false,"_monsterinsights_sitenote_active":false,"_monsterinsights_sitenote_note":"","_monsterinsights_sitenote_category":0},"product_brand":[],"product_cat":[12357],"product_tag":[],"class_list":{"0":"post-753743","1":"product","2":"type-product","3":"status-publish","5":"product_cat-psikoloji","6":"pa_cilt-ciltsiz","7":"pa_tur-kitap","8":"pa_yayinevi-topos-yayinlari","9":"pa_yazar-lale-allahverdiyeva","11":"first","12":"instock","13":"sale","14":"shipping-taxable","15":"purchasable","16":"product-type-simple"},"_links":{"self":[{"href":"https:\/\/roveyayinevi.com.tr\/index.php\/wp-json\/wp\/v2\/product\/753743","targetHints":{"allow":["GET"]}}],"collection":[{"href":"https:\/\/roveyayinevi.com.tr\/index.php\/wp-json\/wp\/v2\/product"}],"about":[{"href":"https:\/\/roveyayinevi.com.tr\/index.php\/wp-json\/wp\/v2\/types\/product"}],"wp:attachment":[{"href":"https:\/\/roveyayinevi.com.tr\/index.php\/wp-json\/wp\/v2\/media?parent=753743"}],"wp:term":[{"taxonomy":"product_brand","embeddable":true,"href":"https:\/\/roveyayinevi.com.tr\/index.php\/wp-json\/wp\/v2\/product_brand?post=753743"},{"taxonomy":"product_cat","embeddable":true,"href":"https:\/\/roveyayinevi.com.tr\/index.php\/wp-json\/wp\/v2\/product_cat?post=753743"},{"taxonomy":"product_tag","embeddable":true,"href":"https:\/\/roveyayinevi.com.tr\/index.php\/wp-json\/wp\/v2\/product_tag?post=753743"}],"curies":[{"name":"wp","href":"https:\/\/api.w.org\/{rel}","templated":true}]}}