{"id":753741,"date":"2025-08-28T05:51:33","date_gmt":"2025-08-28T02:51:33","guid":{"rendered":"https:\/\/roveyayinevi.com.tr\/index.php\/urun\/hangimizi-daha-cok-seviyorsun\/"},"modified":"2026-04-16T03:07:18","modified_gmt":"2026-04-16T00:07:18","slug":"hangimizi-daha-cok-seviyorsun","status":"publish","type":"product","link":"https:\/\/roveyayinevi.com.tr\/index.php\/urun\/hangimizi-daha-cok-seviyorsun\/","title":{"rendered":"Hangimizi Daha \u00c7ok Seviyorsun ?"},"content":{"rendered":"<p>Eve yeni bir karde\u015f geldi\u011finde,Nas\u0131l hissediyor minik kalpleri?Nedir ak\u0131llar\u0131ndaki en b\u00fcy\u00fck soru, biliyor musun?\u201cHangimizi Daha \u00c7ok Seviyorsun?\u201d <\/p>\n","protected":false},"excerpt":{"rendered":"<p>Eve yeni bir karde\u015f geldi\u011finde,Nas\u0131l hissediyor minik kalpleri?Nedir ak\u0131llar\u0131ndaki en b\u00fcy\u00fck soru, biliyor musun?\u201cHangimizi Daha \u00c7ok Seviyorsun?\u201d<\/p>\n","protected":false},"featured_media":0,"template":"","meta":{"_monsterinsights_skip_tracking":false,"_monsterinsights_sitenote_active":false,"_monsterinsights_sitenote_note":"","_monsterinsights_sitenote_category":0},"product_brand":[],"product_cat":[12274,12284],"product_tag":[],"class_list":{"0":"post-753741","1":"product","2":"type-product","3":"status-publish","5":"product_cat-cocuk-ve-genclik-kitaplari","6":"product_cat-hikayeler","7":"pa_cilt-ciltsiz","8":"pa_tur-kitap","9":"pa_yayinevi-nesil-cocuk-yayinlari","10":"pa_yazar-seyma-cekici","12":"first","13":"instock","14":"sale","15":"shipping-taxable","16":"purchasable","17":"product-type-simple"},"_links":{"self":[{"href":"https:\/\/roveyayinevi.com.tr\/index.php\/wp-json\/wp\/v2\/product\/753741","targetHints":{"allow":["GET"]}}],"collection":[{"href":"https:\/\/roveyayinevi.com.tr\/index.php\/wp-json\/wp\/v2\/product"}],"about":[{"href":"https:\/\/roveyayinevi.com.tr\/index.php\/wp-json\/wp\/v2\/types\/product"}],"wp:attachment":[{"href":"https:\/\/roveyayinevi.com.tr\/index.php\/wp-json\/wp\/v2\/media?parent=753741"}],"wp:term":[{"taxonomy":"product_brand","embeddable":true,"href":"https:\/\/roveyayinevi.com.tr\/index.php\/wp-json\/wp\/v2\/product_brand?post=753741"},{"taxonomy":"product_cat","embeddable":true,"href":"https:\/\/roveyayinevi.com.tr\/index.php\/wp-json\/wp\/v2\/product_cat?post=753741"},{"taxonomy":"product_tag","embeddable":true,"href":"https:\/\/roveyayinevi.com.tr\/index.php\/wp-json\/wp\/v2\/product_tag?post=753741"}],"curies":[{"name":"wp","href":"https:\/\/api.w.org\/{rel}","templated":true}]}}