{"id":753740,"date":"2025-08-28T05:51:32","date_gmt":"2025-08-28T02:51:32","guid":{"rendered":"https:\/\/roveyayinevi.com.tr\/index.php\/urun\/dagilan-misketler\/"},"modified":"2026-04-16T03:07:18","modified_gmt":"2026-04-16T00:07:18","slug":"dagilan-misketler","status":"publish","type":"product","link":"https:\/\/roveyayinevi.com.tr\/index.php\/urun\/dagilan-misketler\/","title":{"rendered":"Da\u011f\u0131lan Misketler"},"content":{"rendered":"<p>Bazen misketler da\u011f\u0131l\u0131r. Bazen de bir \u00e7ocu\u011fun kalbi\u2026 G\u00fcven duyulan bir omuz, duygular\u0131m\u0131z\u0131 anlayan biri i\u00e7imizdeki da\u011f\u0131n\u0131klar\u0131 toplar. Misketleriyse bir \u00e7ocuk safl\u0131\u011f\u0131\u2026 Bakal\u0131m Talha\u2019n\u0131n oyunu ve kalbi nas\u0131l da\u011f\u0131ld\u0131? Ve babas\u0131 toplamas\u0131na nas\u0131l yard\u0131m etti? <\/p>\n","protected":false},"excerpt":{"rendered":"<p>Bazen misketler da\u011f\u0131l\u0131r. Bazen de bir \u00e7ocu\u011fun kalbi\u2026 G\u00fcven duyulan bir omuz, duygular\u0131m\u0131z\u0131 anlayan biri i\u00e7imizdeki da\u011f\u0131n\u0131klar\u0131 toplar. Misketleriyse bir \u00e7ocuk safl\u0131\u011f\u0131\u2026 Bakal\u0131m Talha\u2019n\u0131n oyunu ve<span class=\"excerpt-hellip\"> [\u2026]<\/span><\/p>\n","protected":false},"featured_media":0,"template":"","meta":{"_monsterinsights_skip_tracking":false,"_monsterinsights_sitenote_active":false,"_monsterinsights_sitenote_note":"","_monsterinsights_sitenote_category":0},"product_brand":[],"product_cat":[12274,12284],"product_tag":[],"class_list":{"0":"post-753740","1":"product","2":"type-product","3":"status-publish","5":"product_cat-cocuk-ve-genclik-kitaplari","6":"product_cat-hikayeler","7":"pa_cilt-ciltsiz","8":"pa_tur-kitap","9":"pa_yayinevi-nesil-cocuk-yayinlari","10":"pa_yazar-tugba-akbey-inan-rabia-gulcan-kardas","12":"first","13":"instock","14":"sale","15":"shipping-taxable","16":"purchasable","17":"product-type-simple"},"_links":{"self":[{"href":"https:\/\/roveyayinevi.com.tr\/index.php\/wp-json\/wp\/v2\/product\/753740","targetHints":{"allow":["GET"]}}],"collection":[{"href":"https:\/\/roveyayinevi.com.tr\/index.php\/wp-json\/wp\/v2\/product"}],"about":[{"href":"https:\/\/roveyayinevi.com.tr\/index.php\/wp-json\/wp\/v2\/types\/product"}],"wp:attachment":[{"href":"https:\/\/roveyayinevi.com.tr\/index.php\/wp-json\/wp\/v2\/media?parent=753740"}],"wp:term":[{"taxonomy":"product_brand","embeddable":true,"href":"https:\/\/roveyayinevi.com.tr\/index.php\/wp-json\/wp\/v2\/product_brand?post=753740"},{"taxonomy":"product_cat","embeddable":true,"href":"https:\/\/roveyayinevi.com.tr\/index.php\/wp-json\/wp\/v2\/product_cat?post=753740"},{"taxonomy":"product_tag","embeddable":true,"href":"https:\/\/roveyayinevi.com.tr\/index.php\/wp-json\/wp\/v2\/product_tag?post=753740"}],"curies":[{"name":"wp","href":"https:\/\/api.w.org\/{rel}","templated":true}]}}