{"id":753735,"date":"2025-08-28T05:51:23","date_gmt":"2025-08-28T02:51:23","guid":{"rendered":"https:\/\/roveyayinevi.com.tr\/index.php\/urun\/benim-hala-umudum-var\/"},"modified":"2026-04-15T03:17:11","modified_gmt":"2026-04-15T00:17:11","slug":"benim-hala-umudum-var","status":"publish","type":"product","link":"https:\/\/roveyayinevi.com.tr\/index.php\/urun\/benim-hala-umudum-var\/","title":{"rendered":"Benim Hala Umudum Var"},"content":{"rendered":"<p>Elbet herkesin bir duas\u0131 vard\u0131r Bir\u00e7o\u011fu sevdi\u011fime kavu\u015ftur Bir\u00e7o\u011fu ise Allah\u2019\u0131m ay\u0131rma Benim duam ise Allah\u2019\u0131m unuttur<\/p>\n","protected":false},"excerpt":{"rendered":"<p>Elbet herkesin bir duas\u0131 vard\u0131r Bir\u00e7o\u011fu sevdi\u011fime kavu\u015ftur Bir\u00e7o\u011fu ise Allah\u2019\u0131m ay\u0131rma Benim duam ise Allah\u2019\u0131m unuttur<\/p>\n","protected":false},"featured_media":0,"template":"","meta":{"_monsterinsights_skip_tracking":false,"_monsterinsights_sitenote_active":false,"_monsterinsights_sitenote_note":"","_monsterinsights_sitenote_category":0},"product_brand":[],"product_cat":[12291,12509],"product_tag":[],"class_list":{"0":"post-753735","1":"product","2":"type-product","3":"status-publish","5":"product_cat-edebiyat","6":"product_cat-siir","7":"pa_cilt-ciltsiz","8":"pa_tur-kitap","9":"pa_yayinevi-cinius-yayinlari","10":"pa_yazar-melisa-korkmaz","12":"first","13":"instock","14":"sale","15":"shipping-taxable","16":"purchasable","17":"product-type-simple"},"_links":{"self":[{"href":"https:\/\/roveyayinevi.com.tr\/index.php\/wp-json\/wp\/v2\/product\/753735","targetHints":{"allow":["GET"]}}],"collection":[{"href":"https:\/\/roveyayinevi.com.tr\/index.php\/wp-json\/wp\/v2\/product"}],"about":[{"href":"https:\/\/roveyayinevi.com.tr\/index.php\/wp-json\/wp\/v2\/types\/product"}],"wp:attachment":[{"href":"https:\/\/roveyayinevi.com.tr\/index.php\/wp-json\/wp\/v2\/media?parent=753735"}],"wp:term":[{"taxonomy":"product_brand","embeddable":true,"href":"https:\/\/roveyayinevi.com.tr\/index.php\/wp-json\/wp\/v2\/product_brand?post=753735"},{"taxonomy":"product_cat","embeddable":true,"href":"https:\/\/roveyayinevi.com.tr\/index.php\/wp-json\/wp\/v2\/product_cat?post=753735"},{"taxonomy":"product_tag","embeddable":true,"href":"https:\/\/roveyayinevi.com.tr\/index.php\/wp-json\/wp\/v2\/product_tag?post=753735"}],"curies":[{"name":"wp","href":"https:\/\/api.w.org\/{rel}","templated":true}]}}