{"id":753734,"date":"2025-08-28T05:51:21","date_gmt":"2025-08-28T02:51:21","guid":{"rendered":"https:\/\/roveyayinevi.com.tr\/index.php\/urun\/tanrilarin-golgesi-ciltli\/"},"modified":"2026-04-16T03:07:17","modified_gmt":"2026-04-16T00:07:17","slug":"tanrilarin-golgesi-ciltli","status":"publish","type":"product","link":"https:\/\/roveyayinevi.com.tr\/index.php\/urun\/tanrilarin-golgesi-ciltli\/","title":{"rendered":"Tanr\u0131lar\u0131n G\u00f6lgesi (Ciltli)"},"content":{"rendered":"<p>Tanr\u0131lar\u0131n sava\u015f\u0131p kendilerini yok olu\u015fa s\u00fcr\u00fcklemesinden sonra, d\u00fc\u015f\u00fc\u015flerinin yaratt\u0131\u011f\u0131 tufan Vigri\u00f0 topraklar\u0131n\u0131 parampar\u00e7a etmi\u015fti. \u015eimdiyse iktidar h\u0131rs\u0131yla yan\u0131p tutu\u015fan mevkibeylerinin kan davas\u0131 g\u00fctt\u00fc\u011f\u00fc, canavarlar\u0131n ormanlarda ve da\u011flarda kol gezdi\u011fi yeni bir d\u00fcnya y\u00fckseliyordu. \u00d6l\u00fc tanr\u0131lar\u0131n b\u00fcy\u00fck g\u00fcce sahip kemiklerini aramaya \u00e7\u0131kacak kadar cesur -ya da \u00e7aresiz- olanlar\u0131n ya\u015fad\u0131\u011f\u0131 bir d\u00fcnya. Sava\u015f s\u00f6ylentileri da\u011flarda ve fiyortlarda yank\u0131lan\u0131rken kader \u00fc\u00e7 ki\u015finin ayak izlerini takip ediyordu. Tehlikeli bir aray\u0131\u015f\u0131n i\u00e7indeki bir avc\u0131, sava\u015f \u015f\u00f6hretinin pe\u015fine d\u00fc\u015f\u00fcp ayr\u0131cal\u0131kl\u0131 hayat\u0131 reddeden bir soylu ve Kan Yeminliler olarak bilinen \u00fcnl\u00fc paral\u0131 askerlerin aras\u0131nda intikam pe\u015finde ko\u015fan bir k\u00f6le.<\/p>\n","protected":false},"excerpt":{"rendered":"<p>Tanr\u0131lar\u0131n sava\u015f\u0131p kendilerini yok olu\u015fa s\u00fcr\u00fcklemesinden sonra, d\u00fc\u015f\u00fc\u015flerinin yaratt\u0131\u011f\u0131 tufan Vigri\u00f0 topraklar\u0131n\u0131 parampar\u00e7a etmi\u015fti. \u015eimdiyse iktidar h\u0131rs\u0131yla yan\u0131p tutu\u015fan mevkibeylerinin kan davas\u0131 g\u00fctt\u00fc\u011f\u00fc, canavarlar\u0131n ormanlarda ve<span class=\"excerpt-hellip\"> [\u2026]<\/span><\/p>\n","protected":false},"featured_media":0,"template":"","meta":{"_monsterinsights_skip_tracking":false,"_monsterinsights_sitenote_active":false,"_monsterinsights_sitenote_note":"","_monsterinsights_sitenote_category":0},"product_brand":[],"product_cat":[12291,14777],"product_tag":[],"class_list":{"0":"post-753734","1":"product","2":"type-product","3":"status-publish","5":"product_cat-edebiyat","6":"product_cat-fantastik","7":"pa_cilt-ciltli","8":"pa_tur-kitap","9":"pa_yayinevi-marti-yayinlari","10":"pa_yazar-john-gwynne","12":"first","13":"instock","14":"sale","15":"shipping-taxable","16":"purchasable","17":"product-type-simple"},"_links":{"self":[{"href":"https:\/\/roveyayinevi.com.tr\/index.php\/wp-json\/wp\/v2\/product\/753734","targetHints":{"allow":["GET"]}}],"collection":[{"href":"https:\/\/roveyayinevi.com.tr\/index.php\/wp-json\/wp\/v2\/product"}],"about":[{"href":"https:\/\/roveyayinevi.com.tr\/index.php\/wp-json\/wp\/v2\/types\/product"}],"wp:attachment":[{"href":"https:\/\/roveyayinevi.com.tr\/index.php\/wp-json\/wp\/v2\/media?parent=753734"}],"wp:term":[{"taxonomy":"product_brand","embeddable":true,"href":"https:\/\/roveyayinevi.com.tr\/index.php\/wp-json\/wp\/v2\/product_brand?post=753734"},{"taxonomy":"product_cat","embeddable":true,"href":"https:\/\/roveyayinevi.com.tr\/index.php\/wp-json\/wp\/v2\/product_cat?post=753734"},{"taxonomy":"product_tag","embeddable":true,"href":"https:\/\/roveyayinevi.com.tr\/index.php\/wp-json\/wp\/v2\/product_tag?post=753734"}],"curies":[{"name":"wp","href":"https:\/\/api.w.org\/{rel}","templated":true}]}}