{"id":753732,"date":"2025-08-28T05:51:18","date_gmt":"2025-08-28T02:51:18","guid":{"rendered":"https:\/\/roveyayinevi.com.tr\/index.php\/urun\/toksik-isyeri\/"},"modified":"2026-04-16T03:07:17","modified_gmt":"2026-04-16T00:07:17","slug":"toksik-isyeri","status":"publish","type":"product","link":"https:\/\/roveyayinevi.com.tr\/index.php\/urun\/toksik-isyeri\/","title":{"rendered":"Toksik \u0130\u015fyeri"},"content":{"rendered":"<p>\u0130\u015fyerlerimizdeki e\u015fitsizliklerin \u201cnas\u0131l\u201d\u0131 hakk\u0131nda, adil davranmayan bir patrona veya i\u015f arkada\u015f\u0131na nas\u0131l yan\u0131t verece\u011fimiz ya da o ki\u015finin davran\u0131\u015flar\u0131n\u0131 nas\u0131l de\u011fi\u015ftirmesi gerekti\u011fine dair yeterince konu\u015fmuyoruz. Bu hepimizi etkileyen bir sorun, hepimiz \u2013fark\u0131nda olmasak da\u2013 baz\u0131 insanlar\u0131 d\u0131\u015flar, onlar\u0131n de\u011ferini d\u00fc\u015f\u00fcr\u00fcr ve potansiyellerini yeterince kullanmazken, di\u011ferlerini i\u015fe dahil eder, onlara a\u015f\u0131r\u0131 de\u011fer verir ve onlar\u0131 terfi ettiririz. Bu gibi kli\u015feler ve \u00f6nyarg\u0131lar sadece adil olmamakla kalmaz ayn\u0131 zamanda verimsizli\u011fe de yol a\u00e7ar.   Kim Scott ger\u00e7ek zarara neden olan uygunsuz tutum ve davran\u0131\u015flar\u0131n nas\u0131l fark edilece\u011fini g\u00f6zler \u00f6n\u00fcne seriyor. Bu mekanizmalar\u0131n e\u015fitsizli\u011fi ve adaletsizli\u011fi nas\u0131l s\u00fcrd\u00fcrd\u00fc\u011f\u00fcn\u00fc ve \u015firketlerin ba\u015far\u0131l\u0131 olmas\u0131n\u0131 nas\u0131l engelledi\u011fini anlamaya yard\u0131mc\u0131 oluyor.   Toksik \u0130\u015fyeri, herkesin birbiriyle etkili bir \u015fekilde \u00e7al\u0131\u015fmas\u0131na olanak tan\u0131yan sayg\u0131 atmosferinin oldu\u011fu bir k\u00fclt\u00fcr in\u015fa etmek i\u00e7in eksiksiz bir strateji. Liderlerin ve ekiplerinin, potansiyellerini g\u00f6stermesini ve birlikte \u00e7al\u0131\u015fman\u0131n keyfini hissetmesini sa\u011flayan bir i\u015fyerini nas\u0131l yaratmalar\u0131 gerekti\u011fine dair ihtiya\u00e7 duyulan bir rehber.    \u201cKim Scott cesur bir vizyon sunuyor: Sayg\u0131 ve i\u015fbirli\u011finin tahakk\u00fcm ve uyumlulu\u011fa \u00fcst\u00fcn geldi\u011fi bir i\u015fyeri. Toksik \u0130\u015fyeri, ahlaki cesaret ve pratik \u00e7\u00f6z\u00fcmlerin parlak bir bile\u015fimi.\u201d \u2014Daniel H. Pink   \u201c\u0130\u015fbirli\u011fi ve sayg\u0131 yoluyla \u00f6nyarg\u0131 ve ayr\u0131mc\u0131l\u0131kla m\u00fccadele i\u00e7in uygulanabilir, etkili yollar.\u201d \u2014Sheryl Sandberg <\/p>\n","protected":false},"excerpt":{"rendered":"<p>\u0130\u015fyerlerimizdeki e\u015fitsizliklerin \u201cnas\u0131l\u201d\u0131 hakk\u0131nda, adil davranmayan bir patrona veya i\u015f arkada\u015f\u0131na nas\u0131l yan\u0131t verece\u011fimiz ya da o ki\u015finin davran\u0131\u015flar\u0131n\u0131 nas\u0131l de\u011fi\u015ftirmesi gerekti\u011fine dair yeterince konu\u015fmuyoruz. Bu<span class=\"excerpt-hellip\"> [\u2026]<\/span><\/p>\n","protected":false},"featured_media":0,"template":"","meta":{"_monsterinsights_skip_tracking":false,"_monsterinsights_sitenote_active":false,"_monsterinsights_sitenote_note":"","_monsterinsights_sitenote_category":0},"product_brand":[],"product_cat":[13043,17647],"product_tag":[],"class_list":{"0":"post-753732","1":"product","2":"type-product","3":"status-publish","5":"product_cat-ekonomi","6":"product_cat-is-dunyasi","7":"pa_cilt-ciltsiz","8":"pa_tur-kitap","9":"pa_yayinevi-nova-kitap","10":"pa_yazar-kim-scott","12":"first","13":"instock","14":"sale","15":"shipping-taxable","16":"purchasable","17":"product-type-simple"},"_links":{"self":[{"href":"https:\/\/roveyayinevi.com.tr\/index.php\/wp-json\/wp\/v2\/product\/753732","targetHints":{"allow":["GET"]}}],"collection":[{"href":"https:\/\/roveyayinevi.com.tr\/index.php\/wp-json\/wp\/v2\/product"}],"about":[{"href":"https:\/\/roveyayinevi.com.tr\/index.php\/wp-json\/wp\/v2\/types\/product"}],"wp:attachment":[{"href":"https:\/\/roveyayinevi.com.tr\/index.php\/wp-json\/wp\/v2\/media?parent=753732"}],"wp:term":[{"taxonomy":"product_brand","embeddable":true,"href":"https:\/\/roveyayinevi.com.tr\/index.php\/wp-json\/wp\/v2\/product_brand?post=753732"},{"taxonomy":"product_cat","embeddable":true,"href":"https:\/\/roveyayinevi.com.tr\/index.php\/wp-json\/wp\/v2\/product_cat?post=753732"},{"taxonomy":"product_tag","embeddable":true,"href":"https:\/\/roveyayinevi.com.tr\/index.php\/wp-json\/wp\/v2\/product_tag?post=753732"}],"curies":[{"name":"wp","href":"https:\/\/api.w.org\/{rel}","templated":true}]}}