{"id":753730,"date":"2025-08-28T05:51:15","date_gmt":"2025-08-28T02:51:15","guid":{"rendered":"https:\/\/roveyayinevi.com.tr\/index.php\/urun\/gorevimiz-suyu-korumak\/"},"modified":"2026-04-16T03:07:17","modified_gmt":"2026-04-16T00:07:17","slug":"gorevimiz-suyu-korumak","status":"publish","type":"product","link":"https:\/\/roveyayinevi.com.tr\/index.php\/urun\/gorevimiz-suyu-korumak\/","title":{"rendered":"G\u00f6revimiz Suyu Korumak"},"content":{"rendered":"<p>G\u00d6REV\u0130M\u0130Z SUYU KORUMAKFR\u00c9D\u00c9RIQUE BASSET \/ L\u00c9O LOUIS-HONOR\u00c9Su olmadan hayat olmaz!Su her yerde! Toprakta, bitkilerde, hatta v\u00fccudumuzda! Gezegenimizi e\u015fsiz k\u0131lan, onsuz ya\u015fayamayaca\u011f\u0131m\u0131z \u201cmavi alt\u0131n\u201d, yani su, en de\u011ferli varl\u0131\u011f\u0131m\u0131z.Su kaynaklar\u0131na yeterince iyi bakmaz, d\u00f6ng\u00fcs\u00fcn\u00fc bozar ve onu bo\u015f yere israf edersek neler olur, hi\u00e7 d\u00fc\u015f\u00fcnd\u00fcn\u00fcz m\u00fc?Can s\u0131k\u0131nt\u0131s\u0131ndan bah\u00e7eyi sulamak, hen\u00fcz kirlenmemi\u015f bir arabay\u0131 y\u0131kamak, di\u015flerimizi f\u0131r\u00e7alarken suyu bo\u015fa ak\u0131tmak, \u00e7ift sifonlu klozet yerine tek sifonlu kullanmak&#8230; Peki, g\u00fcnl\u00fck hayatta ka\u00e7 litre su kullan\u0131ld\u0131\u011f\u0131n\u0131 biliyor musunuz?Basit bir pamuklu ti\u015f\u00f6rt veya kot pantolon yapmak i\u00e7in ka\u00e7 litre su gerekti\u011fini hayal bile edemezsiniz!Su kaynaklar\u0131m\u0131z s\u0131n\u0131rl\u0131 ve her ge\u00e7en g\u00fcn t\u00fckeniyor. Okyanuslar ve denizler \u00e7\u00f6plerle dolu, k\u00fcresel \u0131s\u0131nma nedeniyle ya\u011f\u0131\u015flar azal\u0131p kurakl\u0131k art\u0131yor.Neyse ki, insan eliyle gelen kirlili\u011fin ve akarsu yataklar\u0131n\u0131n de\u011fi\u015ftirilmesinin yaratt\u0131\u011f\u0131 ekolojik felaketin bilincindeyiz.Tam da bu y\u00fczden bir an \u00f6nce harekete ge\u00e7meliyiz!Temel ihtiyac\u0131m\u0131z su konusunda nas\u0131l tasarruf yapmam\u0131z gerekti\u011fini oda\u011f\u0131na alan G\u00f6revimiz Suyu Korumak, okurlar\u0131n fark\u0131ndal\u0131\u011f\u0131n\u0131 art\u0131rmakla kalm\u0131yor, ayn\u0131 zamanda kollar\u0131 s\u0131vay\u0131p suyu korumak i\u00e7in g\u00f6rev ba\u015f\u0131na \u00e7a\u011f\u0131r\u0131yor.  \u00c7evre bilinci kazand\u0131rmak amac\u0131yla haz\u0131rlanan \u201cGezegenimizi Koruyal\u0131m!\u201d dizisinin \u201cKendini Suya B\u0131rak!\u201d demeyi \u00f6\u011freten bu halkas\u0131, e\u011flenceli oyunlar ve resimler e\u015fli\u011finde, suya dair A&#8217;dan Z&#8217;ye  bilgi veriyor; uygulamas\u0131 kolay \u00e7e\u015fitli y\u00f6ntemler ve ipu\u00e7lar\u0131 payla\u015farak su kaynaklar\u0131n\u0131 nas\u0131l korumam\u0131z gerekti\u011fine y\u00f6nelik \u00f6nemli a\u00e7\u0131klamalarda bulunuyor.Unutmay\u0131n, damlaya damlaya g\u00f6l olur!<\/p>\n","protected":false},"excerpt":{"rendered":"<p>G\u00d6REV\u0130M\u0130Z SUYU KORUMAKFR\u00c9D\u00c9RIQUE BASSET \/ L\u00c9O LOUIS-HONOR\u00c9Su olmadan hayat olmaz!Su her yerde! Toprakta, bitkilerde, hatta v\u00fccudumuzda! Gezegenimizi e\u015fsiz k\u0131lan, onsuz ya\u015fayamayaca\u011f\u0131m\u0131z \u201cmavi alt\u0131n\u201d, yani su, en<span class=\"excerpt-hellip\"> [\u2026]<\/span><\/p>\n","protected":false},"featured_media":0,"template":"","meta":{"_monsterinsights_skip_tracking":false,"_monsterinsights_sitenote_active":false,"_monsterinsights_sitenote_note":"","_monsterinsights_sitenote_category":0},"product_brand":[],"product_cat":[12365,12364],"product_tag":[],"class_list":{"0":"post-753730","1":"product","2":"type-product","3":"status-publish","5":"product_cat-diger-genel-konular","6":"product_cat-genel-konular","7":"pa_cilt-ciltsiz","8":"pa_tur-kitap","9":"pa_yayinevi-tudem-yayinlari","10":"pa_yazar-frederique-basset","12":"first","13":"instock","14":"sale","15":"shipping-taxable","16":"purchasable","17":"product-type-simple"},"_links":{"self":[{"href":"https:\/\/roveyayinevi.com.tr\/index.php\/wp-json\/wp\/v2\/product\/753730","targetHints":{"allow":["GET"]}}],"collection":[{"href":"https:\/\/roveyayinevi.com.tr\/index.php\/wp-json\/wp\/v2\/product"}],"about":[{"href":"https:\/\/roveyayinevi.com.tr\/index.php\/wp-json\/wp\/v2\/types\/product"}],"wp:attachment":[{"href":"https:\/\/roveyayinevi.com.tr\/index.php\/wp-json\/wp\/v2\/media?parent=753730"}],"wp:term":[{"taxonomy":"product_brand","embeddable":true,"href":"https:\/\/roveyayinevi.com.tr\/index.php\/wp-json\/wp\/v2\/product_brand?post=753730"},{"taxonomy":"product_cat","embeddable":true,"href":"https:\/\/roveyayinevi.com.tr\/index.php\/wp-json\/wp\/v2\/product_cat?post=753730"},{"taxonomy":"product_tag","embeddable":true,"href":"https:\/\/roveyayinevi.com.tr\/index.php\/wp-json\/wp\/v2\/product_tag?post=753730"}],"curies":[{"name":"wp","href":"https:\/\/api.w.org\/{rel}","templated":true}]}}