{"id":753729,"date":"2025-08-28T05:51:14","date_gmt":"2025-08-28T02:51:14","guid":{"rendered":"https:\/\/roveyayinevi.com.tr\/index.php\/urun\/gorevimiz-dijital-guvenlik\/"},"modified":"2026-04-16T03:07:17","modified_gmt":"2026-04-16T00:07:17","slug":"gorevimiz-dijital-guvenlik","status":"publish","type":"product","link":"https:\/\/roveyayinevi.com.tr\/index.php\/urun\/gorevimiz-dijital-guvenlik\/","title":{"rendered":"G\u00f6revimiz Dijital G\u00fcvenlik"},"content":{"rendered":"<p>G\u00d6REV\u0130M\u0130Z D\u0130J\u0130TAL G\u00dcVENL\u0130KLAURENCE BRIL \/ L\u00c9O LOUIS-HONOR\u00c9Dijital hayata meydan okuyun!Bili\u015fim d\u00fcnyas\u0131nda t\u00fcm s\u0131n\u0131rlar\u0131n zorland\u0131\u011f\u0131, ola\u011fan\u00fcst\u00fc bir \u00e7a\u011fday\u0131z!\u00d6te yandan; internet, televizyon, ak\u0131ll\u0131 telefonlar, tablet, oyun konsolu derken bizleri g\u00f6r\u00fcnmez zincirlerle kendine ba\u011flayan sosyal medya uygulamalar\u0131 y\u00fcz\u00fcnden ger\u00e7ek bir dijital istila ile kar\u015f\u0131 kar\u015f\u0131yay\u0131z!G\u00fcn\u00fcm\u00fczde internet ve teknolojik aletler en b\u00fcy\u00fck olmazsa olmaz\u0131m\u0131z. Her g\u00fcn ekran kar\u015f\u0131s\u0131nda saatler ge\u00e7iriyor ama bunu fark etmiyoruz bile!Dijital teknolojiyi \u201cg\u00f6remememiz\u201d \u00e7evremiz \u00fczerinde hi\u00e7bir etkisi olmad\u0131\u011f\u0131 anlam\u0131na da gelmiyor \u015f\u00fcphesiz! Peki, internette arama yaparken, buldu\u011fumuz bilgilerin do\u011frulu\u011fundan ne kadar eminiz?Bilgisayar\u0131m\u0131zda depolanan \u00e7erezler y\u00fcz\u00fcnden kimli\u011fimizin tespit edilmesinin an meselesi oldu\u011funu s\u00f6ylesek!Evet, birileri kim oldu\u011fumuzu ve nelerden ho\u015fland\u0131\u011f\u0131m\u0131z\u0131 \u00e7ok iyi biliyor.Yoksa dijital teknoloji, ger\u00e7ekte bir enerji canavar\u0131 m\u0131?!Dijital d\u00fcnyan\u0131n bize sundu\u011fu nimetlerden nas\u0131l sa\u011fl\u0131kl\u0131 ve g\u00fcvenli \u015fekilde faydalanabilece\u011fimizi anlatan G\u00f6revimiz Dijital G\u00fcvenlik, okurlar\u0131 teknoloji ba\u011f\u0131ml\u0131l\u0131\u011f\u0131n\u0131n sonu\u00e7lar\u0131 \u00fczerine d\u00fc\u015f\u00fcnd\u00fcrmekle kalm\u0131yor, ayn\u0131 zamanda kollar\u0131 s\u0131vay\u0131p dijital hayata meydan okumaya \u00e7a\u011f\u0131r\u0131yor.  \u00c7evre bilinci kazand\u0131rmak amac\u0131yla haz\u0131rlanan \u201cGezegenimizi Koruyal\u0131m!\u201d dizisinin \u201cBenim Beynim Google&#8217;dan \u00dcst\u00fcn!\u201d demeyi \u00f6\u011freten bu halkas\u0131, e\u011flenceli bulmacalar, oyunlar ve resimler e\u015fli\u011finde, geli\u015fen teknolojiler ile internetin d\u00fcnyam\u0131za etkilerini A&#8217;dan Z&#8217;ye oda\u011f\u0131na al\u0131yor; uygulamas\u0131 kolay \u00e7e\u015fitli y\u00f6ntemler ve ipu\u00e7lar\u0131 payla\u015farak ki\u015fisel bilgi g\u00fcvenli\u011finin sa\u011flanmas\u0131na y\u00f6nelik \u00f6nemli a\u00e7\u0131klamalarda bulunuyor.Unutmay\u0131n, dijital teknolojilerin bizi kontrol edeni de\u011fil, hayat\u0131m\u0131z\u0131 kolayla\u015ft\u0131ran\u0131 makbuld\u00fcr.<\/p>\n","protected":false},"excerpt":{"rendered":"<p>G\u00d6REV\u0130M\u0130Z D\u0130J\u0130TAL G\u00dcVENL\u0130KLAURENCE BRIL \/ L\u00c9O LOUIS-HONOR\u00c9Dijital hayata meydan okuyun!Bili\u015fim d\u00fcnyas\u0131nda t\u00fcm s\u0131n\u0131rlar\u0131n zorland\u0131\u011f\u0131, ola\u011fan\u00fcst\u00fc bir \u00e7a\u011fday\u0131z!\u00d6te yandan; internet, televizyon, ak\u0131ll\u0131 telefonlar, tablet, oyun konsolu derken<span class=\"excerpt-hellip\"> [\u2026]<\/span><\/p>\n","protected":false},"featured_media":0,"template":"","meta":{"_monsterinsights_skip_tracking":false,"_monsterinsights_sitenote_active":false,"_monsterinsights_sitenote_note":"","_monsterinsights_sitenote_category":0},"product_brand":[],"product_cat":[12365,12364],"product_tag":[],"class_list":{"0":"post-753729","1":"product","2":"type-product","3":"status-publish","5":"product_cat-diger-genel-konular","6":"product_cat-genel-konular","7":"pa_cilt-ciltsiz","8":"pa_tur-kitap","9":"pa_yayinevi-tudem-yayinlari","10":"pa_yazar-laurence-bril","12":"first","13":"instock","14":"sale","15":"shipping-taxable","16":"purchasable","17":"product-type-simple"},"_links":{"self":[{"href":"https:\/\/roveyayinevi.com.tr\/index.php\/wp-json\/wp\/v2\/product\/753729","targetHints":{"allow":["GET"]}}],"collection":[{"href":"https:\/\/roveyayinevi.com.tr\/index.php\/wp-json\/wp\/v2\/product"}],"about":[{"href":"https:\/\/roveyayinevi.com.tr\/index.php\/wp-json\/wp\/v2\/types\/product"}],"wp:attachment":[{"href":"https:\/\/roveyayinevi.com.tr\/index.php\/wp-json\/wp\/v2\/media?parent=753729"}],"wp:term":[{"taxonomy":"product_brand","embeddable":true,"href":"https:\/\/roveyayinevi.com.tr\/index.php\/wp-json\/wp\/v2\/product_brand?post=753729"},{"taxonomy":"product_cat","embeddable":true,"href":"https:\/\/roveyayinevi.com.tr\/index.php\/wp-json\/wp\/v2\/product_cat?post=753729"},{"taxonomy":"product_tag","embeddable":true,"href":"https:\/\/roveyayinevi.com.tr\/index.php\/wp-json\/wp\/v2\/product_tag?post=753729"}],"curies":[{"name":"wp","href":"https:\/\/api.w.org\/{rel}","templated":true}]}}