{"id":753728,"date":"2025-08-28T05:51:12","date_gmt":"2025-08-28T02:51:12","guid":{"rendered":"https:\/\/roveyayinevi.com.tr\/index.php\/urun\/gece-yarisi-bulusmalari\/"},"modified":"2026-04-16T03:07:17","modified_gmt":"2026-04-16T00:07:17","slug":"gece-yarisi-bulusmalari","status":"publish","type":"product","link":"https:\/\/roveyayinevi.com.tr\/index.php\/urun\/gece-yarisi-bulusmalari\/","title":{"rendered":"Gece Yar\u0131s\u0131 Bulu\u015fmalar\u0131"},"content":{"rendered":"<p>Yaz mevsimi\u2026 Sevgi ve nefret\u2026 Sidney ve Asher yazlar\u0131n\u0131 bir g\u00f6lde birlikte ge\u00e7irmeye zorlanm\u0131\u015f, yetenekli iki gen\u00e7 y\u00fcz\u00fcc\u00fcd\u00fcr. Kula\u011fa m\u00fckemmel bir e\u015fle\u015fme gibi gelse de her sene tekrarlanan pikniklerin, tekne gezilerinin ve aileler taraf\u0131ndan yak\u0131lan kamp ate\u015flerinin aras\u0131nda Sidney ve Asher birbirilerine yapabilecekleri en iyi e\u015fek \u015fakalar\u0131n\u0131 bulman\u0131n pe\u015findedirler. Gelgelelim, liseden mezun olduktan sonraki yaz\u0131n en efsanevi yaz olmas\u0131 i\u00e7in i\u015fler biraz farkl\u0131la\u015f\u0131r.   Fakat aralar\u0131ndaki bu at\u0131\u015fmalar, ailelerinin \u00e7ok sevdikleri g\u00f6l evlerinden at\u0131lmalar\u0131na sebep olur. Sidney, iki ailenin ge\u00e7ici olarak birlikte ya\u015fayaca\u011f\u0131 yeni evlerine yerle\u015ftiklerinde e\u015fek \u015fakas\u0131 sava\u015flar\u0131n\u0131n her zamanki gibi devam etmesini bekler. Ta ki yata\u011f\u0131nda buldu\u011fu bir notu okuyana kadar:   Gece yar\u0131s\u0131 iskelede bulu\u015fal\u0131m.   Asher\u2019\u0131n ona bir teklifi vard\u0131r. G\u00fc\u00e7lerini birle\u015ftirip efsanevi e\u015fek \u015fakalar\u0131n\u0131 ortak bir d\u00fc\u015fmana kar\u015f\u0131 yapmalar\u0131n\u0131 \u00f6nerir. Bu d\u00fc\u015fman, onlar\u0131 g\u00f6l evlerinden atan ev sahibi kad\u0131nd\u0131r.   Aralar\u0131ndaki ate\u015fkesin her \u015feyi kolayla\u015ft\u0131rmas\u0131 gerekir fakat alt\u0131 sene boyunca birbirlerine \u00e2deta i\u015fkence etmi\u015f olmalar\u0131, yok saymas\u0131 kolay bir \u015fey de\u011fildir. T\u0131pk\u0131 aralar\u0131nda geli\u015fen, g\u00f6z ard\u0131 edilemeyecek ho\u015flant\u0131 gibi.<\/p>\n","protected":false},"excerpt":{"rendered":"<p>Yaz mevsimi\u2026 Sevgi ve nefret\u2026 Sidney ve Asher yazlar\u0131n\u0131 bir g\u00f6lde birlikte ge\u00e7irmeye zorlanm\u0131\u015f, yetenekli iki gen\u00e7 y\u00fcz\u00fcc\u00fcd\u00fcr. Kula\u011fa m\u00fckemmel bir e\u015fle\u015fme gibi gelse de her<span class=\"excerpt-hellip\"> [\u2026]<\/span><\/p>\n","protected":false},"featured_media":0,"template":"","meta":{"_monsterinsights_skip_tracking":false,"_monsterinsights_sitenote_active":false,"_monsterinsights_sitenote_note":"","_monsterinsights_sitenote_category":0},"product_brand":[],"product_cat":[12291,12711],"product_tag":[],"class_list":{"0":"post-753728","1":"product","2":"type-product","3":"status-publish","5":"product_cat-edebiyat","6":"product_cat-roman-oyku","7":"pa_cilt-ciltsiz","8":"pa_tur-kitap","9":"pa_yayinevi-artemis-yayinlari","10":"pa_yazar-jessica-pennington","12":"first","13":"instock","14":"sale","15":"shipping-taxable","16":"purchasable","17":"product-type-simple"},"_links":{"self":[{"href":"https:\/\/roveyayinevi.com.tr\/index.php\/wp-json\/wp\/v2\/product\/753728","targetHints":{"allow":["GET"]}}],"collection":[{"href":"https:\/\/roveyayinevi.com.tr\/index.php\/wp-json\/wp\/v2\/product"}],"about":[{"href":"https:\/\/roveyayinevi.com.tr\/index.php\/wp-json\/wp\/v2\/types\/product"}],"wp:attachment":[{"href":"https:\/\/roveyayinevi.com.tr\/index.php\/wp-json\/wp\/v2\/media?parent=753728"}],"wp:term":[{"taxonomy":"product_brand","embeddable":true,"href":"https:\/\/roveyayinevi.com.tr\/index.php\/wp-json\/wp\/v2\/product_brand?post=753728"},{"taxonomy":"product_cat","embeddable":true,"href":"https:\/\/roveyayinevi.com.tr\/index.php\/wp-json\/wp\/v2\/product_cat?post=753728"},{"taxonomy":"product_tag","embeddable":true,"href":"https:\/\/roveyayinevi.com.tr\/index.php\/wp-json\/wp\/v2\/product_tag?post=753728"}],"curies":[{"name":"wp","href":"https:\/\/api.w.org\/{rel}","templated":true}]}}