{"id":753727,"date":"2025-08-28T05:51:10","date_gmt":"2025-08-28T02:51:10","guid":{"rendered":"https:\/\/roveyayinevi.com.tr\/index.php\/urun\/dusunce-duraklari-capraz-sorgulamalar\/"},"modified":"2026-04-16T03:07:17","modified_gmt":"2026-04-16T00:07:17","slug":"dusunce-duraklari-capraz-sorgulamalar","status":"publish","type":"product","link":"https:\/\/roveyayinevi.com.tr\/index.php\/urun\/dusunce-duraklari-capraz-sorgulamalar\/","title":{"rendered":"D\u00fc\u015f\u00fcnce Duraklar\u0131 \u00c7apraz Sorgulamalar"},"content":{"rendered":"<p>Ya\u015fad\u0131\u011f\u0131m\u0131z co\u011frafyada \u00fcrettikleriyle \u00f6nemli bir k\u0131r\u0131lma noktas\u0131d\u0131r Balkan Naci \u0130slimyeli. Anadolu\u2019nun de\u011ferlerinin bilincinde sanat\u0131 \u00fcretmi\u015f ve \u00fcretti\u011fi yap\u0131tlarla endi\u015fe yo\u011funlu\u011fu ya\u015famas\u0131na ra\u011fmen Do\u011fu ve Bat\u0131\u2019ya ili\u015fkin evrensel bir sentez yaratma olana\u011f\u0131n\u0131 de\u011ferlendirmi\u015ftir. Sanat\u00e7\u0131n\u0131n yarat\u0131m mimarisinde kulland\u0131\u011f\u0131 yap\u0131m tekniklerinden bir di\u011feri ise t\u00fcm sanat bi\u00e7imlerinin di\u011fer sanatlarla s\u00fcrekli diyalog i\u00e7inde olmas\u0131d\u0131rBu i\u015fbirlik\u00e7i yakla\u015f\u0131m insana ve ya\u015fama dair \u00e7\u00f6z\u00fcmlem. e aray\u0131\u015flar\u0131na bir kap\u0131 aralar sanat\u0131nda. Balkan Naci \u0130slimyeli \u00e7a\u011fda\u015f sanat alan\u0131ndaki \u00f6nc\u00fc kimli\u011fi izleyicisini bitmez t\u00fckenmez soru k\u00fcmelerine s\u00fcr\u00fcklemi\u015ftir ayn\u0131 oranda. Sorgulamay\u0131 \u00f6\u011fretir bizlere. Bu k\u00fcmeler cesurca d\u00f6k\u00fcl\u00fcr kaleminden D\u00fc\u015f\u00fcnce Duraklar\u0131\u2019nda. \u0130mgelerinin in\u015fas\u0131nda kilit rol \u00fcstlenmektedir Onun duraklar\u0131. Yap\u0131m malzemelerini birbirlerine ba\u011flar ve sa\u011flamla\u015ft\u0131r\u0131r. D\u00fc\u015f\u00fcncenin bilgi hazinesine ula\u015f\u0131rken ya\u015fam\u0131n ke\u015ffine giden yollardaki duraklarda nefes alman\u0131n haz\u0131n\u0131  deneyimleyeceksiniz ve sanat\u00e7\u0131n\u0131n kozmik d\u00f6ng\u00fc ritminin kutlama bi\u00e7imiyle tan\u0131\u015facaks\u0131n\u0131z.  \u2013Eva \u015earlak<\/p>\n","protected":false},"excerpt":{"rendered":"<p>Ya\u015fad\u0131\u011f\u0131m\u0131z co\u011frafyada \u00fcrettikleriyle \u00f6nemli bir k\u0131r\u0131lma noktas\u0131d\u0131r Balkan Naci \u0130slimyeli. Anadolu\u2019nun de\u011ferlerinin bilincinde sanat\u0131 \u00fcretmi\u015f ve \u00fcretti\u011fi yap\u0131tlarla endi\u015fe yo\u011funlu\u011fu ya\u015famas\u0131na ra\u011fmen Do\u011fu ve Bat\u0131\u2019ya ili\u015fkin<span class=\"excerpt-hellip\"> [\u2026]<\/span><\/p>\n","protected":false},"featured_media":0,"template":"","meta":{"_monsterinsights_skip_tracking":false,"_monsterinsights_sitenote_active":false,"_monsterinsights_sitenote_note":"","_monsterinsights_sitenote_category":0},"product_brand":[],"product_cat":[12291,12509],"product_tag":[],"class_list":{"0":"post-753727","1":"product","2":"type-product","3":"status-publish","5":"product_cat-edebiyat","6":"product_cat-siir","7":"pa_cilt-ciltsiz","8":"pa_tur-kitap","9":"pa_yayinevi-epsilon-yayinlari","10":"pa_yazar-balkan-naci-islimyeli","12":"first","13":"instock","14":"sale","15":"shipping-taxable","16":"purchasable","17":"product-type-simple"},"_links":{"self":[{"href":"https:\/\/roveyayinevi.com.tr\/index.php\/wp-json\/wp\/v2\/product\/753727","targetHints":{"allow":["GET"]}}],"collection":[{"href":"https:\/\/roveyayinevi.com.tr\/index.php\/wp-json\/wp\/v2\/product"}],"about":[{"href":"https:\/\/roveyayinevi.com.tr\/index.php\/wp-json\/wp\/v2\/types\/product"}],"wp:attachment":[{"href":"https:\/\/roveyayinevi.com.tr\/index.php\/wp-json\/wp\/v2\/media?parent=753727"}],"wp:term":[{"taxonomy":"product_brand","embeddable":true,"href":"https:\/\/roveyayinevi.com.tr\/index.php\/wp-json\/wp\/v2\/product_brand?post=753727"},{"taxonomy":"product_cat","embeddable":true,"href":"https:\/\/roveyayinevi.com.tr\/index.php\/wp-json\/wp\/v2\/product_cat?post=753727"},{"taxonomy":"product_tag","embeddable":true,"href":"https:\/\/roveyayinevi.com.tr\/index.php\/wp-json\/wp\/v2\/product_tag?post=753727"}],"curies":[{"name":"wp","href":"https:\/\/api.w.org\/{rel}","templated":true}]}}