{"id":753723,"date":"2025-08-28T05:51:04","date_gmt":"2025-08-28T02:51:04","guid":{"rendered":"https:\/\/roveyayinevi.com.tr\/index.php\/urun\/midilli-adasinda-mubadele\/"},"modified":"2026-04-16T03:07:17","modified_gmt":"2026-04-16T00:07:17","slug":"midilli-adasinda-mubadele","status":"publish","type":"product","link":"https:\/\/roveyayinevi.com.tr\/index.php\/urun\/midilli-adasinda-mubadele\/","title":{"rendered":"Midilli Adas\u0131&#8217;nda M\u00fcbadele"},"content":{"rendered":"<p>\u201c\u0130lk M\u00fcbadele. Midilli Adas\u0131\u2019ndaki M\u00fcsl\u00fcmanlar \u0130btida Nakil Edilecekler. H\u00fck\u00fcmetimizle Yunan H\u00fck\u00fcmeti aras\u0131nda cereyan eden muhaberat neticesinde Midilli Adas\u0131\u2019nda bulunan T\u00fcrk ve M\u00fcsl\u00fcmanlar ilk olarak m\u00fcbadele edilmeleri takarr\u00fcr etmi\u015f, S\u0131hhiye ve Muavenet-i \u0130ctimaiyye Vek\u00e2leti bu karardan icab eden makam\u00e2t\u0131 haberdar etmi\u015fdir. H\u00fck\u00fcmetimiz Ayval\u0131k\u2019\u0131 muhacirler i\u00e7in kabul iskelesi ittihaz etmi\u015f ve Yunan H\u00fck\u00fcmetine bildirmi\u015ftir. On g\u00fcne kadar Yunan vapurlar\u0131 Midilli\u2019deki M\u00fcsl\u00fcmanlar\u0131 alarak Ayval\u0131k\u2019a ihra\u00e7 edecekdir. Bu vapurlar ba\u2019de Karadeniz\u2019e \u00e7\u0131karak Samsun ve havalisi sahillerinden son kafile olarak tecemmu eden Rumlar\u0131 alarak Yunanistan\u2019a g\u00f6t\u00fcrecektir\u201d \u0130leri, 4 Ekim 1339 (1923) <\/p>\n","protected":false},"excerpt":{"rendered":"<p>\u201c\u0130lk M\u00fcbadele. Midilli Adas\u0131\u2019ndaki M\u00fcsl\u00fcmanlar \u0130btida Nakil Edilecekler. H\u00fck\u00fcmetimizle Yunan H\u00fck\u00fcmeti aras\u0131nda cereyan eden muhaberat neticesinde Midilli Adas\u0131\u2019nda bulunan T\u00fcrk ve M\u00fcsl\u00fcmanlar ilk olarak m\u00fcbadele edilmeleri<span class=\"excerpt-hellip\"> [\u2026]<\/span><\/p>\n","protected":false},"featured_media":0,"template":"","meta":{"_monsterinsights_skip_tracking":false,"_monsterinsights_sitenote_active":false,"_monsterinsights_sitenote_note":"","_monsterinsights_sitenote_category":0},"product_brand":[],"product_cat":[12370,12304],"product_tag":[],"class_list":{"0":"post-753723","1":"product","2":"type-product","3":"status-publish","5":"product_cat-arastirma-inceleme","6":"product_cat-tarih","7":"pa_cilt-ciltsiz","8":"pa_tur-kitap","9":"pa_yayinevi-soncag-akademik-kitaplar","10":"pa_yazar-fitnat-f-sonmez","12":"first","13":"instock","14":"sale","15":"shipping-taxable","16":"purchasable","17":"product-type-simple"},"_links":{"self":[{"href":"https:\/\/roveyayinevi.com.tr\/index.php\/wp-json\/wp\/v2\/product\/753723","targetHints":{"allow":["GET"]}}],"collection":[{"href":"https:\/\/roveyayinevi.com.tr\/index.php\/wp-json\/wp\/v2\/product"}],"about":[{"href":"https:\/\/roveyayinevi.com.tr\/index.php\/wp-json\/wp\/v2\/types\/product"}],"wp:attachment":[{"href":"https:\/\/roveyayinevi.com.tr\/index.php\/wp-json\/wp\/v2\/media?parent=753723"}],"wp:term":[{"taxonomy":"product_brand","embeddable":true,"href":"https:\/\/roveyayinevi.com.tr\/index.php\/wp-json\/wp\/v2\/product_brand?post=753723"},{"taxonomy":"product_cat","embeddable":true,"href":"https:\/\/roveyayinevi.com.tr\/index.php\/wp-json\/wp\/v2\/product_cat?post=753723"},{"taxonomy":"product_tag","embeddable":true,"href":"https:\/\/roveyayinevi.com.tr\/index.php\/wp-json\/wp\/v2\/product_tag?post=753723"}],"curies":[{"name":"wp","href":"https:\/\/api.w.org\/{rel}","templated":true}]}}