{"id":753719,"date":"2025-08-28T05:50:58","date_gmt":"2025-08-28T02:50:58","guid":{"rendered":"https:\/\/roveyayinevi.com.tr\/index.php\/urun\/hanginiz-muhammed\/"},"modified":"2026-04-16T03:07:17","modified_gmt":"2026-04-16T00:07:17","slug":"hanginiz-muhammed","status":"publish","type":"product","link":"https:\/\/roveyayinevi.com.tr\/index.php\/urun\/hanginiz-muhammed\/","title":{"rendered":"Hanginiz Muhammed"},"content":{"rendered":"<p>Peygamberimizin sa\u011fl\u0131\u011f\u0131nda inkarc\u0131lar\u0131n s\u00fcrekli istedikleri; yerlerden p\u0131nar f\u0131\u015fk\u0131rtmak, dahi alt\u0131n yapmak, ay\u0131 yarmak, parmaklar\u0131ndan su ak\u0131tmak, bir kap hurma ile binlerce ki\u015fiyi doyurmak, gelecekte kimin ba\u015f\u0131na ne gelece\u011fini haber vermek gibi bir\u00e7ok mecnunluk, kahinlik, \u015fairlik, sihirbazl\u0131k g\u00f6sterilerinin, vefat\u0131ndan sonra M\u00fcsl\u00fcmanlar taraf\u0131nda ona `yapt\u0131r\u0131ld\u0131\u011f\u0131n\u0131` g\u00f6r\u00fcyoruz.   \u0130nkarc\u0131lar\u0131n `Bu ne bi\u00e7im Peygamber; yemek yiyor, \u00e7ar\u015f\u0131larda dola\u015f\u0131yor!` (Furkan:7) s\u00f6z\u00fcn\u00fc bizzat M\u00fcsl\u00fcmanlar da s\u00f6yler hale gelmi\u015flerdi. Oysa Kur`an sadece Abdullah`\u0131n o\u011flu Muhammed`in de\u011fil; b\u00fct\u00fcn peygamberlerin b\u00f6yle oldu\u011funu s\u00f6yler; `Senden \u00f6nce g\u00f6nderdi\u011fimiz b\u00fct\u00fcn peygamberler de hi\u00e7 \u015f\u00fcphesiz yemek yerler, \u00e7ar\u015f\u0131larda dola\u015f\u0131rlard\u0131` (Furkan:20)   &#8220;Hanginiz Muhammed? Diye sorulacak kadar i\u00e7imize kar\u0131\u015fan, yan\u0131m\u0131zda duran ve \u00f6rnek olabilmemiz i\u00e7in bize arkada\u015f olan Peygamber budur i\u015fte&#8230;&#8221; <\/p>\n","protected":false},"excerpt":{"rendered":"<p>Peygamberimizin sa\u011fl\u0131\u011f\u0131nda inkarc\u0131lar\u0131n s\u00fcrekli istedikleri; yerlerden p\u0131nar f\u0131\u015fk\u0131rtmak, dahi alt\u0131n yapmak, ay\u0131 yarmak, parmaklar\u0131ndan su ak\u0131tmak, bir kap hurma ile binlerce ki\u015fiyi doyurmak, gelecekte kimin ba\u015f\u0131na<span class=\"excerpt-hellip\"> [\u2026]<\/span><\/p>\n","protected":false},"featured_media":0,"template":"","meta":{"_monsterinsights_skip_tracking":false,"_monsterinsights_sitenote_active":false,"_monsterinsights_sitenote_note":"","_monsterinsights_sitenote_category":0},"product_brand":[],"product_cat":[12718,12719],"product_tag":[],"class_list":{"0":"post-753719","1":"product","2":"type-product","3":"status-publish","5":"product_cat-din","6":"product_cat-islam","7":"pa_cilt-ciltsiz","8":"pa_tur-kitap","9":"pa_yayinevi-insa-yayinlari","10":"pa_yazar-r-ihsan-eliacik","12":"first","13":"instock","14":"sale","15":"shipping-taxable","16":"purchasable","17":"product-type-simple"},"_links":{"self":[{"href":"https:\/\/roveyayinevi.com.tr\/index.php\/wp-json\/wp\/v2\/product\/753719","targetHints":{"allow":["GET"]}}],"collection":[{"href":"https:\/\/roveyayinevi.com.tr\/index.php\/wp-json\/wp\/v2\/product"}],"about":[{"href":"https:\/\/roveyayinevi.com.tr\/index.php\/wp-json\/wp\/v2\/types\/product"}],"wp:attachment":[{"href":"https:\/\/roveyayinevi.com.tr\/index.php\/wp-json\/wp\/v2\/media?parent=753719"}],"wp:term":[{"taxonomy":"product_brand","embeddable":true,"href":"https:\/\/roveyayinevi.com.tr\/index.php\/wp-json\/wp\/v2\/product_brand?post=753719"},{"taxonomy":"product_cat","embeddable":true,"href":"https:\/\/roveyayinevi.com.tr\/index.php\/wp-json\/wp\/v2\/product_cat?post=753719"},{"taxonomy":"product_tag","embeddable":true,"href":"https:\/\/roveyayinevi.com.tr\/index.php\/wp-json\/wp\/v2\/product_tag?post=753719"}],"curies":[{"name":"wp","href":"https:\/\/api.w.org\/{rel}","templated":true}]}}