{"id":753718,"date":"2025-08-28T05:50:56","date_gmt":"2025-08-28T02:50:56","guid":{"rendered":"https:\/\/roveyayinevi.com.tr\/index.php\/urun\/edebiyat-yazilari\/"},"modified":"2025-11-21T09:34:13","modified_gmt":"2025-11-21T06:34:13","slug":"edebiyat-yazilari","status":"publish","type":"product","link":"https:\/\/roveyayinevi.com.tr\/index.php\/urun\/edebiyat-yazilari\/","title":{"rendered":"Edebiyat Yaz\u0131lar\u0131"},"content":{"rendered":"<p>Jale Parla\u2019n\u0131n yaklas\u0327\u0131k 40 y\u0131la yay\u0131lan k\u0131sa c\u0327al\u0131s\u0327malar\u0131n\u0131n bir araya getirildig\u0306i Edebiyat Yaz\u0131lar\u0131, edebiyat tarihine ve edebiyat kuram\u0131na c\u0327ok genis\u0327 bir perspektiften bak\u0131yor. Roman\u0131n ortaya c\u0327\u0131k\u0131s\u0327\u0131, edebi ku\u0308ltu\u0308r du\u0308nyas\u0131n\u0131n modern c\u0327ag\u0306a gec\u0327erken ald\u0131g\u0306\u0131 bic\u0327im, du\u0308nya edebiyat\u0131, kars\u0327\u0131las\u0327t\u0131rmal\u0131 edebiyat, kanon tart\u0131s\u0327malar\u0131, edebiyatta karakter ve tip, tarihin edebiyatla kesis\u0327mesi&#8230; Bu tart\u0131s\u0327malara dair itirazlar, eles\u0327tiri ekolleri, arac\u0327lar\u0131, feminist eles\u0327tiri&#8230; Du\u0308nya edebiyat\u0131 ve ulusal edebiyat aras\u0131ndaki gerilim ve etkilenmeler&#8230; Bu gerilim ve etkilenmelerin hem du\u0308nya edebiyat\u0131ndaki o\u0308rnekleri hem de Tanzimat\u2019tan gu\u0308nu\u0308mu\u0308ze uzanan edebiyat tarihimizdeki yeri&#8230; Jale Parla, edebiyat tarihi ve edebiyat eles\u0327tirisi u\u0308zerine 16. yu\u0308zy\u0131ldan gu\u0308nu\u0308mu\u0308ze uzanan ve c\u0327ok farkl\u0131 rotalara yo\u0308nelen bir seyahatte, muazzam bir rehberlikle, bildig\u0306imizi du\u0308s\u0327u\u0308ndu\u0308g\u0306u\u0308mu\u0308z \u201chika\u0302yeler\u201din o\u0308tesine nas\u0131l bak\u0131lacag\u0306\u0131n\u0131 anlat\u0131yor. <\/p>\n","protected":false},"excerpt":{"rendered":"<p>Jale Parla\u2019n\u0131n yaklas\u0327\u0131k 40 y\u0131la yay\u0131lan k\u0131sa c\u0327al\u0131s\u0327malar\u0131n\u0131n bir araya getirildig\u0306i Edebiyat Yaz\u0131lar\u0131, edebiyat tarihine ve edebiyat kuram\u0131na c\u0327ok genis\u0327 bir perspektiften bak\u0131yor. Roman\u0131n ortaya c\u0327\u0131k\u0131s\u0327\u0131,<span class=\"excerpt-hellip\"> [\u2026]<\/span><\/p>\n","protected":false},"featured_media":0,"template":"","meta":{"_monsterinsights_skip_tracking":false,"_monsterinsights_sitenote_active":false,"_monsterinsights_sitenote_note":"","_monsterinsights_sitenote_category":0},"product_brand":[],"product_cat":[13072,12291],"product_tag":[],"class_list":{"0":"post-753718","1":"product","2":"type-product","3":"status-publish","5":"product_cat-arastirma-inceleme-referans","6":"product_cat-edebiyat","7":"pa_cilt-ciltsiz","8":"pa_tur-kitap","9":"pa_yayinevi-iletisim-yayinlari","10":"pa_yazar-jale-parla","12":"first","13":"instock","14":"sale","15":"shipping-taxable","16":"purchasable","17":"product-type-simple"},"_links":{"self":[{"href":"https:\/\/roveyayinevi.com.tr\/index.php\/wp-json\/wp\/v2\/product\/753718","targetHints":{"allow":["GET"]}}],"collection":[{"href":"https:\/\/roveyayinevi.com.tr\/index.php\/wp-json\/wp\/v2\/product"}],"about":[{"href":"https:\/\/roveyayinevi.com.tr\/index.php\/wp-json\/wp\/v2\/types\/product"}],"wp:attachment":[{"href":"https:\/\/roveyayinevi.com.tr\/index.php\/wp-json\/wp\/v2\/media?parent=753718"}],"wp:term":[{"taxonomy":"product_brand","embeddable":true,"href":"https:\/\/roveyayinevi.com.tr\/index.php\/wp-json\/wp\/v2\/product_brand?post=753718"},{"taxonomy":"product_cat","embeddable":true,"href":"https:\/\/roveyayinevi.com.tr\/index.php\/wp-json\/wp\/v2\/product_cat?post=753718"},{"taxonomy":"product_tag","embeddable":true,"href":"https:\/\/roveyayinevi.com.tr\/index.php\/wp-json\/wp\/v2\/product_tag?post=753718"}],"curies":[{"name":"wp","href":"https:\/\/api.w.org\/{rel}","templated":true}]}}