{"id":753717,"date":"2025-08-28T05:50:55","date_gmt":"2025-08-28T02:50:55","guid":{"rendered":"https:\/\/roveyayinevi.com.tr\/index.php\/urun\/istanbul-4\/"},"modified":"2026-04-16T03:07:17","modified_gmt":"2026-04-16T00:07:17","slug":"istanbul-4","status":"publish","type":"product","link":"https:\/\/roveyayinevi.com.tr\/index.php\/urun\/istanbul-4\/","title":{"rendered":"\u0130stanbul"},"content":{"rendered":"<p>Balkan\u2019\u0131n, babas\u0131n\u0131n \u00e7ocuklu\u011funu ya\u015fad\u0131\u011f\u0131 \u0130stanbul\u2019a tutkusu, \u00fcniversite y\u0131llar\u0131nda bu kadim kente geldi\u011finde ba\u015flar ve hi\u00e7 pe\u015fini b\u0131rakmaz. O y\u0131llardan sonra bu kent, \u00f6zellikle tarihi yar\u0131mada ve Pera b\u00f6lgesiyle ya\u015fam\u0131n\u0131n ve \u00fcretiminin odak noktas\u0131d\u0131r art\u0131k. Beyaz\u0131t\u2019taki sahaflar; \u015fimdi \u00e7o\u011fu Balkan gibi bu d\u00fcnyadan g\u00f6\u00e7 eylemi\u015f sat\u0131c\u0131lar; o \u00f6zel insanlar, oralardan toplad\u0131\u011f\u0131 ge\u00e7mi\u015fi ve ya\u015fanm\u0131\u015fl\u0131\u011f\u0131 an\u0131msatan objeler, Ey\u00fcp\u2019teki Osmanl\u0131 mezar ta\u015flar\u0131, Beyo\u011flu\u2019nun arka sokaklar\u0131ndaki ge\u00e7mi\u015fin kal\u0131nt\u0131s\u0131 ya\u015famlar ve daha niceleri Balkan Naci\u2019nin resimlerine ve \u015fiirlerine ilham kayna\u011f\u0131 olmu\u015ftur \u00e7oklukla&#8230;\u015e\u00f6yle demi\u015ftir bir \u015fiirinde:  &#8220;karanl\u0131kta \u00e7izer ressam,g\u00f6r\u00fcnmeyen kesimleri,hi\u00e7bir \u015feyim yok benim, bir hi\u00e7im,ben geceyi beklerim, \u0130stanbul bek\u00e7isiyim..&#8221; \u00d6mr\u00fcn\u00fcn bu kentte ge\u00e7irdi\u011fi elli be\u015f y\u0131ll\u0131k s\u00fcrecini onunla birlikte ya\u015fad\u0131\u011f\u0131m ve bir\u00e7ok \u00e2n\u0131n\u0131 payla\u015ft\u0131\u011f\u0131m i\u00e7in kendimi ayr\u0131cal\u0131kl\u0131 ve \u015fansl\u0131 hissediyorum. \u0130yi ki Dersaadet\u2019 ten bir Balkan Naci \u0130slimyeli ge\u00e7ti ve iyi ki o e\u015f\u015fiz \u00fcretimleriyle benim, yak\u0131nlar\u0131n\u0131n,  dostlar\u0131n\u0131n, hayranlar\u0131n\u0131n, \u00f6\u011frencilerinin, hepimizin ya\u015famlar\u0131na dokundu, ayd\u0131nlatt\u0131, anlamlar katt\u0131&#8230; E\u015fi Sezen \u0130slimyeli<\/p>\n","protected":false},"excerpt":{"rendered":"<p>Balkan\u2019\u0131n, babas\u0131n\u0131n \u00e7ocuklu\u011funu ya\u015fad\u0131\u011f\u0131 \u0130stanbul\u2019a tutkusu, \u00fcniversite y\u0131llar\u0131nda bu kadim kente geldi\u011finde ba\u015flar ve hi\u00e7 pe\u015fini b\u0131rakmaz. O y\u0131llardan sonra bu kent, \u00f6zellikle tarihi yar\u0131mada ve<span class=\"excerpt-hellip\"> [\u2026]<\/span><\/p>\n","protected":false},"featured_media":0,"template":"","meta":{"_monsterinsights_skip_tracking":false,"_monsterinsights_sitenote_active":false,"_monsterinsights_sitenote_note":"","_monsterinsights_sitenote_category":0},"product_brand":[],"product_cat":[12291,12509],"product_tag":[],"class_list":{"0":"post-753717","1":"product","2":"type-product","3":"status-publish","5":"product_cat-edebiyat","6":"product_cat-siir","7":"pa_cilt-ciltsiz","8":"pa_tur-kitap","9":"pa_yayinevi-epsilon-yayinlari","10":"pa_yazar-balkan-naci-islimyeli","12":"first","13":"instock","14":"sale","15":"shipping-taxable","16":"purchasable","17":"product-type-simple"},"_links":{"self":[{"href":"https:\/\/roveyayinevi.com.tr\/index.php\/wp-json\/wp\/v2\/product\/753717","targetHints":{"allow":["GET"]}}],"collection":[{"href":"https:\/\/roveyayinevi.com.tr\/index.php\/wp-json\/wp\/v2\/product"}],"about":[{"href":"https:\/\/roveyayinevi.com.tr\/index.php\/wp-json\/wp\/v2\/types\/product"}],"wp:attachment":[{"href":"https:\/\/roveyayinevi.com.tr\/index.php\/wp-json\/wp\/v2\/media?parent=753717"}],"wp:term":[{"taxonomy":"product_brand","embeddable":true,"href":"https:\/\/roveyayinevi.com.tr\/index.php\/wp-json\/wp\/v2\/product_brand?post=753717"},{"taxonomy":"product_cat","embeddable":true,"href":"https:\/\/roveyayinevi.com.tr\/index.php\/wp-json\/wp\/v2\/product_cat?post=753717"},{"taxonomy":"product_tag","embeddable":true,"href":"https:\/\/roveyayinevi.com.tr\/index.php\/wp-json\/wp\/v2\/product_tag?post=753717"}],"curies":[{"name":"wp","href":"https:\/\/api.w.org\/{rel}","templated":true}]}}