{"id":753716,"date":"2025-08-28T05:50:53","date_gmt":"2025-08-28T02:50:53","guid":{"rendered":"https:\/\/roveyayinevi.com.tr\/index.php\/urun\/hic-5\/"},"modified":"2026-04-16T03:07:17","modified_gmt":"2026-04-16T00:07:17","slug":"hic-5","status":"publish","type":"product","link":"https:\/\/roveyayinevi.com.tr\/index.php\/urun\/hic-5\/","title":{"rendered":"Hi\u00e7"},"content":{"rendered":"<p>Balkan Naci \u0130slimyeli (1947-2022) i\u00e7in resim, 1970\u2019lerin hemen ba\u015f\u0131nda, d\u00fcnyay\u0131 anlaman\u0131n ve anlatman\u0131n bir yolu olmu\u015ftur. T\u00fcrk resim sanat\u0131 yirminci y\u00fczy\u0131l\u0131n son otuz y\u0131l\u0131nda ve yirmi birinci y\u00fczy\u0131l\u0131n ilk \u00e7eyre\u011finde bu b\u00fcy\u00fck ressam\u0131n kendine \u00f6zg\u00fc resim diliyle zenginle\u015fmi\u015ftir. Modernle gelene\u011fi \u00f6zg\u00fcn bir bi\u00e7imde yeni anlamlar \u00fcretecek \u015fekilde kurgulayan sanat\u00e7\u0131, tarihsel ve k\u00fcresel a\u00e7\u0131lardan son derece karma\u015f\u0131k ve \u00e7at\u0131\u015fmal\u0131 bir d\u00fcnyada \u00fcretmekten vazge\u00e7memi\u015ftir. Resmin g\u00f6rsel kodlar\u0131 kadar \u015fiir diliyle de derin bir ba\u011f\u0131 olmu\u015ftur \u00e7\u00fcnk\u00fc yery\u00fcz\u00fcn\u00fcn ve insanl\u0131\u011f\u0131n \u015fiirini hep duyumsam\u0131\u015ft\u0131 Balkan Naci \u0130slimyeli. Do\u011fay\u0131, sevgiyi, umudu, kay\u0131plar\u0131, \u00f6z lemi, \u00f6zg\u00fcrl\u00fck kavgas\u0131n\u0131, d\u00fc\u015flerin do \u011fu\u015funu ve yiti\u015fini dizelere d\u00f6km\u00fc\u015ft\u00fc. \u015eimdi bu \u015fiirler okurla bulu\u015fuyor. Bu kitap onun hayat ile \u00f6l\u00fcm, varl\u0131k ile hi\u00e7lik, bellek ile kay\u0131p, umut ile karanl\u0131k aras\u0131ndaki gizemli dans\u0131 nas\u0131l kavrad\u0131\u011f\u0131n\u0131 al\u00e7akg\u00f6n\u00fcll\u00fcl\u00fckle dile getiren lirik bir mektup gibi okunuyor. Dizeler dizeleri izlerken bu d\u00fcnyada kal\u0131c\u0131 olmad\u0131\u011f\u0131n\u0131n derin bilgisiyle, her \u00e2n\u0131n\u0131 anlamaya \u00e7al\u0131\u015ft\u0131\u011f\u0131 hayat\u0131 onun bak\u0131\u015f\u0131ndan ve onun imgeleriyle d\u00fc\u015f\u00fcn\u00fcyoruz. Nedret \u00d6ztokat K\u0131l\u0131\u00e7eri<\/p>\n","protected":false},"excerpt":{"rendered":"<p>Balkan Naci \u0130slimyeli (1947-2022) i\u00e7in resim, 1970\u2019lerin hemen ba\u015f\u0131nda, d\u00fcnyay\u0131 anlaman\u0131n ve anlatman\u0131n bir yolu olmu\u015ftur. T\u00fcrk resim sanat\u0131 yirminci y\u00fczy\u0131l\u0131n son otuz y\u0131l\u0131nda ve yirmi<span class=\"excerpt-hellip\"> [\u2026]<\/span><\/p>\n","protected":false},"featured_media":0,"template":"","meta":{"_monsterinsights_skip_tracking":false,"_monsterinsights_sitenote_active":false,"_monsterinsights_sitenote_note":"","_monsterinsights_sitenote_category":0},"product_brand":[],"product_cat":[12291,12509],"product_tag":[],"class_list":{"0":"post-753716","1":"product","2":"type-product","3":"status-publish","5":"product_cat-edebiyat","6":"product_cat-siir","7":"pa_cilt-ciltsiz","8":"pa_tur-kitap","9":"pa_yayinevi-epsilon-yayinlari","10":"pa_yazar-balkan-naci-islimyeli","12":"first","13":"instock","14":"sale","15":"shipping-taxable","16":"purchasable","17":"product-type-simple"},"_links":{"self":[{"href":"https:\/\/roveyayinevi.com.tr\/index.php\/wp-json\/wp\/v2\/product\/753716","targetHints":{"allow":["GET"]}}],"collection":[{"href":"https:\/\/roveyayinevi.com.tr\/index.php\/wp-json\/wp\/v2\/product"}],"about":[{"href":"https:\/\/roveyayinevi.com.tr\/index.php\/wp-json\/wp\/v2\/types\/product"}],"wp:attachment":[{"href":"https:\/\/roveyayinevi.com.tr\/index.php\/wp-json\/wp\/v2\/media?parent=753716"}],"wp:term":[{"taxonomy":"product_brand","embeddable":true,"href":"https:\/\/roveyayinevi.com.tr\/index.php\/wp-json\/wp\/v2\/product_brand?post=753716"},{"taxonomy":"product_cat","embeddable":true,"href":"https:\/\/roveyayinevi.com.tr\/index.php\/wp-json\/wp\/v2\/product_cat?post=753716"},{"taxonomy":"product_tag","embeddable":true,"href":"https:\/\/roveyayinevi.com.tr\/index.php\/wp-json\/wp\/v2\/product_tag?post=753716"}],"curies":[{"name":"wp","href":"https:\/\/api.w.org\/{rel}","templated":true}]}}