{"id":753715,"date":"2025-08-28T05:50:51","date_gmt":"2025-08-28T02:50:51","guid":{"rendered":"https:\/\/roveyayinevi.com.tr\/index.php\/urun\/klasikleri-okuyorum-denizler-altinda-20-000-fersah\/"},"modified":"2026-04-16T03:07:17","modified_gmt":"2026-04-16T00:07:17","slug":"klasikleri-okuyorum-denizler-altinda-20-000-fersah","status":"publish","type":"product","link":"https:\/\/roveyayinevi.com.tr\/index.php\/urun\/klasikleri-okuyorum-denizler-altinda-20-000-fersah\/","title":{"rendered":"Klasikleri Okuyorum Denizler Alt\u0131nda 20.000 Fersah"},"content":{"rendered":"<p>Do\u011fan \u00c7ocuk Klasikleri Okuyorum serisi, g\u00fc\u00e7l\u00fc kurgular\u0131yla ve karakterleriyle zamana meydan okuyan d\u00fcnya klasiklerini bir araya getiriyor! Deniz yarat\u0131klar\u0131 konusunda uzman olan Profes\u00f6r Aronnax ve yard\u0131mc\u0131s\u0131 Conseil, okyanuslarda dola\u015f\u0131p gemileri bat\u0131ran canavar\u0131 yakalamak i\u00e7in d\u00fczenlenen ke\u015fif yolculu\u011funa kat\u0131l\u0131r. Bu yolculukta onlara cesur denizci Ned Land de e\u015flik eder. Ancak daha maceran\u0131n ba\u015f\u0131nda gemileri canavar taraf\u0131ndan bat\u0131r\u0131l\u0131r. Profes\u00f6r ile arkada\u015flar\u0131 kendilerini Kaptan Nemo\u2019nun Nautilus ad\u0131n\u0131 verdi\u011fi, onlar\u0131n canavar sand\u0131\u011f\u0131 denizalt\u0131nda bulurlar ve okyanuslarda korkutucu oldu\u011fu kadar ilgin\u00e7 bir ke\u015fif yolculu\u011funa \u00e7\u0131karlar. Denizler Alt\u0131nda 20.000 Fersah\u2019\u0131 okurken Nautilus ile okyanuslarda ke\u015ffe \u00e7\u0131kacaks\u0131n\u0131z. Balinalar\u0131n, k\u00f6pekbal\u0131klar\u0131n\u0131n, dev m\u00fcrekkep bal\u0131klar\u0131n\u0131n d\u00fcnyalar\u0131na dalacak ve okyanuslar\u0131n gizemini \u00e7\u00f6zeceksiniz. <\/p>\n","protected":false},"excerpt":{"rendered":"<p>Do\u011fan \u00c7ocuk Klasikleri Okuyorum serisi, g\u00fc\u00e7l\u00fc kurgular\u0131yla ve karakterleriyle zamana meydan okuyan d\u00fcnya klasiklerini bir araya getiriyor! Deniz yarat\u0131klar\u0131 konusunda uzman olan Profes\u00f6r Aronnax ve yard\u0131mc\u0131s\u0131<span class=\"excerpt-hellip\"> [\u2026]<\/span><\/p>\n","protected":false},"featured_media":0,"template":"","meta":{"_monsterinsights_skip_tracking":false,"_monsterinsights_sitenote_active":false,"_monsterinsights_sitenote_note":"","_monsterinsights_sitenote_category":0},"product_brand":[],"product_cat":[12274,12467],"product_tag":[],"class_list":{"0":"post-753715","1":"product","2":"type-product","3":"status-publish","5":"product_cat-cocuk-ve-genclik-kitaplari","6":"product_cat-dunya-klasikleri","7":"pa_cilt-ciltsiz","8":"pa_tur-kitap","9":"pa_yayinevi-dogan-cocuk","10":"pa_yazar-jules-verne","12":"first","13":"instock","14":"sale","15":"shipping-taxable","16":"purchasable","17":"product-type-simple"},"_links":{"self":[{"href":"https:\/\/roveyayinevi.com.tr\/index.php\/wp-json\/wp\/v2\/product\/753715","targetHints":{"allow":["GET"]}}],"collection":[{"href":"https:\/\/roveyayinevi.com.tr\/index.php\/wp-json\/wp\/v2\/product"}],"about":[{"href":"https:\/\/roveyayinevi.com.tr\/index.php\/wp-json\/wp\/v2\/types\/product"}],"wp:attachment":[{"href":"https:\/\/roveyayinevi.com.tr\/index.php\/wp-json\/wp\/v2\/media?parent=753715"}],"wp:term":[{"taxonomy":"product_brand","embeddable":true,"href":"https:\/\/roveyayinevi.com.tr\/index.php\/wp-json\/wp\/v2\/product_brand?post=753715"},{"taxonomy":"product_cat","embeddable":true,"href":"https:\/\/roveyayinevi.com.tr\/index.php\/wp-json\/wp\/v2\/product_cat?post=753715"},{"taxonomy":"product_tag","embeddable":true,"href":"https:\/\/roveyayinevi.com.tr\/index.php\/wp-json\/wp\/v2\/product_tag?post=753715"}],"curies":[{"name":"wp","href":"https:\/\/api.w.org\/{rel}","templated":true}]}}