{"id":753714,"date":"2025-08-28T05:50:50","date_gmt":"2025-08-28T02:50:50","guid":{"rendered":"https:\/\/roveyayinevi.com.tr\/index.php\/urun\/klasikleri-okuyorum-gulliverin-gezileri\/"},"modified":"2026-04-16T03:07:17","modified_gmt":"2026-04-16T00:07:17","slug":"klasikleri-okuyorum-gulliverin-gezileri","status":"publish","type":"product","link":"https:\/\/roveyayinevi.com.tr\/index.php\/urun\/klasikleri-okuyorum-gulliverin-gezileri\/","title":{"rendered":"Klasikleri Okuyorum Gulliver&#8217;in Gezileri"},"content":{"rendered":"<p>Do\u011fan \u00c7ocuk Klasikleri Okuyorum serisi, g\u00fc\u00e7l\u00fc kurgular\u0131yla ve karakterleriyle zamana meydan okuyan d\u00fcnya klasiklerini bir araya getiriyor! Macera ya\u015famay\u0131 \u00e7ok isteyen Gulliver, uzun bir deniz yolculu\u011funa \u00e7\u0131kar. Bir deniz kazas\u0131 sonucunda minik insanlarla dolu garip bir adaya d\u00fc\u015fer. Bu adadan ayr\u0131ld\u0131ktan sonra bu kez kendini devasa insanlar\u0131n ya\u015fad\u0131\u011f\u0131 ba\u015fka bir \u00fclkede bulur. Gulliver, gezileri s\u0131ras\u0131nda ne zaman bundan daha tuhaf\u0131 olamaz diye d\u00fc\u015f\u00fcnse daha da tuhaf olaylarla kar\u015f\u0131la\u015f\u0131r. <\/p>\n","protected":false},"excerpt":{"rendered":"<p>Do\u011fan \u00c7ocuk Klasikleri Okuyorum serisi, g\u00fc\u00e7l\u00fc kurgular\u0131yla ve karakterleriyle zamana meydan okuyan d\u00fcnya klasiklerini bir araya getiriyor! Macera ya\u015famay\u0131 \u00e7ok isteyen Gulliver, uzun bir deniz yolculu\u011funa<span class=\"excerpt-hellip\"> [\u2026]<\/span><\/p>\n","protected":false},"featured_media":0,"template":"","meta":{"_monsterinsights_skip_tracking":false,"_monsterinsights_sitenote_active":false,"_monsterinsights_sitenote_note":"","_monsterinsights_sitenote_category":0},"product_brand":[],"product_cat":[12274,12467],"product_tag":[],"class_list":{"0":"post-753714","1":"product","2":"type-product","3":"status-publish","5":"product_cat-cocuk-ve-genclik-kitaplari","6":"product_cat-dunya-klasikleri","7":"pa_cilt-ciltsiz","8":"pa_tur-kitap","9":"pa_yayinevi-dogan-cocuk","10":"pa_yazar-jonathan-swift","12":"first","13":"instock","14":"sale","15":"shipping-taxable","16":"purchasable","17":"product-type-simple"},"_links":{"self":[{"href":"https:\/\/roveyayinevi.com.tr\/index.php\/wp-json\/wp\/v2\/product\/753714","targetHints":{"allow":["GET"]}}],"collection":[{"href":"https:\/\/roveyayinevi.com.tr\/index.php\/wp-json\/wp\/v2\/product"}],"about":[{"href":"https:\/\/roveyayinevi.com.tr\/index.php\/wp-json\/wp\/v2\/types\/product"}],"wp:attachment":[{"href":"https:\/\/roveyayinevi.com.tr\/index.php\/wp-json\/wp\/v2\/media?parent=753714"}],"wp:term":[{"taxonomy":"product_brand","embeddable":true,"href":"https:\/\/roveyayinevi.com.tr\/index.php\/wp-json\/wp\/v2\/product_brand?post=753714"},{"taxonomy":"product_cat","embeddable":true,"href":"https:\/\/roveyayinevi.com.tr\/index.php\/wp-json\/wp\/v2\/product_cat?post=753714"},{"taxonomy":"product_tag","embeddable":true,"href":"https:\/\/roveyayinevi.com.tr\/index.php\/wp-json\/wp\/v2\/product_tag?post=753714"}],"curies":[{"name":"wp","href":"https:\/\/api.w.org\/{rel}","templated":true}]}}