{"id":753713,"date":"2025-08-28T05:50:48","date_gmt":"2025-08-28T02:50:48","guid":{"rendered":"https:\/\/roveyayinevi.com.tr\/index.php\/urun\/klasikleri-okuyorum-beyaz-dis\/"},"modified":"2026-04-16T03:07:17","modified_gmt":"2026-04-16T00:07:17","slug":"klasikleri-okuyorum-beyaz-dis","status":"publish","type":"product","link":"https:\/\/roveyayinevi.com.tr\/index.php\/urun\/klasikleri-okuyorum-beyaz-dis\/","title":{"rendered":"Klasikleri Okuyorum Beyaz Di\u015f"},"content":{"rendered":"<p>Do\u011fan \u00c7ocuk Klasikleri Okuyorum serisi, g\u00fc\u00e7l\u00fc kurgular\u0131yla ve karakterleriyle zamana meydan okuyan d\u00fcnya klasiklerini bir araya getiriyor! Vah\u015fi do\u011fan\u0131n h\u00fck\u00fcm s\u00fcrd\u00fc\u011f\u00fc topraklarda d\u00fcnyaya gelen Beyaz Di\u015f, yar\u0131 k\u00f6pek bir anne ile kurt bir baban\u0131n yavrusu. G\u00fc\u00e7l\u00fc, merakl\u0131, ak\u0131ll\u0131 yap\u0131s\u0131yla hayatta kalmay\u0131 \u00e7abucak \u00f6\u011frenecek ve insanlarla tan\u0131\u015f\u0131r tan\u0131\u015fmaz hayat\u0131 de\u011fi\u015fecek. Beyaz Di\u015f insanlarla nas\u0131l bir hayat ya\u015fayacak? Do\u011fadaki ya\u015fam ile \u015fehirdeki ya\u015fam aras\u0131ndaki fark, ona neler \u00f6\u011fretecek? Beyaz Di\u015f\u2019in maceralar\u0131n\u0131 merakla okuyacak, merhamet, g\u00fcven ve dostlu\u011fun \u00f6nemini kavrayacaks\u0131n\u0131z. <\/p>\n","protected":false},"excerpt":{"rendered":"<p>Do\u011fan \u00c7ocuk Klasikleri Okuyorum serisi, g\u00fc\u00e7l\u00fc kurgular\u0131yla ve karakterleriyle zamana meydan okuyan d\u00fcnya klasiklerini bir araya getiriyor! Vah\u015fi do\u011fan\u0131n h\u00fck\u00fcm s\u00fcrd\u00fc\u011f\u00fc topraklarda d\u00fcnyaya gelen Beyaz Di\u015f,<span class=\"excerpt-hellip\"> [\u2026]<\/span><\/p>\n","protected":false},"featured_media":0,"template":"","meta":{"_monsterinsights_skip_tracking":false,"_monsterinsights_sitenote_active":false,"_monsterinsights_sitenote_note":"","_monsterinsights_sitenote_category":0},"product_brand":[],"product_cat":[12274,12467],"product_tag":[],"class_list":{"0":"post-753713","1":"product","2":"type-product","3":"status-publish","5":"product_cat-cocuk-ve-genclik-kitaplari","6":"product_cat-dunya-klasikleri","7":"pa_cilt-ciltsiz","8":"pa_tur-kitap","9":"pa_yayinevi-dogan-cocuk","10":"pa_yazar-jack-london","12":"first","13":"instock","14":"sale","15":"shipping-taxable","16":"purchasable","17":"product-type-simple"},"_links":{"self":[{"href":"https:\/\/roveyayinevi.com.tr\/index.php\/wp-json\/wp\/v2\/product\/753713","targetHints":{"allow":["GET"]}}],"collection":[{"href":"https:\/\/roveyayinevi.com.tr\/index.php\/wp-json\/wp\/v2\/product"}],"about":[{"href":"https:\/\/roveyayinevi.com.tr\/index.php\/wp-json\/wp\/v2\/types\/product"}],"wp:attachment":[{"href":"https:\/\/roveyayinevi.com.tr\/index.php\/wp-json\/wp\/v2\/media?parent=753713"}],"wp:term":[{"taxonomy":"product_brand","embeddable":true,"href":"https:\/\/roveyayinevi.com.tr\/index.php\/wp-json\/wp\/v2\/product_brand?post=753713"},{"taxonomy":"product_cat","embeddable":true,"href":"https:\/\/roveyayinevi.com.tr\/index.php\/wp-json\/wp\/v2\/product_cat?post=753713"},{"taxonomy":"product_tag","embeddable":true,"href":"https:\/\/roveyayinevi.com.tr\/index.php\/wp-json\/wp\/v2\/product_tag?post=753713"}],"curies":[{"name":"wp","href":"https:\/\/api.w.org\/{rel}","templated":true}]}}