{"id":753712,"date":"2025-08-28T05:50:47","date_gmt":"2025-08-28T02:50:47","guid":{"rendered":"https:\/\/roveyayinevi.com.tr\/index.php\/urun\/klasikleri-okuyorum-robinson-crusoe\/"},"modified":"2026-04-16T03:07:17","modified_gmt":"2026-04-16T00:07:17","slug":"klasikleri-okuyorum-robinson-crusoe","status":"publish","type":"product","link":"https:\/\/roveyayinevi.com.tr\/index.php\/urun\/klasikleri-okuyorum-robinson-crusoe\/","title":{"rendered":"Klasikleri Okuyorum Robinson Crusoe"},"content":{"rendered":"<p>Do\u011fan \u00c7ocuk Klasikleri Okuyorum serisi, g\u00fc\u00e7l\u00fc kurgular\u0131yla ve karakterleriyle zamana meydan okuyan d\u00fcnya klasiklerini bir araya getiriyor! Gemisi \u0131ss\u0131z bir adada karaya oturan Robinson Crusoe, hayatta kalmay\u0131 \u00f6\u011frenmek zorundad\u0131r. Ba\u015flang\u0131\u00e7ta tek ba\u015f\u0131nad\u0131r ve onu bekleyen pek \u00e7ok tehlike vard\u0131r. Bir g\u00fcn adaya ellerinde esirlerle yamyamlar gelir. Robinson esirleri kurtarmak ister ama bu i\u015fin sonunda onlarla ayn\u0131 kaderi payla\u015fma tehlikesi de vard\u0131r. Robinson belki de hayat\u0131 boyunca bu adada yapayaln\u0131z kalacakt\u0131r! <\/p>\n","protected":false},"excerpt":{"rendered":"<p>Do\u011fan \u00c7ocuk Klasikleri Okuyorum serisi, g\u00fc\u00e7l\u00fc kurgular\u0131yla ve karakterleriyle zamana meydan okuyan d\u00fcnya klasiklerini bir araya getiriyor! Gemisi \u0131ss\u0131z bir adada karaya oturan Robinson Crusoe, hayatta<span class=\"excerpt-hellip\"> [\u2026]<\/span><\/p>\n","protected":false},"featured_media":0,"template":"","meta":{"_monsterinsights_skip_tracking":false,"_monsterinsights_sitenote_active":false,"_monsterinsights_sitenote_note":"","_monsterinsights_sitenote_category":0},"product_brand":[],"product_cat":[12274,12467],"product_tag":[],"class_list":{"0":"post-753712","1":"product","2":"type-product","3":"status-publish","5":"product_cat-cocuk-ve-genclik-kitaplari","6":"product_cat-dunya-klasikleri","7":"pa_cilt-ciltsiz","8":"pa_tur-kitap","9":"pa_yayinevi-dogan-cocuk","10":"pa_yazar-daniel-defoe","12":"first","13":"instock","14":"sale","15":"shipping-taxable","16":"purchasable","17":"product-type-simple"},"_links":{"self":[{"href":"https:\/\/roveyayinevi.com.tr\/index.php\/wp-json\/wp\/v2\/product\/753712","targetHints":{"allow":["GET"]}}],"collection":[{"href":"https:\/\/roveyayinevi.com.tr\/index.php\/wp-json\/wp\/v2\/product"}],"about":[{"href":"https:\/\/roveyayinevi.com.tr\/index.php\/wp-json\/wp\/v2\/types\/product"}],"wp:attachment":[{"href":"https:\/\/roveyayinevi.com.tr\/index.php\/wp-json\/wp\/v2\/media?parent=753712"}],"wp:term":[{"taxonomy":"product_brand","embeddable":true,"href":"https:\/\/roveyayinevi.com.tr\/index.php\/wp-json\/wp\/v2\/product_brand?post=753712"},{"taxonomy":"product_cat","embeddable":true,"href":"https:\/\/roveyayinevi.com.tr\/index.php\/wp-json\/wp\/v2\/product_cat?post=753712"},{"taxonomy":"product_tag","embeddable":true,"href":"https:\/\/roveyayinevi.com.tr\/index.php\/wp-json\/wp\/v2\/product_tag?post=753712"}],"curies":[{"name":"wp","href":"https:\/\/api.w.org\/{rel}","templated":true}]}}