{"id":753711,"date":"2025-08-28T05:50:45","date_gmt":"2025-08-28T02:50:45","guid":{"rendered":"https:\/\/roveyayinevi.com.tr\/index.php\/urun\/klasikleri-okuyorum-oliver-twist\/"},"modified":"2026-04-16T03:07:17","modified_gmt":"2026-04-16T00:07:17","slug":"klasikleri-okuyorum-oliver-twist","status":"publish","type":"product","link":"https:\/\/roveyayinevi.com.tr\/index.php\/urun\/klasikleri-okuyorum-oliver-twist\/","title":{"rendered":"Klasikleri Okuyorum Oliver Twist"},"content":{"rendered":"<p>Do\u011fan \u00c7ocuk Klasikleri Okuyorum serisi, g\u00fc\u00e7l\u00fc kurgular\u0131yla ve karakterleriyle zamana meydan okuyan d\u00fcnya klasiklerini bir araya getiriyor! Oliver Twist\u2019in hayatla m\u00fccadelesi do\u011fdu\u011fu ilk andan itibaren ba\u015flar ve daha da zorla\u015farak y\u0131llar boyunca devam eder. D\u00fc\u015fk\u00fcnler evindeki hayat\u0131n zorluklar\u0131na katland\u0131ktan sonra, kendini Londra sokaklar\u0131n\u0131n karanl\u0131k yeralt\u0131 d\u00fcnyas\u0131nda bulur. Oliver, onun hayat\u0131n\u0131 mahvetmeye kararl\u0131 olan k\u00f6t\u00fc niyetli Fagin ile Sikes\u2019ten kurtulmaya \u00e7abalar. Neyse ki d\u00fcnyada iyi insanlar da vard\u0131r ve onlar Oliver\u2019a hayat\u0131n\u0131 de\u011fi\u015ftirebilmesi i\u00e7in yard\u0131m ederler. Acaba kim kazanacak: \u0130yiler mi yoksa k\u00f6t\u00fcler mi? Oliver Twist\u2019te ya\u015fanan t\u00fcm k\u00f6t\u00fcl\u00fcklere ra\u011fmen iyi kalabilmenin ne kadar de\u011ferli oldu\u011funu \u00f6\u011frenecekseniz. Erdemli ve d\u00fcr\u00fcst davranman\u0131n her t\u00fcrl\u00fc zorlu\u011fun \u00fcstesinden gelmenize yard\u0131m edece\u011fini anlayacaks\u0131n\u0131z. <\/p>\n","protected":false},"excerpt":{"rendered":"<p>Do\u011fan \u00c7ocuk Klasikleri Okuyorum serisi, g\u00fc\u00e7l\u00fc kurgular\u0131yla ve karakterleriyle zamana meydan okuyan d\u00fcnya klasiklerini bir araya getiriyor! Oliver Twist\u2019in hayatla m\u00fccadelesi do\u011fdu\u011fu ilk andan itibaren ba\u015flar<span class=\"excerpt-hellip\"> [\u2026]<\/span><\/p>\n","protected":false},"featured_media":0,"template":"","meta":{"_monsterinsights_skip_tracking":false,"_monsterinsights_sitenote_active":false,"_monsterinsights_sitenote_note":"","_monsterinsights_sitenote_category":0},"product_brand":[],"product_cat":[12274,12467],"product_tag":[],"class_list":{"0":"post-753711","1":"product","2":"type-product","3":"status-publish","5":"product_cat-cocuk-ve-genclik-kitaplari","6":"product_cat-dunya-klasikleri","7":"pa_cilt-ciltsiz","8":"pa_tur-kitap","9":"pa_yayinevi-dogan-cocuk","10":"pa_yazar-charles-dickens","12":"first","13":"instock","14":"sale","15":"shipping-taxable","16":"purchasable","17":"product-type-simple"},"_links":{"self":[{"href":"https:\/\/roveyayinevi.com.tr\/index.php\/wp-json\/wp\/v2\/product\/753711","targetHints":{"allow":["GET"]}}],"collection":[{"href":"https:\/\/roveyayinevi.com.tr\/index.php\/wp-json\/wp\/v2\/product"}],"about":[{"href":"https:\/\/roveyayinevi.com.tr\/index.php\/wp-json\/wp\/v2\/types\/product"}],"wp:attachment":[{"href":"https:\/\/roveyayinevi.com.tr\/index.php\/wp-json\/wp\/v2\/media?parent=753711"}],"wp:term":[{"taxonomy":"product_brand","embeddable":true,"href":"https:\/\/roveyayinevi.com.tr\/index.php\/wp-json\/wp\/v2\/product_brand?post=753711"},{"taxonomy":"product_cat","embeddable":true,"href":"https:\/\/roveyayinevi.com.tr\/index.php\/wp-json\/wp\/v2\/product_cat?post=753711"},{"taxonomy":"product_tag","embeddable":true,"href":"https:\/\/roveyayinevi.com.tr\/index.php\/wp-json\/wp\/v2\/product_tag?post=753711"}],"curies":[{"name":"wp","href":"https:\/\/api.w.org\/{rel}","templated":true}]}}