{"id":753709,"date":"2025-08-28T05:50:42","date_gmt":"2025-08-28T02:50:42","guid":{"rendered":"https:\/\/roveyayinevi.com.tr\/index.php\/urun\/klasikleri-okuyorum-siyah-inci\/"},"modified":"2026-04-16T03:07:17","modified_gmt":"2026-04-16T00:07:17","slug":"klasikleri-okuyorum-siyah-inci","status":"publish","type":"product","link":"https:\/\/roveyayinevi.com.tr\/index.php\/urun\/klasikleri-okuyorum-siyah-inci\/","title":{"rendered":"Klasikleri Okuyorum Siyah \u0130nci"},"content":{"rendered":"<p>Do\u011fan \u00c7ocuk Klasikleri Okuyorum serisi, g\u00fc\u00e7l\u00fc kurgular\u0131yla ve karakterleriyle zamana meydan okuyan d\u00fcnya klasiklerini bir araya getiriyor! \u00c7iftlikte b\u00fcy\u00fct\u00fcld\u00fckten sonra ailesinden ayr\u0131lan Siyah \u0130nci\u2019yi yepyeni bir hayat bekliyor. Gen\u00e7 at, kimi nazik kimi zalim insanlarla kar\u015f\u0131la\u015facak, yeni arkada\u015flar edinecek ve \u015fehir hayat\u0131n\u0131n zorluklar\u0131na g\u00f6\u011f\u00fcs gerecek. Siyah \u0130nci, k\u00fc\u00e7\u00fck bir k\u00f6yde araba \u00e7ekmeyi mi yoksa b\u00fcy\u00fck bir \u015fehirde kiral\u0131k bir araba at\u0131 olmay\u0131 m\u0131 daha \u00e7ok sevecek? Ona s\u0131cak bir yuva sunacak sevgi dolu bir aileye kavu\u015fabilecek mi? Siyah \u0130nci\u2019nin maceralar\u0131n\u0131 merakla okuyacak, dostlu\u011fun, merhametin ve umut etmenin \u00f6nemini kavrayacaks\u0131n\u0131z. <\/p>\n","protected":false},"excerpt":{"rendered":"<p>Do\u011fan \u00c7ocuk Klasikleri Okuyorum serisi, g\u00fc\u00e7l\u00fc kurgular\u0131yla ve karakterleriyle zamana meydan okuyan d\u00fcnya klasiklerini bir araya getiriyor! \u00c7iftlikte b\u00fcy\u00fct\u00fcld\u00fckten sonra ailesinden ayr\u0131lan Siyah \u0130nci\u2019yi yepyeni bir<span class=\"excerpt-hellip\"> [\u2026]<\/span><\/p>\n","protected":false},"featured_media":0,"template":"","meta":{"_monsterinsights_skip_tracking":false,"_monsterinsights_sitenote_active":false,"_monsterinsights_sitenote_note":"","_monsterinsights_sitenote_category":0},"product_brand":[],"product_cat":[12274,12467],"product_tag":[],"class_list":{"0":"post-753709","1":"product","2":"type-product","3":"status-publish","5":"product_cat-cocuk-ve-genclik-kitaplari","6":"product_cat-dunya-klasikleri","7":"pa_cilt-ciltsiz","8":"pa_tur-kitap","9":"pa_yayinevi-dogan-cocuk","10":"pa_yazar-anna-sewell","12":"first","13":"instock","14":"sale","15":"shipping-taxable","16":"purchasable","17":"product-type-simple"},"_links":{"self":[{"href":"https:\/\/roveyayinevi.com.tr\/index.php\/wp-json\/wp\/v2\/product\/753709","targetHints":{"allow":["GET"]}}],"collection":[{"href":"https:\/\/roveyayinevi.com.tr\/index.php\/wp-json\/wp\/v2\/product"}],"about":[{"href":"https:\/\/roveyayinevi.com.tr\/index.php\/wp-json\/wp\/v2\/types\/product"}],"wp:attachment":[{"href":"https:\/\/roveyayinevi.com.tr\/index.php\/wp-json\/wp\/v2\/media?parent=753709"}],"wp:term":[{"taxonomy":"product_brand","embeddable":true,"href":"https:\/\/roveyayinevi.com.tr\/index.php\/wp-json\/wp\/v2\/product_brand?post=753709"},{"taxonomy":"product_cat","embeddable":true,"href":"https:\/\/roveyayinevi.com.tr\/index.php\/wp-json\/wp\/v2\/product_cat?post=753709"},{"taxonomy":"product_tag","embeddable":true,"href":"https:\/\/roveyayinevi.com.tr\/index.php\/wp-json\/wp\/v2\/product_tag?post=753709"}],"curies":[{"name":"wp","href":"https:\/\/api.w.org\/{rel}","templated":true}]}}