{"id":753708,"date":"2025-08-28T05:50:40","date_gmt":"2025-08-28T02:50:40","guid":{"rendered":"https:\/\/roveyayinevi.com.tr\/index.php\/urun\/klasikleri-okuyorum-uc-silahsorlar\/"},"modified":"2026-04-16T03:07:17","modified_gmt":"2026-04-16T00:07:17","slug":"klasikleri-okuyorum-uc-silahsorlar","status":"publish","type":"product","link":"https:\/\/roveyayinevi.com.tr\/index.php\/urun\/klasikleri-okuyorum-uc-silahsorlar\/","title":{"rendered":"Klasikleri Okuyorum \u00dc\u00e7 Silah\u015forlar"},"content":{"rendered":"<p>Do\u011fan \u00c7ocuk Klasikleri Okuyorum serisi, g\u00fc\u00e7l\u00fc kurgular\u0131yla ve karakterleriyle zamana meydan okuyan d\u00fcnya klasiklerini bir araya getiriyor! Gen\u00e7 D\u2019Artagnan, kral\u0131n muhaf\u0131zlar\u0131ndan biri yani bir silah\u015for olabilmek i\u00e7in Paris\u2019e do\u011fru yola \u00e7\u0131kar. Daha Paris\u2019e varmadan ba\u015f\u0131n\u0131 derde sokan D\u2019Artagnan, \u00fc\u00e7 silah\u015forlar\u0131 da k\u0131zd\u0131rmay\u0131 ba\u015far\u0131r. Athos, Porthos ve Aramis\u2019i s\u0131rayla d\u00fcelloya davet eden gen\u00e7 adam\u0131n \u015fans\u0131, kral\u0131n en b\u00fcy\u00fck d\u00fc\u015fman\u0131 kardinalin adamlar\u0131n\u0131n onlara sald\u0131rmas\u0131yla de\u011fi\u015fir. \u00dc\u00e7 silah\u015forlarla birlikte d\u00f6v\u00fc\u015fen D\u2019Artagnan, art\u0131k onlardan biri olur. Ama s\u0131rada zorlu bir g\u00f6revleri vard\u0131r: Kardinalin krali\u00e7e i\u00e7in haz\u0131rlad\u0131\u011f\u0131 komployu bozmak! \u00dc\u00e7 Silah\u015forlar\u2019a zorlu g\u00f6revlerinde e\u015flik ederken cesaretin, d\u00fcr\u00fcstl\u00fc\u011f\u00fcn, dostlu\u011fun \u00f6nemini anlayacaks\u0131n\u0131z ve siz de onlarla birlikte s\u00f6yleyeceksiniz: \u201cBirimiz hepimiz, hepimiz birimiz i\u00e7in!\u201d <\/p>\n","protected":false},"excerpt":{"rendered":"<p>Do\u011fan \u00c7ocuk Klasikleri Okuyorum serisi, g\u00fc\u00e7l\u00fc kurgular\u0131yla ve karakterleriyle zamana meydan okuyan d\u00fcnya klasiklerini bir araya getiriyor! Gen\u00e7 D\u2019Artagnan, kral\u0131n muhaf\u0131zlar\u0131ndan biri yani bir silah\u015for olabilmek<span class=\"excerpt-hellip\"> [\u2026]<\/span><\/p>\n","protected":false},"featured_media":0,"template":"","meta":{"_monsterinsights_skip_tracking":false,"_monsterinsights_sitenote_active":false,"_monsterinsights_sitenote_note":"","_monsterinsights_sitenote_category":0},"product_brand":[],"product_cat":[12274,12467],"product_tag":[],"class_list":{"0":"post-753708","1":"product","2":"type-product","3":"status-publish","5":"product_cat-cocuk-ve-genclik-kitaplari","6":"product_cat-dunya-klasikleri","7":"pa_cilt-ciltsiz","8":"pa_tur-kitap","9":"pa_yayinevi-dogan-cocuk","10":"pa_yazar-alexandre-dumas","12":"first","13":"instock","14":"sale","15":"shipping-taxable","16":"purchasable","17":"product-type-simple"},"_links":{"self":[{"href":"https:\/\/roveyayinevi.com.tr\/index.php\/wp-json\/wp\/v2\/product\/753708","targetHints":{"allow":["GET"]}}],"collection":[{"href":"https:\/\/roveyayinevi.com.tr\/index.php\/wp-json\/wp\/v2\/product"}],"about":[{"href":"https:\/\/roveyayinevi.com.tr\/index.php\/wp-json\/wp\/v2\/types\/product"}],"wp:attachment":[{"href":"https:\/\/roveyayinevi.com.tr\/index.php\/wp-json\/wp\/v2\/media?parent=753708"}],"wp:term":[{"taxonomy":"product_brand","embeddable":true,"href":"https:\/\/roveyayinevi.com.tr\/index.php\/wp-json\/wp\/v2\/product_brand?post=753708"},{"taxonomy":"product_cat","embeddable":true,"href":"https:\/\/roveyayinevi.com.tr\/index.php\/wp-json\/wp\/v2\/product_cat?post=753708"},{"taxonomy":"product_tag","embeddable":true,"href":"https:\/\/roveyayinevi.com.tr\/index.php\/wp-json\/wp\/v2\/product_tag?post=753708"}],"curies":[{"name":"wp","href":"https:\/\/api.w.org\/{rel}","templated":true}]}}