{"id":753707,"date":"2025-08-28T05:50:39","date_gmt":"2025-08-28T02:50:39","guid":{"rendered":"https:\/\/roveyayinevi.com.tr\/index.php\/urun\/nazik-disiplin\/"},"modified":"2026-04-16T03:07:17","modified_gmt":"2026-04-16T00:07:17","slug":"nazik-disiplin","status":"publish","type":"product","link":"https:\/\/roveyayinevi.com.tr\/index.php\/urun\/nazik-disiplin\/","title":{"rendered":"Nazik Disiplin"},"content":{"rendered":"<p>\u00c7ocuklar neden \u201cyaramazl\u0131k\u201d yaparlar? Surat asma ve s\u0131zlanman\u0131n alt\u0131nda ne yatar? Kabala\u015fan \u00e7ocuklara nas\u0131l yakla\u015fmal\u0131? \u00c7ocuklar ni\u00e7in evde ve okulda farkl\u0131 davran\u0131rlar? Nazik Disiplin nedir, nas\u0131l uygulan\u0131r?   Disiplin, belki de anne babalar i\u00e7in en kafa kar\u0131\u015ft\u0131r\u0131c\u0131 sorunlardan biri. G\u00fcn\u00fcm\u00fczde kullan\u0131lan en yayg\u0131n disiplin y\u00f6ntemleri, \u00f6d\u00fcl ve ceza gibi k\u0131sa vadeli sonu\u00e7lara odaklan\u0131r. Ancak Sarah Ockwell-Smith Nazik Disiplin\u2019de daha etkili, alternatif bir yakla\u015f\u0131m sunuyor. Nazik Disiplin y\u00f6ntemi, cezaland\u0131rmak yerine \u00f6\u011fretmeye ve \u00f6\u011frenmeye, \u00e7ocuklar\u0131n beyinlerinin geli\u015fim d\u00fczeyini g\u00f6z \u00f6n\u00fcne alan ger\u00e7ek\u00e7i beklentilerde bulunmaya odaklan\u0131yor. Ebeveynleri, durup bir ad\u0131m geri atmaya ve \u00e7ocuklar\u0131n\u0131n davran\u0131\u015flar\u0131n\u0131 anlamaya davet ediyor.    Evinizi sava\u015f alan\u0131na \u00e7evirmek istemiyorsan\u0131z yapman\u0131z gereken \u00fc\u00e7 \u015fey var: sayg\u0131 duymak, anlamak ve rehberlik etmek\u2026 <\/p>\n","protected":false},"excerpt":{"rendered":"<p>\u00c7ocuklar neden \u201cyaramazl\u0131k\u201d yaparlar? Surat asma ve s\u0131zlanman\u0131n alt\u0131nda ne yatar? Kabala\u015fan \u00e7ocuklara nas\u0131l yakla\u015fmal\u0131? \u00c7ocuklar ni\u00e7in evde ve okulda farkl\u0131 davran\u0131rlar? Nazik Disiplin nedir, nas\u0131l<span class=\"excerpt-hellip\"> [\u2026]<\/span><\/p>\n","protected":false},"featured_media":0,"template":"","meta":{"_monsterinsights_skip_tracking":false,"_monsterinsights_sitenote_active":false,"_monsterinsights_sitenote_note":"","_monsterinsights_sitenote_category":0},"product_brand":[],"product_cat":[12831,12324],"product_tag":[],"class_list":{"0":"post-753707","1":"product","2":"type-product","3":"status-publish","5":"product_cat-aile-ve-cocuk","6":"product_cat-sosyoloji","7":"pa_cilt-ciltsiz","8":"pa_tur-kitap","9":"pa_yayinevi-dogan-kitap","10":"pa_yazar-sarah-ockwell-smith","12":"first","13":"instock","14":"sale","15":"shipping-taxable","16":"purchasable","17":"product-type-simple"},"_links":{"self":[{"href":"https:\/\/roveyayinevi.com.tr\/index.php\/wp-json\/wp\/v2\/product\/753707","targetHints":{"allow":["GET"]}}],"collection":[{"href":"https:\/\/roveyayinevi.com.tr\/index.php\/wp-json\/wp\/v2\/product"}],"about":[{"href":"https:\/\/roveyayinevi.com.tr\/index.php\/wp-json\/wp\/v2\/types\/product"}],"wp:attachment":[{"href":"https:\/\/roveyayinevi.com.tr\/index.php\/wp-json\/wp\/v2\/media?parent=753707"}],"wp:term":[{"taxonomy":"product_brand","embeddable":true,"href":"https:\/\/roveyayinevi.com.tr\/index.php\/wp-json\/wp\/v2\/product_brand?post=753707"},{"taxonomy":"product_cat","embeddable":true,"href":"https:\/\/roveyayinevi.com.tr\/index.php\/wp-json\/wp\/v2\/product_cat?post=753707"},{"taxonomy":"product_tag","embeddable":true,"href":"https:\/\/roveyayinevi.com.tr\/index.php\/wp-json\/wp\/v2\/product_tag?post=753707"}],"curies":[{"name":"wp","href":"https:\/\/api.w.org\/{rel}","templated":true}]}}