{"id":753704,"date":"2025-08-28T05:50:34","date_gmt":"2025-08-28T02:50:34","guid":{"rendered":"https:\/\/roveyayinevi.com.tr\/index.php\/urun\/gecerken-2\/"},"modified":"2026-04-16T03:07:17","modified_gmt":"2026-04-16T00:07:17","slug":"gecerken-2","status":"publish","type":"product","link":"https:\/\/roveyayinevi.com.tr\/index.php\/urun\/gecerken-2\/","title":{"rendered":"Ge\u00e7erken"},"content":{"rendered":"<p>Biz ressamlar kelime ve kitaplar\u0131n d\u00fcnyas\u0131na girdi\u011fimizde edebiyat \u00e2leminin \u201cAma o asl\u0131nda ressam!\u201d tarz\u0131ndaki direnciyle kar\u015f\u0131la\u015f\u0131r\u0131z. B\u00fcy\u00fck ressam, sanat\u00e7\u0131 ve akademisyen olarak tan\u0131d\u0131\u011f\u0131m\u0131z, ku\u015faklard\u0131r yeti\u015ftirdi\u011fi \u00f6\u011frencileri ile ili\u015fkisi \u00fczerinden de b\u00fcy\u00fck hayranl\u0131k uyand\u0131ran ve sayg\u0131 duyulan Balkan Naci \u0130slimyeli, asl\u0131nda ayn\u0131 zamanda \u00e7ok da iyi bir \u015fairdi. T\u0131pk\u0131 meslekta\u015f\u0131m\u0131z Komet gibi\u2026 Evren, Tanr\u0131 ya da Do\u011fa \u2013hangisini telaffuz ederseniz edin\u2013 baz\u0131 insanlara \u00f6zel derinlikler\/yetenekler bah\u015feder. Balkan da bildi\u011fimiz meziyetleriyle bu d\u00fcnyaya gelen o se\u00e7ilmi\u015f insanlardan biriydi\u2026 Balkan Naci \u0130slimyeli\u2019nin \u015fiirleri, ya\u015famdaki ge\u00e7icili\u011fini olgunlukla kabullenmi\u015f bir insan\u0131n, evrenin \u00e7o\u011funlukla sessizce akan g\u00fcndelik hayat\u0131 hakk\u0131ndaki en spontan, do\u011fal ve derin yorumlar\u0131n\u0131 bizlere ta\u015f\u0131yor. \u00c2deta bu d\u00fcnya ile \u00f6b\u00fcr d\u00fcnya aras\u0131nda kendini arafta  zenginle\u015ftiren \u015fair; k\u00e2h kedilerle, k\u00e2h kendi yaln\u0131zl\u0131\u011f\u0131yla k\u00e2h duygulu insanlarla olu\u015fturdu\u011fu sihirli diyalo\u011fun i\u00e7ine davet ediyor bizi&#8230; Edebiyat\u00e7\u0131lar\u0131n haberi olsun, bu birinci s\u0131n\u0131f bir \u015fiir kitab\u0131! Bedri Baykam<\/p>\n","protected":false},"excerpt":{"rendered":"<p>Biz ressamlar kelime ve kitaplar\u0131n d\u00fcnyas\u0131na girdi\u011fimizde edebiyat \u00e2leminin \u201cAma o asl\u0131nda ressam!\u201d tarz\u0131ndaki direnciyle kar\u015f\u0131la\u015f\u0131r\u0131z. B\u00fcy\u00fck ressam, sanat\u00e7\u0131 ve akademisyen olarak tan\u0131d\u0131\u011f\u0131m\u0131z, ku\u015faklard\u0131r yeti\u015ftirdi\u011fi \u00f6\u011frencileri<span class=\"excerpt-hellip\"> [\u2026]<\/span><\/p>\n","protected":false},"featured_media":0,"template":"","meta":{"_monsterinsights_skip_tracking":false,"_monsterinsights_sitenote_active":false,"_monsterinsights_sitenote_note":"","_monsterinsights_sitenote_category":0},"product_brand":[],"product_cat":[12291,12509],"product_tag":[],"class_list":{"0":"post-753704","1":"product","2":"type-product","3":"status-publish","5":"product_cat-edebiyat","6":"product_cat-siir","7":"pa_cilt-ciltsiz","8":"pa_tur-kitap","9":"pa_yayinevi-epsilon-yayinlari","10":"pa_yazar-balkan-naci-islimyeli","12":"first","13":"instock","14":"sale","15":"shipping-taxable","16":"purchasable","17":"product-type-simple"},"_links":{"self":[{"href":"https:\/\/roveyayinevi.com.tr\/index.php\/wp-json\/wp\/v2\/product\/753704","targetHints":{"allow":["GET"]}}],"collection":[{"href":"https:\/\/roveyayinevi.com.tr\/index.php\/wp-json\/wp\/v2\/product"}],"about":[{"href":"https:\/\/roveyayinevi.com.tr\/index.php\/wp-json\/wp\/v2\/types\/product"}],"wp:attachment":[{"href":"https:\/\/roveyayinevi.com.tr\/index.php\/wp-json\/wp\/v2\/media?parent=753704"}],"wp:term":[{"taxonomy":"product_brand","embeddable":true,"href":"https:\/\/roveyayinevi.com.tr\/index.php\/wp-json\/wp\/v2\/product_brand?post=753704"},{"taxonomy":"product_cat","embeddable":true,"href":"https:\/\/roveyayinevi.com.tr\/index.php\/wp-json\/wp\/v2\/product_cat?post=753704"},{"taxonomy":"product_tag","embeddable":true,"href":"https:\/\/roveyayinevi.com.tr\/index.php\/wp-json\/wp\/v2\/product_tag?post=753704"}],"curies":[{"name":"wp","href":"https:\/\/api.w.org\/{rel}","templated":true}]}}