{"id":753703,"date":"2025-08-28T05:50:32","date_gmt":"2025-08-28T02:50:32","guid":{"rendered":"https:\/\/roveyayinevi.com.tr\/index.php\/urun\/kurdun-mutlulugu\/"},"modified":"2026-04-16T03:07:17","modified_gmt":"2026-04-16T00:07:17","slug":"kurdun-mutlulugu","status":"publish","type":"product","link":"https:\/\/roveyayinevi.com.tr\/index.php\/urun\/kurdun-mutlulugu\/","title":{"rendered":"Kurdun Mutlulu\u011fu"},"content":{"rendered":"<p>Premio Strega \u00d6d\u00fcll\u00fc Cognetti\u2019dendestans\u0131 bir yeni roman!Uzun bir ili\u015fkinin sonuna gelen Fausto, \u00e7areyi \u00e7ocukken y\u00fcr\u00fcd\u00fc\u011f\u00fc patikalar\u0131n aras\u0131na ka\u00e7makta bulur. Fontana Fredda\u2019da, kendisi de uzun zaman \u00f6nce Milano\u2019dan ka\u00e7\u0131p gelmi\u015f olan Babette\u2019yle tan\u0131\u015f\u0131r; kayak pistinin k\u0131y\u0131s\u0131nda k\u00fc\u00e7\u00fck bir restoran\u0131n sahibi olan bu kad\u0131n, kayak\u00e7\u0131lar ve telesiyej i\u015f\u00e7ilerine yemek sunan mek\u00e2n\u0131nda a\u015f\u00e7\u0131 olmas\u0131n\u0131 teklif etmi\u015ftir ona. Ailesinden ve ya\u015fam\u0131n olumsuzluklar\u0131ndan ka\u00e7an Silvia da ayn\u0131 restoranda garsonluk yapmaktad\u0131r ve da\u011flar\u0131n bir k\u0131\u015f s\u0131\u011f\u0131na\u011f\u0131 m\u0131 yoksa kal\u0131c\u0131 bir arzu mu oldu\u011funu, ad\u0131mlar\u0131n\u0131n er ya da ge\u00e7 yolunu bulup bulamayaca\u011f\u0131n\u0131 ve Fausto\u2019nunkilerle e\u015fle\u015fmeye haz\u0131r olup olmad\u0131\u011f\u0131n\u0131 hen\u00fcz bilmemektedir. Bir de restoran\u0131n daimi m\u00fc\u015fterisi Santorso vard\u0131r; i\u00e7meyi seven, kararl\u0131 tav\u0131rlar\u0131 ve inat\u00e7\u0131l\u0131\u011f\u0131yla bilinen, ger\u00e7ek bir da\u011fc\u0131 gibi sessiz ve kararl\u0131 y\u00fcr\u00fcyebilen \u015fehirli bir adam&#8230;Fausto, k\u0131\u015f\u0131n patikay\u0131 d\u00f6ven karkedilerinin operat\u00f6rleri ve yaz\u0131n k\u00fct\u00fck y\u0131\u011f\u0131nlar\u0131n\u0131 istifleyerek orman\u0131 kokuland\u0131ran oduncular i\u00e7in yemek pi\u015firirken, \u00e7o\u011fu \u015fey gibi ba\u015fkalar\u0131na de\u011fer vermenin tad\u0131n\u0131 da yeniden ke\u015ffedecektir.Paolo Cognetti\u2019nin \u0131\u015f\u0131lt\u0131l\u0131 bak\u0131\u015flar\u0131n\u0131 ve berrak sesini, insan ili\u015fkilerini aktarmadaki \u00fcst\u00fcn becerilerini ve do\u011fayla kesintisiz bir diyalog i\u00e7indeki g\u00f6zlem yapma yetene\u011fini \u00f6nceki romanlar\u0131ndan biliyoruz. Bu roman\u0131nda da okuru, yaralar\u0131 ve huzursuzluklar\u0131 ne olursa olsun ka\u00e7\u0131\u015f\u0131 da\u011flarda arayan karakterlerin ya\u015fam\u0131na, kader birli\u011fi i\u00e7indeki dostluklara g\u00f6t\u00fcr\u00fcyor.<\/p>\n","protected":false},"excerpt":{"rendered":"<p>Premio Strega \u00d6d\u00fcll\u00fc Cognetti\u2019dendestans\u0131 bir yeni roman!Uzun bir ili\u015fkinin sonuna gelen Fausto, \u00e7areyi \u00e7ocukken y\u00fcr\u00fcd\u00fc\u011f\u00fc patikalar\u0131n aras\u0131na ka\u00e7makta bulur. Fontana Fredda\u2019da, kendisi de uzun zaman \u00f6nce<span class=\"excerpt-hellip\"> [\u2026]<\/span><\/p>\n","protected":false},"featured_media":0,"template":"","meta":{"_monsterinsights_skip_tracking":false,"_monsterinsights_sitenote_active":false,"_monsterinsights_sitenote_note":"","_monsterinsights_sitenote_category":0},"product_brand":[],"product_cat":[12291,12711],"product_tag":[],"class_list":{"0":"post-753703","1":"product","2":"type-product","3":"status-publish","5":"product_cat-edebiyat","6":"product_cat-roman-oyku","7":"pa_cilt-ciltsiz","8":"pa_tur-kitap","9":"pa_yayinevi-kafka-yayinevi","10":"pa_yazar-paolo-cognetti","12":"first","13":"instock","14":"sale","15":"shipping-taxable","16":"purchasable","17":"product-type-simple"},"_links":{"self":[{"href":"https:\/\/roveyayinevi.com.tr\/index.php\/wp-json\/wp\/v2\/product\/753703","targetHints":{"allow":["GET"]}}],"collection":[{"href":"https:\/\/roveyayinevi.com.tr\/index.php\/wp-json\/wp\/v2\/product"}],"about":[{"href":"https:\/\/roveyayinevi.com.tr\/index.php\/wp-json\/wp\/v2\/types\/product"}],"wp:attachment":[{"href":"https:\/\/roveyayinevi.com.tr\/index.php\/wp-json\/wp\/v2\/media?parent=753703"}],"wp:term":[{"taxonomy":"product_brand","embeddable":true,"href":"https:\/\/roveyayinevi.com.tr\/index.php\/wp-json\/wp\/v2\/product_brand?post=753703"},{"taxonomy":"product_cat","embeddable":true,"href":"https:\/\/roveyayinevi.com.tr\/index.php\/wp-json\/wp\/v2\/product_cat?post=753703"},{"taxonomy":"product_tag","embeddable":true,"href":"https:\/\/roveyayinevi.com.tr\/index.php\/wp-json\/wp\/v2\/product_tag?post=753703"}],"curies":[{"name":"wp","href":"https:\/\/api.w.org\/{rel}","templated":true}]}}