{"id":753700,"date":"2025-08-28T05:50:28","date_gmt":"2025-08-28T02:50:28","guid":{"rendered":"https:\/\/roveyayinevi.com.tr\/index.php\/urun\/can-parcam\/"},"modified":"2026-04-16T03:07:17","modified_gmt":"2026-04-16T00:07:17","slug":"can-parcam","status":"publish","type":"product","link":"https:\/\/roveyayinevi.com.tr\/index.php\/urun\/can-parcam\/","title":{"rendered":"Can Par\u00e7am"},"content":{"rendered":"<p>Anadolu insan\u0131n\u0131n safl\u0131\u011f\u0131, mertli\u011fi ile laf\u0131 e\u011fip b\u00fckmeden, do\u011fru bildi\u011fini en d\u00fcz bir bi\u00e7imde kaleme alan bir \u015fair. Kitab\u0131ndaki \u015fiirlerin \u00e7o\u011fu hece vezni ile yaz\u0131lm\u0131\u015f. Bir k\u0131s\u0131m \u00e7evrelerin art\u0131k dudak b\u00fckt\u00fc\u011f\u00fc, hece \u00f6ld\u00fc dedi\u011fi bir ortamda hecenin bu kadar g\u00fczel \u00f6rneklerini yazmak ve muar\u0131zlar\u0131na \u201chece \u00f6lmedi\u201d dercesine b\u00f6yle bir kitab\u0131 v\u00fccuda getirmek takdire \u015fayand\u0131r.   Onun \u015fiirlerinde; sa\u011flam bir kurgunun yan\u0131nda, hece \u015fiirinin olmazsa olmaz\u0131 kafiye, ayak, durak gibi \u00f6nemli unsurlar\u0131n hemen hemen hatas\u0131z denecek bir ustal\u0131kta kullan\u0131ld\u0131\u011f\u0131n\u0131 g\u00f6r\u00fcrs\u00fcn\u00fcz. Yine bir\u00e7ok hece \u015fairinin d\u00fc\u015ft\u00fc\u011f\u00fc zorlama kafiye, hece say\u0131s\u0131 gibi \u015fiiri matematikle\u015ftiren tuzaklara d\u00fc\u015fmedi\u011fini de m\u00fc\u015fahede edersiniz. <\/p>\n","protected":false},"excerpt":{"rendered":"<p>Anadolu insan\u0131n\u0131n safl\u0131\u011f\u0131, mertli\u011fi ile laf\u0131 e\u011fip b\u00fckmeden, do\u011fru bildi\u011fini en d\u00fcz bir bi\u00e7imde kaleme alan bir \u015fair. Kitab\u0131ndaki \u015fiirlerin \u00e7o\u011fu hece vezni ile yaz\u0131lm\u0131\u015f. Bir<span class=\"excerpt-hellip\"> [\u2026]<\/span><\/p>\n","protected":false},"featured_media":0,"template":"","meta":{"_monsterinsights_skip_tracking":false,"_monsterinsights_sitenote_active":false,"_monsterinsights_sitenote_note":"","_monsterinsights_sitenote_category":0},"product_brand":[],"product_cat":[12291,12509],"product_tag":[],"class_list":{"0":"post-753700","1":"product","2":"type-product","3":"status-publish","5":"product_cat-edebiyat","6":"product_cat-siir","7":"pa_cilt-ciltsiz","8":"pa_tur-kitap","9":"pa_yayinevi-gulnar-yayinlari","10":"pa_yazar-halil-manus","12":"first","13":"instock","14":"sale","15":"shipping-taxable","16":"purchasable","17":"product-type-simple"},"_links":{"self":[{"href":"https:\/\/roveyayinevi.com.tr\/index.php\/wp-json\/wp\/v2\/product\/753700","targetHints":{"allow":["GET"]}}],"collection":[{"href":"https:\/\/roveyayinevi.com.tr\/index.php\/wp-json\/wp\/v2\/product"}],"about":[{"href":"https:\/\/roveyayinevi.com.tr\/index.php\/wp-json\/wp\/v2\/types\/product"}],"wp:attachment":[{"href":"https:\/\/roveyayinevi.com.tr\/index.php\/wp-json\/wp\/v2\/media?parent=753700"}],"wp:term":[{"taxonomy":"product_brand","embeddable":true,"href":"https:\/\/roveyayinevi.com.tr\/index.php\/wp-json\/wp\/v2\/product_brand?post=753700"},{"taxonomy":"product_cat","embeddable":true,"href":"https:\/\/roveyayinevi.com.tr\/index.php\/wp-json\/wp\/v2\/product_cat?post=753700"},{"taxonomy":"product_tag","embeddable":true,"href":"https:\/\/roveyayinevi.com.tr\/index.php\/wp-json\/wp\/v2\/product_tag?post=753700"}],"curies":[{"name":"wp","href":"https:\/\/api.w.org\/{rel}","templated":true}]}}