{"id":753696,"date":"2025-08-28T05:50:20","date_gmt":"2025-08-28T02:50:20","guid":{"rendered":"https:\/\/roveyayinevi.com.tr\/index.php\/urun\/kabil-otesi-bosluk\/"},"modified":"2026-04-16T03:07:16","modified_gmt":"2026-04-16T00:07:16","slug":"kabil-otesi-bosluk","status":"publish","type":"product","link":"https:\/\/roveyayinevi.com.tr\/index.php\/urun\/kabil-otesi-bosluk\/","title":{"rendered":"Kabil, \u00d6tesi Bo\u015fluk"},"content":{"rendered":"<p>\u201cSihirli de\u011fnekleri ve y\u0131ld\u0131z tozunu \u00e7ocuklukta b\u0131rak\u0131yordu insan, b\u00fcy\u00fcmekse \u00f6nce ger\u00e7ekleri kabullenmekten ge\u00e7iyordu. Sen gittin ve ben en \u00f6nemli dayana\u011f\u0131m\u0131 yitirdim. Bahar yakla\u015f\u0131rken her \u015fey ne kadar da uza\u011f\u0131ma d\u00fc\u015ft\u00fc. Il\u0131man havalar bir su k\u0131y\u0131s\u0131na g\u00f6\u00e7me mevsiminin yakla\u015ft\u0131\u011f\u0131n\u0131n habercisiydi. Ankara\u2019n\u0131n pusundan uzakla\u015fmak, ola\u011fan ak\u0131\u015f\u0131ndaki hayat\u0131m\u0131z\u0131n \u00f6tesine ge\u00e7mek demekti. \u00d6yle san\u0131yorduk. Asl\u0131nda e\u015fikte durup d\u0131\u015f\u0131m\u0131zda ak\u0131p giden her \u015feyi yaln\u0131zca seyrediyorduk. Olsun, bu bile yetiyordu mutlu olmaya. Cenneti ba\u015fka yerde aramaya gerek yoktu. \u2018\u0130\u015fte, cennet kar\u015f\u0131mda,\u2019 diyor, bak\u0131\u015flar\u0131m\u0131 bir senin g\u00fczelli\u011fine, bir manzaraya \u00e7eviriyordum. \u015eimdi k\u0131y\u0131dan olabildi\u011fince uzakta, k\u0131rm\u0131z\u0131ms\u0131 \u00e7\u00f6l topra\u011f\u0131ndan ka\u00e7\u0131\u015f\u0131n olmad\u0131\u011f\u0131 Afganistan\u2019a bakt\u0131k\u00e7a, cehenneme geldi\u011fimi s\u00f6yleyebilirdim.\u201d Yak\u0131n ge\u00e7mi\u015fte Afganistan\u2019da ya\u015fanan siyasi ve toplumsal geli\u015fmelerin getirdi\u011fi belirsizli\u011fe, ac\u0131 ve korkuya de\u011finerek i\u00e7ten bir tan\u0131kl\u0131k \u00f6yk\u00fcs\u00fc anlatan Esme Aras, yal\u0131n ve ele\u015ftirel \u00fcslubuyla, s\u0131radan bir askerin i\u00e7 d\u00fcnyas\u0131 etraf\u0131nda \u00f6rd\u00fc\u011f\u00fc a\u015fk\u0131, \u00f6zlemi ve m\u00fccadeleyi bir g\u00fcnl\u00fc\u011f\u00fcn sat\u0131rlar\u0131nda duyumsat\u0131yor. <\/p>\n","protected":false},"excerpt":{"rendered":"<p>\u201cSihirli de\u011fnekleri ve y\u0131ld\u0131z tozunu \u00e7ocuklukta b\u0131rak\u0131yordu insan, b\u00fcy\u00fcmekse \u00f6nce ger\u00e7ekleri kabullenmekten ge\u00e7iyordu. Sen gittin ve ben en \u00f6nemli dayana\u011f\u0131m\u0131 yitirdim. Bahar yakla\u015f\u0131rken her \u015fey ne<span class=\"excerpt-hellip\"> [\u2026]<\/span><\/p>\n","protected":false},"featured_media":0,"template":"","meta":{"_monsterinsights_skip_tracking":false,"_monsterinsights_sitenote_active":false,"_monsterinsights_sitenote_note":"","_monsterinsights_sitenote_category":0},"product_brand":[],"product_cat":[12291,12711],"product_tag":[],"class_list":{"0":"post-753696","1":"product","2":"type-product","3":"status-publish","5":"product_cat-edebiyat","6":"product_cat-roman-oyku","7":"pa_cilt-ciltsiz","8":"pa_tur-kitap","9":"pa_yayinevi-telgrafhane-yayinlari","10":"pa_yazar-esme-aras","12":"first","13":"instock","14":"sale","15":"shipping-taxable","16":"purchasable","17":"product-type-simple"},"_links":{"self":[{"href":"https:\/\/roveyayinevi.com.tr\/index.php\/wp-json\/wp\/v2\/product\/753696","targetHints":{"allow":["GET"]}}],"collection":[{"href":"https:\/\/roveyayinevi.com.tr\/index.php\/wp-json\/wp\/v2\/product"}],"about":[{"href":"https:\/\/roveyayinevi.com.tr\/index.php\/wp-json\/wp\/v2\/types\/product"}],"wp:attachment":[{"href":"https:\/\/roveyayinevi.com.tr\/index.php\/wp-json\/wp\/v2\/media?parent=753696"}],"wp:term":[{"taxonomy":"product_brand","embeddable":true,"href":"https:\/\/roveyayinevi.com.tr\/index.php\/wp-json\/wp\/v2\/product_brand?post=753696"},{"taxonomy":"product_cat","embeddable":true,"href":"https:\/\/roveyayinevi.com.tr\/index.php\/wp-json\/wp\/v2\/product_cat?post=753696"},{"taxonomy":"product_tag","embeddable":true,"href":"https:\/\/roveyayinevi.com.tr\/index.php\/wp-json\/wp\/v2\/product_tag?post=753696"}],"curies":[{"name":"wp","href":"https:\/\/api.w.org\/{rel}","templated":true}]}}