{"id":753695,"date":"2025-08-28T05:50:18","date_gmt":"2025-08-28T02:50:18","guid":{"rendered":"https:\/\/roveyayinevi.com.tr\/index.php\/urun\/bu-firtina-gecene-kadar\/"},"modified":"2026-04-16T03:07:16","modified_gmt":"2026-04-16T00:07:16","slug":"bu-firtina-gecene-kadar","status":"publish","type":"product","link":"https:\/\/roveyayinevi.com.tr\/index.php\/urun\/bu-firtina-gecene-kadar\/","title":{"rendered":"Bu F\u0131rt\u0131na Ge\u00e7ene Kadar"},"content":{"rendered":"<p>\u201cHalil Yeni\u2019nin \u015fiirinde beni en fazla cezbeden, her daim dirili\u011fini koruyan umut oldu. Genelde son d\u00f6nem T\u00fcrk \u015fiirinde, \u00f6zelde toplumcu ger\u00e7ek\u00e7i \u015fiirde uzun y\u0131llard\u0131r varl\u0131\u011f\u0131n\u0131 s\u00fcrd\u00fcren umut yitimine onun \u015fiirinin hi\u00e7bir dizesinde rastlamad\u0131m.\u201d Cafer Y\u0131ld\u0131r\u0131m   \u201cUzun bekleyi\u015fi s\u00fcr\u00fcyor ayd\u0131nl\u0131\u011f\u0131n, A\u00e7\u0131lmay\u0131 unutmu\u015f pasl\u0131 kap\u0131lar arkas\u0131nda, Nefret ko\u015far ad\u0131m d\u00fc\u015ferken ard\u0131m\u0131za, Ka\u00e7man\u0131n \u00e7are olmad\u0131\u011f\u0131n\u0131 anlat\u0131yor bize yar\u0131nlar. Savrulma, birbirimize s\u0131\u011f\u0131nal\u0131m, Bu f\u0131rt\u0131na ge\u00e7ene kadar.\u201d <\/p>\n","protected":false},"excerpt":{"rendered":"<p>\u201cHalil Yeni\u2019nin \u015fiirinde beni en fazla cezbeden, her daim dirili\u011fini koruyan umut oldu. Genelde son d\u00f6nem T\u00fcrk \u015fiirinde, \u00f6zelde toplumcu ger\u00e7ek\u00e7i \u015fiirde uzun y\u0131llard\u0131r varl\u0131\u011f\u0131n\u0131 s\u00fcrd\u00fcren<span class=\"excerpt-hellip\"> [\u2026]<\/span><\/p>\n","protected":false},"featured_media":0,"template":"","meta":{"_monsterinsights_skip_tracking":false,"_monsterinsights_sitenote_active":false,"_monsterinsights_sitenote_note":"","_monsterinsights_sitenote_category":0},"product_brand":[],"product_cat":[12291,12509],"product_tag":[],"class_list":{"0":"post-753695","1":"product","2":"type-product","3":"status-publish","5":"product_cat-edebiyat","6":"product_cat-siir","7":"pa_cilt-ciltsiz","8":"pa_tur-kitap","9":"pa_yayinevi-telgrafhane-yayinlari","10":"pa_yazar-halil-yeni","12":"first","13":"instock","14":"sale","15":"shipping-taxable","16":"purchasable","17":"product-type-simple"},"_links":{"self":[{"href":"https:\/\/roveyayinevi.com.tr\/index.php\/wp-json\/wp\/v2\/product\/753695","targetHints":{"allow":["GET"]}}],"collection":[{"href":"https:\/\/roveyayinevi.com.tr\/index.php\/wp-json\/wp\/v2\/product"}],"about":[{"href":"https:\/\/roveyayinevi.com.tr\/index.php\/wp-json\/wp\/v2\/types\/product"}],"wp:attachment":[{"href":"https:\/\/roveyayinevi.com.tr\/index.php\/wp-json\/wp\/v2\/media?parent=753695"}],"wp:term":[{"taxonomy":"product_brand","embeddable":true,"href":"https:\/\/roveyayinevi.com.tr\/index.php\/wp-json\/wp\/v2\/product_brand?post=753695"},{"taxonomy":"product_cat","embeddable":true,"href":"https:\/\/roveyayinevi.com.tr\/index.php\/wp-json\/wp\/v2\/product_cat?post=753695"},{"taxonomy":"product_tag","embeddable":true,"href":"https:\/\/roveyayinevi.com.tr\/index.php\/wp-json\/wp\/v2\/product_tag?post=753695"}],"curies":[{"name":"wp","href":"https:\/\/api.w.org\/{rel}","templated":true}]}}