{"id":753693,"date":"2025-08-28T05:50:16","date_gmt":"2025-08-28T02:50:16","guid":{"rendered":"https:\/\/roveyayinevi.com.tr\/index.php\/urun\/alevi-rituellerinin-kokeni\/"},"modified":"2026-04-16T03:07:16","modified_gmt":"2026-04-16T00:07:16","slug":"alevi-rituellerinin-kokeni","status":"publish","type":"product","link":"https:\/\/roveyayinevi.com.tr\/index.php\/urun\/alevi-rituellerinin-kokeni\/","title":{"rendered":"Alevi Rit\u00fcellerinin K\u00f6keni"},"content":{"rendered":"<p>Alevili\u011fin k\u00f6kenlerini a\u00e7\u0131\u011fa \u00e7\u0131karan rit\u00fcelleri, Dede, Cem, Semah ve Ba\u011flama gibi unsurlar\u0131 ele alarak Alevili\u011fin do\u011fu\u015funu ve Anadolu\u2019ya yay\u0131lma s\u00fcrecini ke\u015ffetmenize yard\u0131mc\u0131 olacak olan bu kitap, T\u00fcrkler, K\u00fcrtler ve Anadolu haklar\u0131yla yo\u011fun bir etkile\u015fim i\u00e7inde bulunmu\u015f olan Alevili\u011fin nas\u0131l insan-tanr\u0131-evren merkezli evrensel bir inanca d\u00f6n\u00fc\u015ft\u00fc\u011f\u00fcn\u00fc g\u00f6zler \u00f6n\u00fcne seriyor. <\/p>\n","protected":false},"excerpt":{"rendered":"<p>Alevili\u011fin k\u00f6kenlerini a\u00e7\u0131\u011fa \u00e7\u0131karan rit\u00fcelleri, Dede, Cem, Semah ve Ba\u011flama gibi unsurlar\u0131 ele alarak Alevili\u011fin do\u011fu\u015funu ve Anadolu\u2019ya yay\u0131lma s\u00fcrecini ke\u015ffetmenize yard\u0131mc\u0131 olacak olan bu kitap,<span class=\"excerpt-hellip\"> [\u2026]<\/span><\/p>\n","protected":false},"featured_media":0,"template":"","meta":{"_monsterinsights_skip_tracking":false,"_monsterinsights_sitenote_active":false,"_monsterinsights_sitenote_note":"","_monsterinsights_sitenote_category":0},"product_brand":[],"product_cat":[52477],"product_tag":[],"class_list":{"0":"post-753693","1":"product","2":"type-product","3":"status-publish","5":"product_cat-arastirma","6":"pa_cilt-ciltsiz","7":"pa_tur-kitap","8":"pa_yayinevi-sinirsiz-kitap","9":"pa_yazar-murat-catal","11":"first","12":"instock","13":"sale","14":"shipping-taxable","15":"purchasable","16":"product-type-simple"},"_links":{"self":[{"href":"https:\/\/roveyayinevi.com.tr\/index.php\/wp-json\/wp\/v2\/product\/753693","targetHints":{"allow":["GET"]}}],"collection":[{"href":"https:\/\/roveyayinevi.com.tr\/index.php\/wp-json\/wp\/v2\/product"}],"about":[{"href":"https:\/\/roveyayinevi.com.tr\/index.php\/wp-json\/wp\/v2\/types\/product"}],"wp:attachment":[{"href":"https:\/\/roveyayinevi.com.tr\/index.php\/wp-json\/wp\/v2\/media?parent=753693"}],"wp:term":[{"taxonomy":"product_brand","embeddable":true,"href":"https:\/\/roveyayinevi.com.tr\/index.php\/wp-json\/wp\/v2\/product_brand?post=753693"},{"taxonomy":"product_cat","embeddable":true,"href":"https:\/\/roveyayinevi.com.tr\/index.php\/wp-json\/wp\/v2\/product_cat?post=753693"},{"taxonomy":"product_tag","embeddable":true,"href":"https:\/\/roveyayinevi.com.tr\/index.php\/wp-json\/wp\/v2\/product_tag?post=753693"}],"curies":[{"name":"wp","href":"https:\/\/api.w.org\/{rel}","templated":true}]}}