{"id":753692,"date":"2025-08-28T05:50:15","date_gmt":"2025-08-28T02:50:15","guid":{"rendered":"https:\/\/roveyayinevi.com.tr\/index.php\/urun\/dogru-bilinen-yanlislar\/"},"modified":"2026-04-16T03:07:16","modified_gmt":"2026-04-16T00:07:16","slug":"dogru-bilinen-yanlislar","status":"publish","type":"product","link":"https:\/\/roveyayinevi.com.tr\/index.php\/urun\/dogru-bilinen-yanlislar\/","title":{"rendered":"Do\u011fru Bilinen Yanl\u0131\u015flar"},"content":{"rendered":"<p>Ger\u00e7eklerle yanl\u0131\u015flar\u0131n ince \u00e7izgisi s\u0131k s\u0131k bulan\u0131kla\u015f\u0131rken, do\u011fru bilinen yanl\u0131\u015flar insanlar\u0131n d\u00fc\u015f\u00fcncelerini ve eylemlerini nas\u0131l etkiler? Bu kitap, toplumda yayg\u0131n olan yanl\u0131\u015f inan\u0131\u015flar\u0131, mitleri ve efsaneleri sorguluyor. \u0130\u00e7indekilerle ilgili al\u0131\u015f\u0131lmad\u0131k ger\u00e7ekler ve zekice haz\u0131rlanm\u0131\u015f ara\u015ft\u0131rmalar, okuyucular\u0131n g\u00f6zlerini a\u00e7acak ve anlaml\u0131 bir \u015fekilde d\u00fc\u015f\u00fcnmeye y\u00f6nlendirecek. Sorgulay\u0131c\u0131 bir yakla\u015f\u0131mla yaz\u0131lm\u0131\u015f bu kitap, do\u011fru bilinen yanl\u0131\u015flar\u0131n ard\u0131ndaki ger\u00e7ekleri ke\u015ffetmek isteyen herkes i\u00e7in bir rehber niteli\u011findedir.   <\/p>\n","protected":false},"excerpt":{"rendered":"<p>Ger\u00e7eklerle yanl\u0131\u015flar\u0131n ince \u00e7izgisi s\u0131k s\u0131k bulan\u0131kla\u015f\u0131rken, do\u011fru bilinen yanl\u0131\u015flar insanlar\u0131n d\u00fc\u015f\u00fcncelerini ve eylemlerini nas\u0131l etkiler? Bu kitap, toplumda yayg\u0131n olan yanl\u0131\u015f inan\u0131\u015flar\u0131, mitleri ve efsaneleri<span class=\"excerpt-hellip\"> [\u2026]<\/span><\/p>\n","protected":false},"featured_media":0,"template":"","meta":{"_monsterinsights_skip_tracking":false,"_monsterinsights_sitenote_active":false,"_monsterinsights_sitenote_note":"","_monsterinsights_sitenote_category":0},"product_brand":[],"product_cat":[52477],"product_tag":[],"class_list":{"0":"post-753692","1":"product","2":"type-product","3":"status-publish","5":"product_cat-arastirma","6":"pa_cilt-ciltsiz","7":"pa_tur-kitap","8":"pa_yayinevi-sinirsiz-kitap","9":"pa_yazar-murat-catal","11":"first","12":"instock","13":"sale","14":"shipping-taxable","15":"purchasable","16":"product-type-simple"},"_links":{"self":[{"href":"https:\/\/roveyayinevi.com.tr\/index.php\/wp-json\/wp\/v2\/product\/753692","targetHints":{"allow":["GET"]}}],"collection":[{"href":"https:\/\/roveyayinevi.com.tr\/index.php\/wp-json\/wp\/v2\/product"}],"about":[{"href":"https:\/\/roveyayinevi.com.tr\/index.php\/wp-json\/wp\/v2\/types\/product"}],"wp:attachment":[{"href":"https:\/\/roveyayinevi.com.tr\/index.php\/wp-json\/wp\/v2\/media?parent=753692"}],"wp:term":[{"taxonomy":"product_brand","embeddable":true,"href":"https:\/\/roveyayinevi.com.tr\/index.php\/wp-json\/wp\/v2\/product_brand?post=753692"},{"taxonomy":"product_cat","embeddable":true,"href":"https:\/\/roveyayinevi.com.tr\/index.php\/wp-json\/wp\/v2\/product_cat?post=753692"},{"taxonomy":"product_tag","embeddable":true,"href":"https:\/\/roveyayinevi.com.tr\/index.php\/wp-json\/wp\/v2\/product_tag?post=753692"}],"curies":[{"name":"wp","href":"https:\/\/api.w.org\/{rel}","templated":true}]}}