{"id":753690,"date":"2025-08-28T05:50:12","date_gmt":"2025-08-28T02:50:12","guid":{"rendered":"https:\/\/roveyayinevi.com.tr\/index.php\/urun\/horimiya-horisan-ile-miyamurakun-9-cilt\/"},"modified":"2026-04-16T03:07:16","modified_gmt":"2026-04-16T00:07:16","slug":"horimiya-horisan-ile-miyamurakun-9-cilt","status":"publish","type":"product","link":"https:\/\/roveyayinevi.com.tr\/index.php\/urun\/horimiya-horisan-ile-miyamurakun-9-cilt\/","title":{"rendered":"Horimiya Horisan ile Miyamurakun 9. Cilt"},"content":{"rendered":"<p>Horisan ile Miyamurakun\u2019un etkileyici hik\u00e2yesi devam ediyor!     K\u0131\u015f nihayet geldi. Beraberinde atk\u0131lar\u0131, paltolar\u0131, kar\u0131, Noel\u2019i ve y\u0131l sonu h\u00fczn\u00fcn\u00fc de getirdi. A\u015fk (ve kalp k\u0131r\u0131kl\u0131klar\u0131) her yeri sarm\u0131\u015f durumda. Ne var ki Hori&#8217;nin d\u00fc\u015f\u00fcnceleri, kendisi ve Miyamura i\u00e7in gelece\u011fin neler getirece\u011fine odaklanm\u0131\u015f halde. Miyamura k\u0131z arkada\u015f\u0131n\u0131n i\u00e7ini rahatlatabilecek mi? Yoksa kendi endi\u015feleri onun s\u0131k\u0131nt\u0131s\u0131n\u0131 ikiye mi katlayacak?   Okul hayat\u0131, arkada\u015fl\u0131klar ve kendini ke\u015ffetme hakk\u0131nda ilham verici hik\u00e2yesiyle Horimiya sizi etkisi alt\u0131na alacak! <\/p>\n","protected":false},"excerpt":{"rendered":"<p>Horisan ile Miyamurakun\u2019un etkileyici hik\u00e2yesi devam ediyor! K\u0131\u015f nihayet geldi. Beraberinde atk\u0131lar\u0131, paltolar\u0131, kar\u0131, Noel\u2019i ve y\u0131l sonu h\u00fczn\u00fcn\u00fc de getirdi. A\u015fk (ve kalp k\u0131r\u0131kl\u0131klar\u0131) her<span class=\"excerpt-hellip\"> [\u2026]<\/span><\/p>\n","protected":false},"featured_media":0,"template":"","meta":{"_monsterinsights_skip_tracking":false,"_monsterinsights_sitenote_active":false,"_monsterinsights_sitenote_note":"","_monsterinsights_sitenote_category":0},"product_brand":[],"product_cat":[12416,12291],"product_tag":[],"class_list":{"0":"post-753690","1":"product","2":"type-product","3":"status-publish","5":"product_cat-cizgi-roman","6":"product_cat-edebiyat","7":"pa_cilt-ciltsiz","8":"pa_tur-kitap","9":"pa_yayinevi-akil-celen-kitaplar","10":"pa_yazar-hero","12":"first","13":"instock","14":"sale","15":"shipping-taxable","16":"purchasable","17":"product-type-simple"},"_links":{"self":[{"href":"https:\/\/roveyayinevi.com.tr\/index.php\/wp-json\/wp\/v2\/product\/753690","targetHints":{"allow":["GET"]}}],"collection":[{"href":"https:\/\/roveyayinevi.com.tr\/index.php\/wp-json\/wp\/v2\/product"}],"about":[{"href":"https:\/\/roveyayinevi.com.tr\/index.php\/wp-json\/wp\/v2\/types\/product"}],"wp:attachment":[{"href":"https:\/\/roveyayinevi.com.tr\/index.php\/wp-json\/wp\/v2\/media?parent=753690"}],"wp:term":[{"taxonomy":"product_brand","embeddable":true,"href":"https:\/\/roveyayinevi.com.tr\/index.php\/wp-json\/wp\/v2\/product_brand?post=753690"},{"taxonomy":"product_cat","embeddable":true,"href":"https:\/\/roveyayinevi.com.tr\/index.php\/wp-json\/wp\/v2\/product_cat?post=753690"},{"taxonomy":"product_tag","embeddable":true,"href":"https:\/\/roveyayinevi.com.tr\/index.php\/wp-json\/wp\/v2\/product_tag?post=753690"}],"curies":[{"name":"wp","href":"https:\/\/api.w.org\/{rel}","templated":true}]}}