{"id":753689,"date":"2025-08-28T05:50:10","date_gmt":"2025-08-28T02:50:10","guid":{"rendered":"https:\/\/roveyayinevi.com.tr\/index.php\/urun\/rosario-vampire-sezon-2-cilt-11\/"},"modified":"2026-04-16T03:07:16","modified_gmt":"2026-04-16T00:07:16","slug":"rosario-vampire-sezon-2-cilt-11","status":"publish","type":"product","link":"https:\/\/roveyayinevi.com.tr\/index.php\/urun\/rosario-vampire-sezon-2-cilt-11\/","title":{"rendered":"Rosario &amp; Vampire Sezon 2 Cilt 11"},"content":{"rendered":"<p>Peri Masal\u0131 \u00d6rg\u00fct\u00fc\u2019n\u00fcn karargah\u0131ndaki zorlu m\u00fccadele t\u00fcm h\u0131z\u0131yla devam ediyor. Birbirini iyi tan\u0131yan insanlar aras\u0131nda s\u00fcren sava\u015fta, soluk kesici s\u00fcrpriz kar\u015f\u0131la\u015fmalar var. Peki t\u00fcm bunlar ya\u015fan\u0131rken Moka ne durumda?  Zaman daral\u0131yor\u2026. <\/p>\n","protected":false},"excerpt":{"rendered":"<p>Peri Masal\u0131 \u00d6rg\u00fct\u00fc\u2019n\u00fcn karargah\u0131ndaki zorlu m\u00fccadele t\u00fcm h\u0131z\u0131yla devam ediyor. Birbirini iyi tan\u0131yan insanlar aras\u0131nda s\u00fcren sava\u015fta, soluk kesici s\u00fcrpriz kar\u015f\u0131la\u015fmalar var. Peki t\u00fcm bunlar ya\u015fan\u0131rken<span class=\"excerpt-hellip\"> [\u2026]<\/span><\/p>\n","protected":false},"featured_media":0,"template":"","meta":{"_monsterinsights_skip_tracking":false,"_monsterinsights_sitenote_active":false,"_monsterinsights_sitenote_note":"","_monsterinsights_sitenote_category":0},"product_brand":[],"product_cat":[12416,12291],"product_tag":[],"class_list":{"0":"post-753689","1":"product","2":"type-product","3":"status-publish","5":"product_cat-cizgi-roman","6":"product_cat-edebiyat","7":"pa_cilt-ciltsiz","8":"pa_tur-kitap","9":"pa_yayinevi-akil-celen-kitaplar","10":"pa_yazar-akihisa-ikeda","12":"first","13":"instock","14":"sale","15":"shipping-taxable","16":"purchasable","17":"product-type-simple"},"_links":{"self":[{"href":"https:\/\/roveyayinevi.com.tr\/index.php\/wp-json\/wp\/v2\/product\/753689","targetHints":{"allow":["GET"]}}],"collection":[{"href":"https:\/\/roveyayinevi.com.tr\/index.php\/wp-json\/wp\/v2\/product"}],"about":[{"href":"https:\/\/roveyayinevi.com.tr\/index.php\/wp-json\/wp\/v2\/types\/product"}],"wp:attachment":[{"href":"https:\/\/roveyayinevi.com.tr\/index.php\/wp-json\/wp\/v2\/media?parent=753689"}],"wp:term":[{"taxonomy":"product_brand","embeddable":true,"href":"https:\/\/roveyayinevi.com.tr\/index.php\/wp-json\/wp\/v2\/product_brand?post=753689"},{"taxonomy":"product_cat","embeddable":true,"href":"https:\/\/roveyayinevi.com.tr\/index.php\/wp-json\/wp\/v2\/product_cat?post=753689"},{"taxonomy":"product_tag","embeddable":true,"href":"https:\/\/roveyayinevi.com.tr\/index.php\/wp-json\/wp\/v2\/product_tag?post=753689"}],"curies":[{"name":"wp","href":"https:\/\/api.w.org\/{rel}","templated":true}]}}