{"id":753687,"date":"2025-08-28T05:50:07","date_gmt":"2025-08-28T02:50:07","guid":{"rendered":"https:\/\/roveyayinevi.com.tr\/index.php\/urun\/ilim-ogrenmeyi-evlilige-tercih-eden-bekar-alimler\/"},"modified":"2026-04-16T03:07:16","modified_gmt":"2026-04-16T00:07:16","slug":"ilim-ogrenmeyi-evlilige-tercih-eden-bekar-alimler","status":"publish","type":"product","link":"https:\/\/roveyayinevi.com.tr\/index.php\/urun\/ilim-ogrenmeyi-evlilige-tercih-eden-bekar-alimler\/","title":{"rendered":"\u0130lim \u00d6\u011frenmeyi Evlili\u011fe Tercih Eden Bekar Alimler"},"content":{"rendered":"<p>Bu kitapta, m\u00fcfessir, kurra, muhaddis, fak\u00eeh, kad\u0131, m\u00fcft\u00fc, edip, tarih\u00e7i, nahiv ve l\u00fcgat \u00e2limi, zahit ve \u00e2bidler aras\u0131ndan fazileti bilinen, dini ve ilmi ile me\u015fhur, hayatlar\u0131n\u0131n tamam\u0131n\u0131 ilme adam\u0131\u015f, ilim i\u00e7in bek\u00e2r kalm\u0131\u015f daha fazla ilim \u00f6\u011frenmek, dine hizmet etmek ve M\u00fcsl\u00fcmanlara faydal\u0131 olmak ad\u0131na kendilerini mahrum b\u0131rakm\u0131\u015f olan b\u00fcy\u00fck ilim adamlar\u0131 ve din imamlar\u0131ndan bahsedilmektedir. Bu \u00e2limler kendilerini e\u011fitim ve \u00f6\u011fretime adamak i\u00e7in evlenmemi\u015f ve alternatifsiz sadece ilim i\u00e7in evlili\u011fi terk etmi\u015flerdir. \u00c7\u00fcnk\u00fc bu kimseler ilmi sevmi\u015fler, ilme \u00e2\u015f\u0131k olmu\u015flar, kendilerinin duygu ve hislerini ilim i\u015fgal etmi\u015ftir.<\/p>\n","protected":false},"excerpt":{"rendered":"<p>Bu kitapta, m\u00fcfessir, kurra, muhaddis, fak\u00eeh, kad\u0131, m\u00fcft\u00fc, edip, tarih\u00e7i, nahiv ve l\u00fcgat \u00e2limi, zahit ve \u00e2bidler aras\u0131ndan fazileti bilinen, dini ve ilmi ile me\u015fhur, hayatlar\u0131n\u0131n<span class=\"excerpt-hellip\"> [\u2026]<\/span><\/p>\n","protected":false},"featured_media":0,"template":"","meta":{"_monsterinsights_skip_tracking":false,"_monsterinsights_sitenote_active":false,"_monsterinsights_sitenote_note":"","_monsterinsights_sitenote_category":0},"product_brand":[],"product_cat":[12718],"product_tag":[],"class_list":{"0":"post-753687","1":"product","2":"type-product","3":"status-publish","5":"product_cat-din","6":"pa_cilt-ciltsiz","7":"pa_tur-kitap","8":"pa_yayinevi-takdim-kitap","9":"pa_yazar-abdulfettah-ebu-gudde","11":"first","12":"instock","13":"sale","14":"shipping-taxable","15":"purchasable","16":"product-type-simple"},"_links":{"self":[{"href":"https:\/\/roveyayinevi.com.tr\/index.php\/wp-json\/wp\/v2\/product\/753687","targetHints":{"allow":["GET"]}}],"collection":[{"href":"https:\/\/roveyayinevi.com.tr\/index.php\/wp-json\/wp\/v2\/product"}],"about":[{"href":"https:\/\/roveyayinevi.com.tr\/index.php\/wp-json\/wp\/v2\/types\/product"}],"wp:attachment":[{"href":"https:\/\/roveyayinevi.com.tr\/index.php\/wp-json\/wp\/v2\/media?parent=753687"}],"wp:term":[{"taxonomy":"product_brand","embeddable":true,"href":"https:\/\/roveyayinevi.com.tr\/index.php\/wp-json\/wp\/v2\/product_brand?post=753687"},{"taxonomy":"product_cat","embeddable":true,"href":"https:\/\/roveyayinevi.com.tr\/index.php\/wp-json\/wp\/v2\/product_cat?post=753687"},{"taxonomy":"product_tag","embeddable":true,"href":"https:\/\/roveyayinevi.com.tr\/index.php\/wp-json\/wp\/v2\/product_tag?post=753687"}],"curies":[{"name":"wp","href":"https:\/\/api.w.org\/{rel}","templated":true}]}}