{"id":753686,"date":"2025-08-28T05:50:06","date_gmt":"2025-08-28T02:50:06","guid":{"rendered":"https:\/\/roveyayinevi.com.tr\/index.php\/urun\/hanefi-alimlere-gore-hadis-usulu\/"},"modified":"2026-04-16T03:07:16","modified_gmt":"2026-04-16T00:07:16","slug":"hanefi-alimlere-gore-hadis-usulu","status":"publish","type":"product","link":"https:\/\/roveyayinevi.com.tr\/index.php\/urun\/hanefi-alimlere-gore-hadis-usulu\/","title":{"rendered":"Hanefi Alimlere G\u00f6re Hadis Usul\u00fc"},"content":{"rendered":"<p>Hadis ilminde ge\u00e7erli olan \u0131st\u0131lahlar\u0131 (kavramlar\u0131) bilmek, din\u00ee ilimleri tahsil eden talebeler i\u00e7in bir zorunluluktur. Zira \u0131st\u0131lahlar, hadisin kabul\u00fc ve reddi i\u00e7in sa\u011fl\u0131kl\u0131 ara\u015ft\u0131rma ve adil olan tek \u00f6l\u00e7\u00fcd\u00fcr. Bu ilmin \u00f6nemi ve talebelerin bu ilme olan ihtiya\u00e7lar\u0131 nedeniyle bu alanda mutavvel, muvassat ve muhtasar olmak \u00fczere onlarca eser yaz\u0131lm\u0131\u015ft\u0131r. Mustalahu\u2019l-hadis ilmi ise s\u00fcnnet-i mutahharaya hizmet eden ilimlerden en m\u00fchimi ve s\u00fcnneti seniyye ile me\u015fgul olanlar i\u00e7in en gerekli olan bir dald\u0131r. Elinizdeki kitap, Hanefi \u00e2limlerinden \u0130bn\u00fc\u2019l-Hanbel\u00ee ve Murtaz\u00e2 ez-Zeb\u00eed\u00ee\u2019nin hadis usl\u00fbl\u00fc ile ilgili iki de\u011ferli eserini bir araya getirmektedir.<\/p>\n","protected":false},"excerpt":{"rendered":"<p>Hadis ilminde ge\u00e7erli olan \u0131st\u0131lahlar\u0131 (kavramlar\u0131) bilmek, din\u00ee ilimleri tahsil eden talebeler i\u00e7in bir zorunluluktur. Zira \u0131st\u0131lahlar, hadisin kabul\u00fc ve reddi i\u00e7in sa\u011fl\u0131kl\u0131 ara\u015ft\u0131rma ve adil<span class=\"excerpt-hellip\"> [\u2026]<\/span><\/p>\n","protected":false},"featured_media":0,"template":"","meta":{"_monsterinsights_skip_tracking":false,"_monsterinsights_sitenote_active":false,"_monsterinsights_sitenote_note":"","_monsterinsights_sitenote_category":0},"product_brand":[],"product_cat":[12718,12719],"product_tag":[],"class_list":{"0":"post-753686","1":"product","2":"type-product","3":"status-publish","5":"product_cat-din","6":"product_cat-islam","7":"pa_cilt-ciltsiz","8":"pa_tur-kitap","9":"pa_yayinevi-takdim-kitap","10":"pa_yazar-radiyyuddin-ibnul-hanbeli-muhammed-murtaza-ez-zebidi","12":"first","13":"instock","14":"sale","15":"shipping-taxable","16":"purchasable","17":"product-type-simple"},"_links":{"self":[{"href":"https:\/\/roveyayinevi.com.tr\/index.php\/wp-json\/wp\/v2\/product\/753686","targetHints":{"allow":["GET"]}}],"collection":[{"href":"https:\/\/roveyayinevi.com.tr\/index.php\/wp-json\/wp\/v2\/product"}],"about":[{"href":"https:\/\/roveyayinevi.com.tr\/index.php\/wp-json\/wp\/v2\/types\/product"}],"wp:attachment":[{"href":"https:\/\/roveyayinevi.com.tr\/index.php\/wp-json\/wp\/v2\/media?parent=753686"}],"wp:term":[{"taxonomy":"product_brand","embeddable":true,"href":"https:\/\/roveyayinevi.com.tr\/index.php\/wp-json\/wp\/v2\/product_brand?post=753686"},{"taxonomy":"product_cat","embeddable":true,"href":"https:\/\/roveyayinevi.com.tr\/index.php\/wp-json\/wp\/v2\/product_cat?post=753686"},{"taxonomy":"product_tag","embeddable":true,"href":"https:\/\/roveyayinevi.com.tr\/index.php\/wp-json\/wp\/v2\/product_tag?post=753686"}],"curies":[{"name":"wp","href":"https:\/\/api.w.org\/{rel}","templated":true}]}}