{"id":753685,"date":"2025-08-28T05:50:05","date_gmt":"2025-08-28T02:50:05","guid":{"rendered":"https:\/\/roveyayinevi.com.tr\/index.php\/urun\/gonulden-gonule-sohbetler\/"},"modified":"2026-04-16T03:07:16","modified_gmt":"2026-04-16T00:07:16","slug":"gonulden-gonule-sohbetler","status":"publish","type":"product","link":"https:\/\/roveyayinevi.com.tr\/index.php\/urun\/gonulden-gonule-sohbetler\/","title":{"rendered":"G\u00f6n\u00fclden G\u00f6n\u00fcle Sohbetler"},"content":{"rendered":"<p>Bu kitap, Abdulfett\u00e2h Eb\u00fb Gudde\u2019ye ait \u00e7e\u015fitli konulardaki sohbetlerden olu\u015fmaktad\u0131r. Ebu Gudde ele ald\u0131\u011f\u0131 konular\u0131 ak\u0131lc\u0131, hikmetli ve g\u00fczel \u00f6\u011f\u00fctlerle sohbet k\u0131vam\u0131nda anlatmaktad\u0131r. Yeri geldik\u00e7e din\u00ee, sosyal, e\u011fitimsel ve politik kayg\u0131lara da i\u015faret etmeyi ihmal etmemektedir. Bu sohbetlerinde Allah ve Rasul\u00fc kendisine her \u015feyden daha fazla sevinceye kadar olgun bir m\u00fc\u2019min olamayacak olan bir \u00fcmmetin Peygamberinden bahsetmektedir. O konular\u0131 ayetlerle ve Rasulullah\u2019\u0131n hidayetiyle bezenmi\u015f olarak ahiret g\u00fcn\u00fcn\u00fc ve saadetini, ahireti ve azab\u0131n\u0131 hat\u0131rlatmakta, iman ve inanc\u0131n ge\u00e7erlili\u011fi, \u0130sl\u00e2mi davran\u0131\u015f ve g\u00f6rg\u00fc kurallar\u0131n\u0131 ele almaktad\u0131r.<\/p>\n","protected":false},"excerpt":{"rendered":"<p>Bu kitap, Abdulfett\u00e2h Eb\u00fb Gudde\u2019ye ait \u00e7e\u015fitli konulardaki sohbetlerden olu\u015fmaktad\u0131r. Ebu Gudde ele ald\u0131\u011f\u0131 konular\u0131 ak\u0131lc\u0131, hikmetli ve g\u00fczel \u00f6\u011f\u00fctlerle sohbet k\u0131vam\u0131nda anlatmaktad\u0131r. Yeri geldik\u00e7e din\u00ee,<span class=\"excerpt-hellip\"> [\u2026]<\/span><\/p>\n","protected":false},"featured_media":0,"template":"","meta":{"_monsterinsights_skip_tracking":false,"_monsterinsights_sitenote_active":false,"_monsterinsights_sitenote_note":"","_monsterinsights_sitenote_category":0},"product_brand":[],"product_cat":[12718,12719],"product_tag":[],"class_list":{"0":"post-753685","1":"product","2":"type-product","3":"status-publish","5":"product_cat-din","6":"product_cat-islam","7":"pa_cilt-ciltsiz","8":"pa_tur-kitap","9":"pa_yayinevi-takdim-kitap","10":"pa_yazar-abdulfettah-ebu-gudde","12":"first","13":"instock","14":"sale","15":"shipping-taxable","16":"purchasable","17":"product-type-simple"},"_links":{"self":[{"href":"https:\/\/roveyayinevi.com.tr\/index.php\/wp-json\/wp\/v2\/product\/753685","targetHints":{"allow":["GET"]}}],"collection":[{"href":"https:\/\/roveyayinevi.com.tr\/index.php\/wp-json\/wp\/v2\/product"}],"about":[{"href":"https:\/\/roveyayinevi.com.tr\/index.php\/wp-json\/wp\/v2\/types\/product"}],"wp:attachment":[{"href":"https:\/\/roveyayinevi.com.tr\/index.php\/wp-json\/wp\/v2\/media?parent=753685"}],"wp:term":[{"taxonomy":"product_brand","embeddable":true,"href":"https:\/\/roveyayinevi.com.tr\/index.php\/wp-json\/wp\/v2\/product_brand?post=753685"},{"taxonomy":"product_cat","embeddable":true,"href":"https:\/\/roveyayinevi.com.tr\/index.php\/wp-json\/wp\/v2\/product_cat?post=753685"},{"taxonomy":"product_tag","embeddable":true,"href":"https:\/\/roveyayinevi.com.tr\/index.php\/wp-json\/wp\/v2\/product_tag?post=753685"}],"curies":[{"name":"wp","href":"https:\/\/api.w.org\/{rel}","templated":true}]}}