{"id":753683,"date":"2025-08-28T05:50:02","date_gmt":"2025-08-28T02:50:02","guid":{"rendered":"https:\/\/roveyayinevi.com.tr\/index.php\/urun\/istihbarat-teorisi\/"},"modified":"2026-04-16T03:07:16","modified_gmt":"2026-04-16T00:07:16","slug":"istihbarat-teorisi","status":"publish","type":"product","link":"https:\/\/roveyayinevi.com.tr\/index.php\/urun\/istihbarat-teorisi\/","title":{"rendered":"\u0130stihbarat Teorisi"},"content":{"rendered":"<p>\u201cB\u0130LG\u0130 G\u00dc\u00c7T\u00dcR.\u201d \u2013FRANCIS BACON \u0130stihbarat deyince bir\u00e7ok insan\u0131n akl\u0131na ilk olarak gelen, filmlerden veya romanlardan aktar\u0131lan imajlar \u00e7er\u00e7evesinde, suikastlar, entrikalar, sofistike silahlar ve \u00f6ld\u00fcrme teknikleri d\u00fcnyas\u0131d\u0131r. Oysa bu operasyonlar istihbarat\u0131n \u00e7ok k\u00fc\u00e7\u00fck bir par\u00e7as\u0131n\u0131 olu\u015fturur. \u0130stihbarat, bilginin toplanmas\u0131, analizi, kar\u015f\u0131la\u015ft\u0131r\u0131lmas\u0131, de\u011ferlendirilmesi, birle\u015ftirilmesi ve yorumlanmas\u0131 s\u00fcrecinin sonunda ortaya \u00e7\u0131kan \u00fcr\u00fcnd\u00fcr. Bu \u00e7al\u0131\u015fmada, istihbarat\u0131n ne oldu\u011funun a\u00e7\u0131klanmas\u0131 gibi temelbir ba\u011flamdan hareket ederek, istihbarat\u0131n tarihi, istihbarat toplamada kullan\u0131lan temel ara\u00e7lar ile istihbarat t\u00fcrlerini ele ald\u0131ktan sonra stratejik istihbarat \u00fczerinde durulacak ve nihayet \u00e7al\u0131\u015fman\u0131n s\u0131klet merkezini olu\u015fturan stratejik analiz y\u00f6ntemleri ele al\u0131nacakt\u0131r. \u0130\u00e7inde ya\u015fad\u0131\u011f\u0131m\u0131z \u00e7a\u011f, beraberinde b\u00fcy\u00fck bir veri-malumat ve bilgi bombard\u0131man\u0131n\u0131 getirmekte, ancak bu bombard\u0131man bize her zaman ger\u00e7e\u011fi iletmemekte, aksine \u00e7o\u011fu kez gizlemektedir. \u0130\u015fte bu noktada, analizcinin bir \u201csanat\u00e7\u0131\u201d duyarl\u0131l\u0131\u011f\u0131yla, de\u011ferlendirme y\u00f6ntemlerini \u201csezgi\u201d ile birle\u015ftirerek, bu bombard\u0131manla y\u00fczle\u015fmesi gerekmektedir. \u00c7\u00fcnk\u00fc bir bilim oldu\u011funu vurgulad\u0131\u011f\u0131m\u0131z istihbarat asl\u0131nda t\u00fcm bilim dallar\u0131n\u0131 i\u00e7inde bar\u0131nd\u0131ran ke\u015ffedilmemi\u015f bir sanatt\u0131r. <\/p>\n","protected":false},"excerpt":{"rendered":"<p>\u201cB\u0130LG\u0130 G\u00dc\u00c7T\u00dcR.\u201d \u2013FRANCIS BACON \u0130stihbarat deyince bir\u00e7ok insan\u0131n akl\u0131na ilk olarak gelen, filmlerden veya romanlardan aktar\u0131lan imajlar \u00e7er\u00e7evesinde, suikastlar, entrikalar, sofistike silahlar ve \u00f6ld\u00fcrme teknikleri d\u00fcnyas\u0131d\u0131r.<span class=\"excerpt-hellip\"> [\u2026]<\/span><\/p>\n","protected":false},"featured_media":0,"template":"","meta":{"_monsterinsights_skip_tracking":false,"_monsterinsights_sitenote_active":false,"_monsterinsights_sitenote_note":"","_monsterinsights_sitenote_category":0},"product_brand":[],"product_cat":[13590,12337],"product_tag":[],"class_list":{"0":"post-753683","1":"product","2":"type-product","3":"status-publish","5":"product_cat-arastirma-inceleme-politika-siyaset","6":"product_cat-politika-siyaset","7":"pa_cilt-ciltsiz","8":"pa_tur-kitap","9":"pa_yayinevi-destek-yayinlari","10":"pa_yazar-umit-ozdag","12":"first","13":"instock","14":"sale","15":"shipping-taxable","16":"purchasable","17":"product-type-simple"},"_links":{"self":[{"href":"https:\/\/roveyayinevi.com.tr\/index.php\/wp-json\/wp\/v2\/product\/753683","targetHints":{"allow":["GET"]}}],"collection":[{"href":"https:\/\/roveyayinevi.com.tr\/index.php\/wp-json\/wp\/v2\/product"}],"about":[{"href":"https:\/\/roveyayinevi.com.tr\/index.php\/wp-json\/wp\/v2\/types\/product"}],"wp:attachment":[{"href":"https:\/\/roveyayinevi.com.tr\/index.php\/wp-json\/wp\/v2\/media?parent=753683"}],"wp:term":[{"taxonomy":"product_brand","embeddable":true,"href":"https:\/\/roveyayinevi.com.tr\/index.php\/wp-json\/wp\/v2\/product_brand?post=753683"},{"taxonomy":"product_cat","embeddable":true,"href":"https:\/\/roveyayinevi.com.tr\/index.php\/wp-json\/wp\/v2\/product_cat?post=753683"},{"taxonomy":"product_tag","embeddable":true,"href":"https:\/\/roveyayinevi.com.tr\/index.php\/wp-json\/wp\/v2\/product_tag?post=753683"}],"curies":[{"name":"wp","href":"https:\/\/api.w.org\/{rel}","templated":true}]}}