{"id":753680,"date":"2025-08-28T05:49:57","date_gmt":"2025-08-28T02:49:57","guid":{"rendered":"https:\/\/roveyayinevi.com.tr\/index.php\/urun\/ruhumun-ozlemi\/"},"modified":"2026-04-16T03:07:16","modified_gmt":"2026-04-16T00:07:16","slug":"ruhumun-ozlemi","status":"publish","type":"product","link":"https:\/\/roveyayinevi.com.tr\/index.php\/urun\/ruhumun-ozlemi\/","title":{"rendered":"Ruhumun \u00d6zlemi"},"content":{"rendered":"<p>Elinizde tuttu\u011funuz bu kaynakta yaz\u0131lanlar her ne kadar bir \u015fekil kazan\u0131p kitap h\u00e2line geldiyse de, bu kitaba dair niyetim; i\u00e7inde yazanlar\u0131n sabit bir formda kalmamas\u0131, andan ana sizin bak\u0131\u015f\u0131n\u0131z ve yorumlar\u0131n\u0131zla birlikte de\u011fi\u015febilmesi y\u00f6n\u00fcnde. De\u011fi\u015fim, bir \u015feyleri kat\u0131la\u015ft\u0131rmamakla ve sabit tutmamakla da ilintili bana kal\u0131rsa. \u0130\u00e7imdeki \u00f6zg\u00fcr ku\u015fun kanatlar\u0131, bu kitab\u0131n sayfalar\u0131n\u0131 her okuyanla birlikte biraz dinlenmeye ge\u00e7ecek ve yan\u0131n\u0131za konaca\u011f\u0131m. Belki uzunca s\u00fcre yan\u0131n\u0131zda olaca\u011f\u0131m, belki de sadece pencerenizden bak\u0131p uzakla\u015faca\u011f\u0131m. Siz nas\u0131l isterseniz ve \u00f6zg\u00fcr ku\u015f nas\u0131l isterse \u00f6yle olacak. Ortakla\u015ft\u0131\u011f\u0131m\u0131z\u0131 d\u00fc\u015f\u00fcnd\u00fc\u011f\u00fcm bu \u201c\u00f6zg\u00fcr deneyim yolculu\u011funda\u201d neyi nas\u0131l yapmak istersek o \u015fekilde ilerleyece\u011fiz. Benim \u00fcmidim ve dile\u011fim bu y\u00f6nde en az\u0131ndan\u2026 Keyifli yolculuklar diliyorum.   Esra Y\u0131ld\u0131rm\u0131\u015f; varolu\u015fa, benli\u011fe, anda kalmaya ve ruhsal pek \u00e7ok tecr\u00fcbeye ucundan k\u0131y\u0131s\u0131ndan dokundu\u011fu Ruhumun \u00d6zlemi\u2019nde herkesin kendinden bir par\u00e7a bulaca\u011f\u0131 sat\u0131rlar kaleme al\u0131yor\u2026<\/p>\n","protected":false},"excerpt":{"rendered":"<p>Elinizde tuttu\u011funuz bu kaynakta yaz\u0131lanlar her ne kadar bir \u015fekil kazan\u0131p kitap h\u00e2line geldiyse de, bu kitaba dair niyetim; i\u00e7inde yazanlar\u0131n sabit bir formda kalmamas\u0131, andan<span class=\"excerpt-hellip\"> [\u2026]<\/span><\/p>\n","protected":false},"featured_media":0,"template":"","meta":{"_monsterinsights_skip_tracking":false,"_monsterinsights_sitenote_active":false,"_monsterinsights_sitenote_note":"","_monsterinsights_sitenote_category":0},"product_brand":[],"product_cat":[12777,12291],"product_tag":[],"class_list":{"0":"post-753680","1":"product","2":"type-product","3":"status-publish","5":"product_cat-deneme","6":"product_cat-edebiyat","7":"pa_cilt-ciltsiz","8":"pa_tur-kitap","9":"pa_yayinevi-luna-yayinlari","10":"pa_yazar-esra-yildirmis","12":"first","13":"instock","14":"sale","15":"shipping-taxable","16":"purchasable","17":"product-type-simple"},"_links":{"self":[{"href":"https:\/\/roveyayinevi.com.tr\/index.php\/wp-json\/wp\/v2\/product\/753680","targetHints":{"allow":["GET"]}}],"collection":[{"href":"https:\/\/roveyayinevi.com.tr\/index.php\/wp-json\/wp\/v2\/product"}],"about":[{"href":"https:\/\/roveyayinevi.com.tr\/index.php\/wp-json\/wp\/v2\/types\/product"}],"wp:attachment":[{"href":"https:\/\/roveyayinevi.com.tr\/index.php\/wp-json\/wp\/v2\/media?parent=753680"}],"wp:term":[{"taxonomy":"product_brand","embeddable":true,"href":"https:\/\/roveyayinevi.com.tr\/index.php\/wp-json\/wp\/v2\/product_brand?post=753680"},{"taxonomy":"product_cat","embeddable":true,"href":"https:\/\/roveyayinevi.com.tr\/index.php\/wp-json\/wp\/v2\/product_cat?post=753680"},{"taxonomy":"product_tag","embeddable":true,"href":"https:\/\/roveyayinevi.com.tr\/index.php\/wp-json\/wp\/v2\/product_tag?post=753680"}],"curies":[{"name":"wp","href":"https:\/\/api.w.org\/{rel}","templated":true}]}}