{"id":753676,"date":"2025-08-28T05:49:50","date_gmt":"2025-08-28T02:49:50","guid":{"rendered":"https:\/\/roveyayinevi.com.tr\/index.php\/urun\/sandor-petofi-secme-siirler\/"},"modified":"2026-04-16T03:07:16","modified_gmt":"2026-04-16T00:07:16","slug":"sandor-petofi-secme-siirler","status":"publish","type":"product","link":"https:\/\/roveyayinevi.com.tr\/index.php\/urun\/sandor-petofi-secme-siirler\/","title":{"rendered":"Sandor Pet\u00f6fi Se\u00e7me \u015eiirler"},"content":{"rendered":"<p>Milli \u015fair, devrimci, ulusal kahraman S\u00e1ndor Pet\u0151fi\u2019nin do\u011fumun 200. y\u0131l\u0131 vesilesiyle, \u015fairin 200\u2019den fazla \u015fiiri bir araya getirildi ve her biri Macarca asl\u0131ndan \u00e7evrildi. Macar K\u00fclt\u00fcr Vakf\u0131\u2019n\u0131n deste\u011fi ve \u00e7ok say\u0131da ismin \u00f6zenli eme\u011fi sonucunda ortaya konan bu kitap, Pet\u0151fi\u2019nin \u015fiirlerinin T\u00fcrk\u00e7edeki en g\u00fcncel ve kapsaml\u0131 se\u00e7kisini i\u00e7eriyor. Bu se\u00e7ki, yirmi alt\u0131 y\u0131ll\u0131k k\u0131sa ya\u015fam\u0131na bine yak\u0131n \u015fiir s\u0131\u011fd\u0131ran, Macar dili ve edebiyat\u0131 \u00fczerindeki etkisini h\u00e2l\u00e2 s\u00fcrd\u00fcren, Segesv\u00e1r Sava\u015f\u0131\u2019n\u0131n ard\u0131ndan aniden ortadan kaybolarak bir t\u00fcr efsane haline gelen bu etkileyici \u015fairi tan\u0131mak ve ke\u015ffetmek isteyenlere i\u00e7ten bir \u00e7a\u011fr\u0131. <\/p>\n","protected":false},"excerpt":{"rendered":"<p>Milli \u015fair, devrimci, ulusal kahraman S\u00e1ndor Pet\u0151fi\u2019nin do\u011fumun 200. y\u0131l\u0131 vesilesiyle, \u015fairin 200\u2019den fazla \u015fiiri bir araya getirildi ve her biri Macarca asl\u0131ndan \u00e7evrildi. Macar K\u00fclt\u00fcr<span class=\"excerpt-hellip\"> [\u2026]<\/span><\/p>\n","protected":false},"featured_media":0,"template":"","meta":{"_monsterinsights_skip_tracking":false,"_monsterinsights_sitenote_active":false,"_monsterinsights_sitenote_note":"","_monsterinsights_sitenote_category":0},"product_brand":[],"product_cat":[12291,12509],"product_tag":[],"class_list":{"0":"post-753676","1":"product","2":"type-product","3":"status-publish","5":"product_cat-edebiyat","6":"product_cat-siir","7":"pa_cilt-ciltsiz","8":"pa_tur-kitap","9":"pa_yayinevi-everest-yayinlari","10":"pa_yazar-sandor-petofi","12":"first","13":"instock","14":"sale","15":"shipping-taxable","16":"purchasable","17":"product-type-simple"},"_links":{"self":[{"href":"https:\/\/roveyayinevi.com.tr\/index.php\/wp-json\/wp\/v2\/product\/753676","targetHints":{"allow":["GET"]}}],"collection":[{"href":"https:\/\/roveyayinevi.com.tr\/index.php\/wp-json\/wp\/v2\/product"}],"about":[{"href":"https:\/\/roveyayinevi.com.tr\/index.php\/wp-json\/wp\/v2\/types\/product"}],"wp:attachment":[{"href":"https:\/\/roveyayinevi.com.tr\/index.php\/wp-json\/wp\/v2\/media?parent=753676"}],"wp:term":[{"taxonomy":"product_brand","embeddable":true,"href":"https:\/\/roveyayinevi.com.tr\/index.php\/wp-json\/wp\/v2\/product_brand?post=753676"},{"taxonomy":"product_cat","embeddable":true,"href":"https:\/\/roveyayinevi.com.tr\/index.php\/wp-json\/wp\/v2\/product_cat?post=753676"},{"taxonomy":"product_tag","embeddable":true,"href":"https:\/\/roveyayinevi.com.tr\/index.php\/wp-json\/wp\/v2\/product_tag?post=753676"}],"curies":[{"name":"wp","href":"https:\/\/api.w.org\/{rel}","templated":true}]}}