{"id":753675,"date":"2025-08-28T05:49:49","date_gmt":"2025-08-28T02:49:49","guid":{"rendered":"https:\/\/roveyayinevi.com.tr\/index.php\/urun\/kelimeler-beyninizi-degistirebilir\/"},"modified":"2026-04-11T14:22:56","modified_gmt":"2026-04-11T11:22:56","slug":"kelimeler-beyninizi-degistirebilir","status":"publish","type":"product","link":"https:\/\/roveyayinevi.com.tr\/index.php\/urun\/kelimeler-beyninizi-degistirebilir\/","title":{"rendered":"Kelimeler Beyninizi De\u011fi\u015ftirebilir"},"content":{"rendered":"<p>Herhangi bir konu\u015fmay\u0131 etkili bir h\u00e2le getirmek i\u00e7in beyni de\u011fi\u015ftiren yeni bir strateji! Bu g\u00fc\u00e7l\u00fc kitapta, n\u00f6robilimci Dr. Andrew Newberg ve ileti\u015fim uzman\u0131 Mark Robert Waldman, dilin insan beyni \u00fczerindeki etkisini derinlemesine inceliyor. Kelimelerin g\u00fcc\u00fcn\u00fc ke\u015ffeden yazarlar, insanlar\u0131n nas\u0131l d\u00fc\u015f\u00fcnd\u00fc\u011f\u00fcne, hissetti\u011fine ve davrand\u0131\u011f\u0131na ba\u011fl\u0131 olarak onlar\u0131 d\u00f6n\u00fc\u015ft\u00fcrebilecek sihirli ifadelerin nas\u0131l kullan\u0131labilece\u011fini ortaya koyuyor. N\u00f6roloji ve ileti\u015fim bilimlerinin g\u00fc\u00e7l\u00fc bir birle\u015fimi olan bu kitapta, beynin karma\u015f\u0131k i\u015fleyi\u015fini anlamak i\u00e7in bilimsel \u00e7al\u0131\u015fmalardan \u00f6rnekler ve ayn\u0131 zamanda, g\u00fcnl\u00fck ya\u015fant\u0131m\u0131zda etkili bir \u015fekilde ileti\u015fim kurabilmek i\u00e7in kelimeleri nas\u0131l se\u00e7ip kullanmam\u0131z gerekti\u011fi \u00fczerine pratik ipu\u00e7lar\u0131 sunuluyor. Kelimeler Beyninizi De\u011fi\u015ftirebilir, her ya\u015ftan okuyucunun beyin ve dil aras\u0131ndaki ili\u015fkiyi anlamas\u0131na ve etkili ileti\u015fim becerileri geli\u015ftirmesine yard\u0131mc\u0131 olacak bilgilerle dolu bir rehberdir. Bu kitap, kelimelerin g\u00fcc\u00fcn\u00fc kavramak ve hayat\u0131n\u0131 daha anlaml\u0131 k\u0131lmak ve pozitif y\u00f6nde \u015fekillendirmek isteyen herkes i\u00e7in vazge\u00e7ilmez bir kaynak.<\/p>\n","protected":false},"excerpt":{"rendered":"<p>Herhangi bir konu\u015fmay\u0131 etkili bir h\u00e2le getirmek i\u00e7in beyni de\u011fi\u015ftiren yeni bir strateji! Bu g\u00fc\u00e7l\u00fc kitapta, n\u00f6robilimci Dr. Andrew Newberg ve ileti\u015fim uzman\u0131 Mark Robert Waldman,<span class=\"excerpt-hellip\"> [\u2026]<\/span><\/p>\n","protected":false},"featured_media":0,"template":"","meta":{"_monsterinsights_skip_tracking":false,"_monsterinsights_sitenote_active":false,"_monsterinsights_sitenote_note":"","_monsterinsights_sitenote_category":0},"product_brand":[],"product_cat":[12364,12376],"product_tag":[],"class_list":{"0":"post-753675","1":"product","2":"type-product","3":"status-publish","5":"product_cat-genel-konular","6":"product_cat-kisisel-gelisim","7":"pa_cilt-ciltsiz","8":"pa_tur-kitap","9":"pa_yayinevi-sola-unitas","10":"pa_yazar-andrew-newberg-mark-robert-waldman","12":"first","13":"instock","14":"sale","15":"shipping-taxable","16":"purchasable","17":"product-type-simple"},"_links":{"self":[{"href":"https:\/\/roveyayinevi.com.tr\/index.php\/wp-json\/wp\/v2\/product\/753675","targetHints":{"allow":["GET"]}}],"collection":[{"href":"https:\/\/roveyayinevi.com.tr\/index.php\/wp-json\/wp\/v2\/product"}],"about":[{"href":"https:\/\/roveyayinevi.com.tr\/index.php\/wp-json\/wp\/v2\/types\/product"}],"wp:attachment":[{"href":"https:\/\/roveyayinevi.com.tr\/index.php\/wp-json\/wp\/v2\/media?parent=753675"}],"wp:term":[{"taxonomy":"product_brand","embeddable":true,"href":"https:\/\/roveyayinevi.com.tr\/index.php\/wp-json\/wp\/v2\/product_brand?post=753675"},{"taxonomy":"product_cat","embeddable":true,"href":"https:\/\/roveyayinevi.com.tr\/index.php\/wp-json\/wp\/v2\/product_cat?post=753675"},{"taxonomy":"product_tag","embeddable":true,"href":"https:\/\/roveyayinevi.com.tr\/index.php\/wp-json\/wp\/v2\/product_tag?post=753675"}],"curies":[{"name":"wp","href":"https:\/\/api.w.org\/{rel}","templated":true}]}}